{"id":14258,"date":"2025-02-11T14:41:15","date_gmt":"2025-02-11T11:41:15","guid":{"rendered":"https:\/\/ceoparts.com\/?post_type=product&#038;p=14258"},"modified":"2026-05-17T03:50:11","modified_gmt":"2026-05-17T00:50:11","slug":"albright-sw60b-8-48v-kontaktor","status":"publish","type":"product","link":"https:\/\/ceoparts.com\/de\/urun\/albright-sw60b-8-48v-kontaktor\/","title":{"rendered":"Albright SW60B-8 48V Sch\u00fctz"},"content":{"rendered":"<p>Albright SW60B-8 48V Sch\u00fctz<\/p>","protected":false},"excerpt":{"rendered":"<p data-start=\"140\" data-end=\"417\"><br data-start=\"1400\" data-end=\"1403\" \/>Der Albright SW60B-8 48V Kontaktor wurde f\u00fcr die sichere und schnelle Steuerung von Niederspannungsstromkreisen in Gabelstaplern und Industriefahrzeugen entwickelt. Mit seiner kompakten und robusten Bauweise bietet er eine langlebige und unterbrechungsfreie Leistung.<\/p>\n<p data-start=\"1672\" data-end=\"2015\"><strong data-start=\"1672\" data-end=\"1690\">Eigenschaften:<\/strong><br data-start=\"1690\" data-end=\"1693\" \/><strong data-start=\"1693\" data-end=\"1709\">Produktname:<\/strong> Albright SW60B-8 48V Kontaktor<br data-start=\"1740\" data-end=\"1743\" \/><strong data-start=\"1743\" data-end=\"1759\">Teilenummer:<\/strong> SW60B-8 48V<br data-start=\"1771\" data-end=\"1774\" \/><strong data-start=\"1774\" data-end=\"1787\">Material:<\/strong> Hochleitf\u00e4hige Kupferanschl\u00fcsse und schlagfestes Kunststoffgeh\u00e4use<br data-start=\"1854\" data-end=\"1857\" \/><strong data-start=\"1857\" data-end=\"1876\">Einsatzbereich:<\/strong> Niederspannungsstromkreise in Gabelstaplern und Arbeitsmaschinen<br data-start=\"1941\" data-end=\"1944\" \/><strong data-start=\"1944\" data-end=\"1956\">Vorteil:<\/strong> Sichere Steuerung, schnelle Reaktion und lange Lebensdauer<\/p>\n<p data-start=\"2017\" data-end=\"2291\">\n","protected":false},"featured_media":14260,"template":"","meta":[],"product_brand":[],"product_cat":[462],"product_tag":[],"class_list":{"0":"post-14258","1":"product","2":"type-product","3":"status-publish","4":"has-post-thumbnail","6":"product_cat-kontaktorler","8":"first","9":"instock","10":"taxable","11":"shipping-taxable","12":"purchasable","13":"product-type-simple"},"_links":{"self":[{"href":"https:\/\/ceoparts.com\/de\/wp-json\/wp\/v2\/product\/14258","targetHints":{"allow":["GET"]}}],"collection":[{"href":"https:\/\/ceoparts.com\/de\/wp-json\/wp\/v2\/product"}],"about":[{"href":"https:\/\/ceoparts.com\/de\/wp-json\/wp\/v2\/types\/product"}],"wp:featuredmedia":[{"embeddable":true,"href":"https:\/\/ceoparts.com\/de\/wp-json\/wp\/v2\/media\/14260"}],"wp:attachment":[{"href":"https:\/\/ceoparts.com\/de\/wp-json\/wp\/v2\/media?parent=14258"}],"wp:term":[{"taxonomy":"product_brand","embeddable":true,"href":"https:\/\/ceoparts.com\/de\/wp-json\/wp\/v2\/product_brand?post=14258"},{"taxonomy":"product_cat","embeddable":true,"href":"https:\/\/ceoparts.com\/de\/wp-json\/wp\/v2\/product_cat?post=14258"},{"taxonomy":"product_tag","embeddable":true,"href":"https:\/\/ceoparts.com\/de\/wp-json\/wp\/v2\/product_tag?post=14258"}],"curies":[{"name":"wp","href":"https:\/\/api.w.org\/{rel}","templated":true}]}}