{"id":14288,"date":"2025-02-11T16:08:16","date_gmt":"2025-02-11T13:08:16","guid":{"rendered":"https:\/\/ceoparts.com\/?post_type=product&#038;p=14288"},"modified":"2026-05-17T05:01:08","modified_gmt":"2026-05-17T02:01:08","slug":"still-rx-ana-kontaktor-0356162","status":"publish","type":"product","link":"https:\/\/ceoparts.com\/de\/urun\/still-rx-ana-kontaktor-0356162\/","title":{"rendered":"Still Rx Hauptsch\u00fctz &#8211; 0356162"},"content":{"rendered":"<p>Still Rx Hauptsch\u00fctz &#8211; 0356162<\/p>","protected":false},"excerpt":{"rendered":"<p data-start=\"134\" data-end=\"393\"><br data-start=\"1286\" data-end=\"1289\" \/>Der Still Rx Hauptkontaktor wird verwendet, um den sicheren und unterbrechungsfreien Betrieb des Stromkreises in Gabelstaplern und Arbeitsmaschinen zu gew\u00e4hrleisten. Mit seiner hohen Strombelastbarkeit und robusten Bauweise bietet er eine langlebige Leistung unter anspruchsvollen Bedingungen.<\/p>\n<p data-start=\"1584\" data-end=\"1889\"><strong data-start=\"1584\" data-end=\"1602\">Eigenschaften:<\/strong><br data-start=\"1602\" data-end=\"1605\" \/><strong data-start=\"1605\" data-end=\"1621\">Produktname:<\/strong> Still Rx Hauptkontaktor<br data-start=\"1645\" data-end=\"1648\" \/><strong data-start=\"1648\" data-end=\"1664\">Teilenummer:<\/strong> 0356162<br data-start=\"1672\" data-end=\"1675\" \/><strong data-start=\"1675\" data-end=\"1688\">Material:<\/strong> Hochleitf\u00e4hige Kupferanschl\u00fcsse und schlagfestes Kunststoffgeh\u00e4use<br data-start=\"1755\" data-end=\"1758\" \/><strong data-start=\"1758\" data-end=\"1777\">Einsatzbereich:<\/strong> Hauptstromkreise von Gabelstaplern<br data-start=\"1812\" data-end=\"1815\" \/><strong data-start=\"1815\" data-end=\"1827\">Vorteil:<\/strong> Hohe Stromfestigkeit, sichere Steuerung und lange Lebensdauer<\/p>\n<p data-start=\"1891\" data-end=\"2183\">\n","protected":false},"featured_media":14290,"template":"","meta":[],"product_brand":[],"product_cat":[241,462,524],"product_tag":[],"class_list":{"0":"post-14288","1":"product","2":"type-product","3":"status-publish","4":"has-post-thumbnail","6":"product_cat-still","7":"product_cat-kontaktorler","8":"product_cat-yedek-parca-still","10":"first","11":"instock","12":"taxable","13":"shipping-taxable","14":"purchasable","15":"product-type-simple"},"_links":{"self":[{"href":"https:\/\/ceoparts.com\/de\/wp-json\/wp\/v2\/product\/14288","targetHints":{"allow":["GET"]}}],"collection":[{"href":"https:\/\/ceoparts.com\/de\/wp-json\/wp\/v2\/product"}],"about":[{"href":"https:\/\/ceoparts.com\/de\/wp-json\/wp\/v2\/types\/product"}],"wp:featuredmedia":[{"embeddable":true,"href":"https:\/\/ceoparts.com\/de\/wp-json\/wp\/v2\/media\/14290"}],"wp:attachment":[{"href":"https:\/\/ceoparts.com\/de\/wp-json\/wp\/v2\/media?parent=14288"}],"wp:term":[{"taxonomy":"product_brand","embeddable":true,"href":"https:\/\/ceoparts.com\/de\/wp-json\/wp\/v2\/product_brand?post=14288"},{"taxonomy":"product_cat","embeddable":true,"href":"https:\/\/ceoparts.com\/de\/wp-json\/wp\/v2\/product_cat?post=14288"},{"taxonomy":"product_tag","embeddable":true,"href":"https:\/\/ceoparts.com\/de\/wp-json\/wp\/v2\/product_tag?post=14288"}],"curies":[{"name":"wp","href":"https:\/\/api.w.org\/{rel}","templated":true}]}}