{"id":14320,"date":"2025-02-11T17:13:46","date_gmt":"2025-02-11T14:13:46","guid":{"rendered":"https:\/\/ceoparts.com\/?post_type=product&#038;p=14320"},"modified":"2026-05-03T15:25:45","modified_gmt":"2026-05-03T12:25:45","slug":"albright-kontaktor-dc88-1-24v","status":"publish","type":"product","link":"https:\/\/ceoparts.com\/de\/urun\/albright-kontaktor-dc88-1-24v\/","title":{"rendered":"Albright Sch\u00fctz \u2013 DC88-1 24V"},"content":{"rendered":"<p>Albright Sch\u00fctz \u2013 DC88-1 24V<\/p>","protected":false},"excerpt":{"rendered":"<p data-start=\"116\" data-end=\"426\"><br data-start=\"1364\" data-end=\"1367\" \/>Der Albright Kontaktor DC88-1 24V sorgt f\u00fcr eine sichere, schnelle und stabile Steuerung von Stromkreisen in Gabelstaplern und Industriefahrzeugen. Mit seiner hohen Strombelastbarkeit und robusten Bauweise gew\u00e4hrleistet er eine lange und unterbrechungsfreie Leistung. Weit verbreitet in Maschinen und Energiesystemen.<\/p>\n<p data-start=\"1686\" data-end=\"2016\"><strong data-start=\"1686\" data-end=\"1704\">Eigenschaften:<\/strong><br data-start=\"1704\" data-end=\"1707\" \/><strong data-start=\"1707\" data-end=\"1723\">Produktname:<\/strong> Albright Kontaktor<br data-start=\"1742\" data-end=\"1745\" \/><strong data-start=\"1745\" data-end=\"1761\">Teilenummer:<\/strong> DC88-1 24V<br data-start=\"1772\" data-end=\"1775\" \/><strong data-start=\"1775\" data-end=\"1788\">Material:<\/strong> Hochleitf\u00e4hige Kupferanschl\u00fcsse und robustes Kunststoffgeh\u00e4use<br data-start=\"1851\" data-end=\"1854\" \/><strong data-start=\"1854\" data-end=\"1873\">Einsatzbereich:<\/strong> Elektrische Stromkreise von Gabelstaplern und Industriefahrzeugen<br data-start=\"1939\" data-end=\"1942\" \/><strong data-start=\"1942\" data-end=\"1954\">Vorteil:<\/strong> Hohe Stromfestigkeit, sichere Steuerung und lange Lebensdauer<\/p>\n<p data-start=\"2018\" data-end=\"2330\">\n","protected":false},"featured_media":14322,"template":"","meta":[],"product_brand":[],"product_cat":[462],"product_tag":[],"class_list":{"0":"post-14320","1":"product","2":"type-product","3":"status-publish","4":"has-post-thumbnail","6":"product_cat-kontaktorler","8":"first","9":"instock","10":"taxable","11":"shipping-taxable","12":"purchasable","13":"product-type-simple"},"_links":{"self":[{"href":"https:\/\/ceoparts.com\/de\/wp-json\/wp\/v2\/product\/14320","targetHints":{"allow":["GET"]}}],"collection":[{"href":"https:\/\/ceoparts.com\/de\/wp-json\/wp\/v2\/product"}],"about":[{"href":"https:\/\/ceoparts.com\/de\/wp-json\/wp\/v2\/types\/product"}],"wp:featuredmedia":[{"embeddable":true,"href":"https:\/\/ceoparts.com\/de\/wp-json\/wp\/v2\/media\/14322"}],"wp:attachment":[{"href":"https:\/\/ceoparts.com\/de\/wp-json\/wp\/v2\/media?parent=14320"}],"wp:term":[{"taxonomy":"product_brand","embeddable":true,"href":"https:\/\/ceoparts.com\/de\/wp-json\/wp\/v2\/product_brand?post=14320"},{"taxonomy":"product_cat","embeddable":true,"href":"https:\/\/ceoparts.com\/de\/wp-json\/wp\/v2\/product_cat?post=14320"},{"taxonomy":"product_tag","embeddable":true,"href":"https:\/\/ceoparts.com\/de\/wp-json\/wp\/v2\/product_tag?post=14320"}],"curies":[{"name":"wp","href":"https:\/\/api.w.org\/{rel}","templated":true}]}}