{"id":14337,"date":"2025-02-11T17:41:13","date_gmt":"2025-02-11T14:41:13","guid":{"rendered":"https:\/\/ceoparts.com\/?post_type=product&#038;p=14337"},"modified":"2026-05-16T22:10:48","modified_gmt":"2026-05-16T19:10:48","slug":"albright-kontaktor-ru280b-5166p","status":"publish","type":"product","link":"https:\/\/ceoparts.com\/de\/urun\/albright-kontaktor-ru280b-5166p\/","title":{"rendered":"Albright Sch\u00fctz &#8211; RU280B-5166P"},"content":{"rendered":"<p>Albright Sch\u00fctz &#8211; RU280B-5166P<\/p>","protected":false},"excerpt":{"rendered":"<p data-start=\"119\" data-end=\"398\"><br data-start=\"1347\" data-end=\"1350\" \/>Der Albright Kontaktor RU280B-5166P wurde f\u00fcr die sichere und schnelle Steuerung von Stromkreisen in Gabelstaplern und Industriefahrzeugen entwickelt. Dank seiner hohen Strombelastbarkeit und robusten Bauweise bietet er zuverl\u00e4ssige und langlebige Leistung unter anspruchsvollen Arbeitsbedingungen.<\/p>\n<p data-start=\"1650\" data-end=\"1990\"><strong data-start=\"1650\" data-end=\"1668\">Eigenschaften:<\/strong><br data-start=\"1668\" data-end=\"1671\" \/><strong data-start=\"1671\" data-end=\"1687\">Produktname:<\/strong> Albright Kontaktor<br data-start=\"1706\" data-end=\"1709\" \/><strong data-start=\"1709\" data-end=\"1725\">Teilenummer:<\/strong> RU280B-5166P<br data-start=\"1738\" data-end=\"1741\" \/><strong data-start=\"1741\" data-end=\"1754\">Material:<\/strong> Hochleitf\u00e4hige Kupferanschl\u00fcsse und robustes Verbundgeh\u00e4use<br data-start=\"1814\" data-end=\"1817\" \/><strong data-start=\"1817\" data-end=\"1836\">Einsatzbereich:<\/strong> Elektrische Stromkreise von Gabelstaplern und Industriefahrzeugen<br data-start=\"1902\" data-end=\"1905\" \/><strong data-start=\"1905\" data-end=\"1917\">Vorteil:<\/strong> Hohe Stromfestigkeit, schnelles Schalten und langfristig sichere Nutzung<\/p>\n<p data-start=\"1992\" data-end=\"2322\">\n","protected":false},"featured_media":14344,"template":"","meta":[],"product_brand":[],"product_cat":[462],"product_tag":[],"class_list":{"0":"post-14337","1":"product","2":"type-product","3":"status-publish","4":"has-post-thumbnail","6":"product_cat-kontaktorler","8":"first","9":"instock","10":"taxable","11":"shipping-taxable","12":"purchasable","13":"product-type-simple"},"_links":{"self":[{"href":"https:\/\/ceoparts.com\/de\/wp-json\/wp\/v2\/product\/14337","targetHints":{"allow":["GET"]}}],"collection":[{"href":"https:\/\/ceoparts.com\/de\/wp-json\/wp\/v2\/product"}],"about":[{"href":"https:\/\/ceoparts.com\/de\/wp-json\/wp\/v2\/types\/product"}],"wp:featuredmedia":[{"embeddable":true,"href":"https:\/\/ceoparts.com\/de\/wp-json\/wp\/v2\/media\/14344"}],"wp:attachment":[{"href":"https:\/\/ceoparts.com\/de\/wp-json\/wp\/v2\/media?parent=14337"}],"wp:term":[{"taxonomy":"product_brand","embeddable":true,"href":"https:\/\/ceoparts.com\/de\/wp-json\/wp\/v2\/product_brand?post=14337"},{"taxonomy":"product_cat","embeddable":true,"href":"https:\/\/ceoparts.com\/de\/wp-json\/wp\/v2\/product_cat?post=14337"},{"taxonomy":"product_tag","embeddable":true,"href":"https:\/\/ceoparts.com\/de\/wp-json\/wp\/v2\/product_tag?post=14337"}],"curies":[{"name":"wp","href":"https:\/\/api.w.org\/{rel}","templated":true}]}}