{"id":14364,"date":"2025-02-12T09:45:45","date_gmt":"2025-02-12T06:45:45","guid":{"rendered":"https:\/\/ceoparts.com\/?post_type=product&#038;p=14364"},"modified":"2026-05-16T17:22:31","modified_gmt":"2026-05-16T14:22:31","slug":"kontaktor-sw200-460-80v-400a","status":"publish","type":"product","link":"https:\/\/ceoparts.com\/de\/urun\/kontaktor-sw200-460-80v-400a\/","title":{"rendered":"Sch\u00fctz SW200-460 80V 400A"},"content":{"rendered":"<p>Sch\u00fctz SW200-460 80V 400A<\/p>","protected":false},"excerpt":{"rendered":"<p data-start=\"126\" data-end=\"420\"><br data-start=\"1363\" data-end=\"1366\" \/>Der Kontaktor SW200-460 80V 400A wurde entwickelt, um ein sicheres und schnelles Schalten von Stromkreisen in Gabelstaplern und Industriefahrzeugen zu gew\u00e4hrleisten. Seine hohe Spannungs- und Strombelastbarkeit erh\u00f6ht die Systemsicherheit und die robuste Bauweise sorgt f\u00fcr eine lange Lebensdauer.<\/p>\n<p data-start=\"1665\" data-end=\"2007\"><strong data-start=\"1665\" data-end=\"1683\">Eigenschaften:<\/strong><br data-start=\"1683\" data-end=\"1686\" \/><strong data-start=\"1686\" data-end=\"1702\">Produktname:<\/strong> Kontaktor SW200-460 80V 400A<br data-start=\"1731\" data-end=\"1734\" \/><strong data-start=\"1734\" data-end=\"1750\">Teilenummer:<\/strong> SW200-460<br data-start=\"1760\" data-end=\"1763\" \/><strong data-start=\"1763\" data-end=\"1776\">Material:<\/strong> Hochleitf\u00e4hige Kupferanschl\u00fcsse und robustes Verbundgeh\u00e4use<br data-start=\"1836\" data-end=\"1839\" \/><strong data-start=\"1839\" data-end=\"1858\">Einsatzbereich:<\/strong> Elektrische Stromkreise von Gabelstaplern und Industriefahrzeugen<br data-start=\"1924\" data-end=\"1927\" \/><strong data-start=\"1927\" data-end=\"1939\">Vorteil:<\/strong> Hohe Spannungs- und Stromfestigkeit, sichere und langlebige Nutzung<\/p>\n<p data-start=\"2009\" data-end=\"2337\">\n","protected":false},"featured_media":14365,"template":"","meta":[],"product_brand":[],"product_cat":[462],"product_tag":[],"class_list":{"0":"post-14364","1":"product","2":"type-product","3":"status-publish","4":"has-post-thumbnail","6":"product_cat-kontaktorler","8":"first","9":"instock","10":"taxable","11":"shipping-taxable","12":"purchasable","13":"product-type-simple"},"_links":{"self":[{"href":"https:\/\/ceoparts.com\/de\/wp-json\/wp\/v2\/product\/14364","targetHints":{"allow":["GET"]}}],"collection":[{"href":"https:\/\/ceoparts.com\/de\/wp-json\/wp\/v2\/product"}],"about":[{"href":"https:\/\/ceoparts.com\/de\/wp-json\/wp\/v2\/types\/product"}],"wp:featuredmedia":[{"embeddable":true,"href":"https:\/\/ceoparts.com\/de\/wp-json\/wp\/v2\/media\/14365"}],"wp:attachment":[{"href":"https:\/\/ceoparts.com\/de\/wp-json\/wp\/v2\/media?parent=14364"}],"wp:term":[{"taxonomy":"product_brand","embeddable":true,"href":"https:\/\/ceoparts.com\/de\/wp-json\/wp\/v2\/product_brand?post=14364"},{"taxonomy":"product_cat","embeddable":true,"href":"https:\/\/ceoparts.com\/de\/wp-json\/wp\/v2\/product_cat?post=14364"},{"taxonomy":"product_tag","embeddable":true,"href":"https:\/\/ceoparts.com\/de\/wp-json\/wp\/v2\/product_tag?post=14364"}],"curies":[{"name":"wp","href":"https:\/\/api.w.org\/{rel}","templated":true}]}}