{"id":14397,"date":"2025-02-12T13:14:14","date_gmt":"2025-02-12T10:14:14","guid":{"rendered":"https:\/\/ceoparts.com\/?post_type=product&#038;p=14397"},"modified":"2026-05-16T17:56:59","modified_gmt":"2026-05-16T14:56:59","slug":"still-cx10m-fren-manyetigi-4492931","status":"publish","type":"product","link":"https:\/\/ceoparts.com\/de\/urun\/still-cx10m-fren-manyetigi-4492931\/","title":{"rendered":"Still CX10m Bremsmagnet &#8211; 4492931"},"content":{"rendered":"<p>Still CX10m Bremsmagnet &#8211; 4492931<\/p>","protected":false},"excerpt":{"rendered":"<p data-start=\"107\" data-end=\"396\"><br data-start=\"1296\" data-end=\"1299\" \/>Der Still CX10m Bremsmagnet wurde f\u00fcr zuverl\u00e4ssige und effektive Bremsleistung in Gabelstapler-Bremssystemen entwickelt. Die langlebige Konstruktion sorgt f\u00fcr eine lange Lebensdauer. Besonders unter schweren und anspruchsvollen Arbeitsbedingungen wird maximale Effizienz erzielt.<\/p>\n<p data-start=\"1580\" data-end=\"1891\"><strong data-start=\"1580\" data-end=\"1598\">Eigenschaften:<\/strong><br data-start=\"1598\" data-end=\"1601\" \/><strong data-start=\"1601\" data-end=\"1617\">Produktname:<\/strong> Still CX10m Bremsmagnet<br data-start=\"1641\" data-end=\"1644\" \/><strong data-start=\"1644\" data-end=\"1660\">Teilenummer:<\/strong> 4492931<br data-start=\"1668\" data-end=\"1671\" \/><strong data-start=\"1671\" data-end=\"1684\">Material:<\/strong> Hochfestes Metallgeh\u00e4use und Elektromagnetsystem<br data-start=\"1733\" data-end=\"1736\" \/><strong data-start=\"1736\" data-end=\"1755\">Einsatzbereich:<\/strong> Gabelstapler-Bremssysteme<br data-start=\"1781\" data-end=\"1784\" \/><strong data-start=\"1784\" data-end=\"1796\">Vorteil:<\/strong> Erh\u00f6ht die Bremsleistung durch langlebige Konstruktion und starke magnetische Anziehungskraft.<\/p>\n<p data-start=\"1893\" data-end=\"2213\">\n","protected":false},"featured_media":14398,"template":"","meta":[],"product_brand":[],"product_cat":[241,251,449,518,524],"product_tag":[],"class_list":{"0":"post-14397","1":"product","2":"type-product","3":"status-publish","4":"has-post-thumbnail","6":"product_cat-still","7":"product_cat-bt","8":"product_cat-fren-sistem-parcalari","9":"product_cat-yedek-parca-bt","10":"product_cat-yedek-parca-still","12":"first","13":"instock","14":"taxable","15":"shipping-taxable","16":"purchasable","17":"product-type-simple"},"_links":{"self":[{"href":"https:\/\/ceoparts.com\/de\/wp-json\/wp\/v2\/product\/14397","targetHints":{"allow":["GET"]}}],"collection":[{"href":"https:\/\/ceoparts.com\/de\/wp-json\/wp\/v2\/product"}],"about":[{"href":"https:\/\/ceoparts.com\/de\/wp-json\/wp\/v2\/types\/product"}],"wp:featuredmedia":[{"embeddable":true,"href":"https:\/\/ceoparts.com\/de\/wp-json\/wp\/v2\/media\/14398"}],"wp:attachment":[{"href":"https:\/\/ceoparts.com\/de\/wp-json\/wp\/v2\/media?parent=14397"}],"wp:term":[{"taxonomy":"product_brand","embeddable":true,"href":"https:\/\/ceoparts.com\/de\/wp-json\/wp\/v2\/product_brand?post=14397"},{"taxonomy":"product_cat","embeddable":true,"href":"https:\/\/ceoparts.com\/de\/wp-json\/wp\/v2\/product_cat?post=14397"},{"taxonomy":"product_tag","embeddable":true,"href":"https:\/\/ceoparts.com\/de\/wp-json\/wp\/v2\/product_tag?post=14397"}],"curies":[{"name":"wp","href":"https:\/\/api.w.org\/{rel}","templated":true}]}}