{"id":14424,"date":"2025-02-12T14:45:52","date_gmt":"2025-02-12T11:45:52","guid":{"rendered":"https:\/\/ceoparts.com\/?post_type=product&#038;p=14424"},"modified":"2026-05-16T11:48:57","modified_gmt":"2026-05-16T08:48:57","slug":"fren-manyetigi-bt-lpe-eski-tip-210462","status":"publish","type":"product","link":"https:\/\/ceoparts.com\/de\/urun\/fren-manyetigi-bt-lpe-eski-tip-210462\/","title":{"rendered":"Bremsmagnet &#8211; BT Lpe Alte Art &#8211; 210462"},"content":{"rendered":"<p>Bremsmagnet &#8211; BT Lpe Alte Art &#8211; 210462<\/p>","protected":false},"excerpt":{"rendered":"<p data-start=\"54\" data-end=\"282\"><br data-start=\"1022\" data-end=\"1025\" \/>Der <strong data-start=\"1029\" data-end=\"1074\">Bremsmagnet Teleco BT LPE Alte Ausf\u00fchrung<\/strong> ist ein magnetisches Bauteil, das in den Bremssystemen von BT LPE Gabelstaplern verwendet wird. Er gew\u00e4hrleistet eine sichere und ordnungsgem\u00e4\u00dfe Bremsbet\u00e4tigung. Seine langlebige Konstruktion bietet eine lange Lebensdauer.<\/p>\n<p data-start=\"1299\" data-end=\"1582\"><strong data-start=\"1299\" data-end=\"1317\">Eigenschaften:<\/strong><br data-start=\"1317\" data-end=\"1320\" \/><strong data-start=\"1320\" data-end=\"1336\">Produktname:<\/strong> Bremsmagnet Teleco BT LPE Alte Ausf\u00fchrung<br data-start=\"1378\" data-end=\"1381\" \/><strong data-start=\"1381\" data-end=\"1397\">Teilenummer:<\/strong> 210462<br data-start=\"1404\" data-end=\"1407\" \/><strong data-start=\"1407\" data-end=\"1420\">Material:<\/strong> Magnetische Metalllegierung<br data-start=\"1448\" data-end=\"1451\" \/><strong data-start=\"1451\" data-end=\"1473\">Anwendungsbereich:<\/strong> Bremssysteme von BT LPE Gabelstaplern<br data-start=\"1511\" data-end=\"1514\" \/><strong data-start=\"1514\" data-end=\"1526\">Vorteil:<\/strong> Sichere Bremsung, hohe Haltbarkeit, lange Lebensdauer<\/p>\n<p data-start=\"1584\" data-end=\"1837\">\n","protected":false},"featured_media":14440,"template":"","meta":[],"product_brand":[],"product_cat":[251,449,518],"product_tag":[],"class_list":{"0":"post-14424","1":"product","2":"type-product","3":"status-publish","4":"has-post-thumbnail","6":"product_cat-bt","7":"product_cat-fren-sistem-parcalari","8":"product_cat-yedek-parca-bt","10":"first","11":"instock","12":"taxable","13":"shipping-taxable","14":"purchasable","15":"product-type-simple"},"_links":{"self":[{"href":"https:\/\/ceoparts.com\/de\/wp-json\/wp\/v2\/product\/14424","targetHints":{"allow":["GET"]}}],"collection":[{"href":"https:\/\/ceoparts.com\/de\/wp-json\/wp\/v2\/product"}],"about":[{"href":"https:\/\/ceoparts.com\/de\/wp-json\/wp\/v2\/types\/product"}],"wp:featuredmedia":[{"embeddable":true,"href":"https:\/\/ceoparts.com\/de\/wp-json\/wp\/v2\/media\/14440"}],"wp:attachment":[{"href":"https:\/\/ceoparts.com\/de\/wp-json\/wp\/v2\/media?parent=14424"}],"wp:term":[{"taxonomy":"product_brand","embeddable":true,"href":"https:\/\/ceoparts.com\/de\/wp-json\/wp\/v2\/product_brand?post=14424"},{"taxonomy":"product_cat","embeddable":true,"href":"https:\/\/ceoparts.com\/de\/wp-json\/wp\/v2\/product_cat?post=14424"},{"taxonomy":"product_tag","embeddable":true,"href":"https:\/\/ceoparts.com\/de\/wp-json\/wp\/v2\/product_tag?post=14424"}],"curies":[{"name":"wp","href":"https:\/\/api.w.org\/{rel}","templated":true}]}}