{"id":14465,"date":"2025-02-12T16:03:27","date_gmt":"2025-02-12T13:03:27","guid":{"rendered":"https:\/\/ceoparts.com\/?post_type=product&#038;p=14465"},"modified":"2026-05-16T10:46:26","modified_gmt":"2026-05-16T07:46:26","slug":"grammer-sirt-minderi-52029895","status":"publish","type":"product","link":"https:\/\/ceoparts.com\/de\/urun\/grammer-sirt-minderi-52029895\/","title":{"rendered":"Grammer R\u00fcckenpolster &#8211; 52029895"},"content":{"rendered":"<p>Grammer R\u00fcckenpolster &#8211; 52029895<\/p>","protected":false},"excerpt":{"rendered":"<p data-start=\"54\" data-end=\"334\"><br data-start=\"1141\" data-end=\"1144\" \/>Das <strong data-start=\"1148\" data-end=\"1173\">Grammer R\u00fcckenpolster<\/strong> ist ein ergonomisches und langlebiges Polster, das die R\u00fcckenst\u00fctze f\u00fcr Fahrer von Gabelstaplern und Industriemaschinen verbessert. Hergestellt aus hochwertigen Materialien bietet es Komfort bei l\u00e4ngerer Nutzung und reduziert das Risiko von R\u00fcckenschmerzen.<\/p>\n<p data-start=\"1433\" data-end=\"1744\"><strong data-start=\"1433\" data-end=\"1451\">Eigenschaften:<\/strong><br data-start=\"1451\" data-end=\"1454\" \/><strong data-start=\"1454\" data-end=\"1470\">Produktname:<\/strong> Grammer R\u00fcckenpolster<br data-start=\"1492\" data-end=\"1495\" \/><strong data-start=\"1495\" data-end=\"1511\">Teilenummer:<\/strong> 52029895<br data-start=\"1520\" data-end=\"1523\" \/><strong data-start=\"1523\" data-end=\"1536\">Material:<\/strong> Langlebige ergonomische Schaumstoffpolsterung<br data-start=\"1582\" data-end=\"1585\" \/><strong data-start=\"1585\" data-end=\"1607\">Anwendungsbereich:<\/strong> Fahrersitze von Gabelstaplern und Industriemaschinen<br data-start=\"1660\" data-end=\"1663\" \/><strong data-start=\"1663\" data-end=\"1675\">Vorteil:<\/strong> Ergonomische Unterst\u00fctzung, lange Lebensdauer, komfortable Nutzung<\/p>\n<p data-start=\"1746\" data-end=\"2045\">\n","protected":false},"featured_media":14466,"template":"","meta":[],"product_brand":[],"product_cat":[468],"product_tag":[],"class_list":{"0":"post-14465","1":"product","2":"type-product","3":"status-publish","4":"has-post-thumbnail","6":"product_cat-operator-koltuklari","8":"first","9":"instock","10":"taxable","11":"shipping-taxable","12":"purchasable","13":"product-type-simple"},"_links":{"self":[{"href":"https:\/\/ceoparts.com\/de\/wp-json\/wp\/v2\/product\/14465","targetHints":{"allow":["GET"]}}],"collection":[{"href":"https:\/\/ceoparts.com\/de\/wp-json\/wp\/v2\/product"}],"about":[{"href":"https:\/\/ceoparts.com\/de\/wp-json\/wp\/v2\/types\/product"}],"wp:featuredmedia":[{"embeddable":true,"href":"https:\/\/ceoparts.com\/de\/wp-json\/wp\/v2\/media\/14466"}],"wp:attachment":[{"href":"https:\/\/ceoparts.com\/de\/wp-json\/wp\/v2\/media?parent=14465"}],"wp:term":[{"taxonomy":"product_brand","embeddable":true,"href":"https:\/\/ceoparts.com\/de\/wp-json\/wp\/v2\/product_brand?post=14465"},{"taxonomy":"product_cat","embeddable":true,"href":"https:\/\/ceoparts.com\/de\/wp-json\/wp\/v2\/product_cat?post=14465"},{"taxonomy":"product_tag","embeddable":true,"href":"https:\/\/ceoparts.com\/de\/wp-json\/wp\/v2\/product_tag?post=14465"}],"curies":[{"name":"wp","href":"https:\/\/api.w.org\/{rel}","templated":true}]}}