{"id":14505,"date":"2025-02-13T14:36:19","date_gmt":"2025-02-13T11:36:19","guid":{"rendered":"https:\/\/ceoparts.com\/?post_type=product&#038;p=14505"},"modified":"2026-05-16T06:10:24","modified_gmt":"2026-05-16T03:10:24","slug":"28x75x24-asansor-rulmani-51300548","status":"publish","type":"product","link":"https:\/\/ceoparts.com\/de\/urun\/28x75x24-asansor-rulmani-51300548\/","title":{"rendered":"28x75x24 Aufzugslager &#8211; 51300548"},"content":{"rendered":"<p>28x75x24 Aufzugslager &#8211; 51300548<\/p>\n<p>75,5x28x24 Jungheinrich 51300548<\/p>\n<table border=\"0\" width=\"262\" cellspacing=\"0\" cellpadding=\"0\">\n<colgroup>\n<col width=\"173\" \/>\n<col width=\"89\" \/><\/colgroup>\n<tbody>\n<tr>\n<td width=\"173\" height=\"19\">EFG 535k-S50<\/td>\n<td width=\"89\">6.14 &#8211; 12.16<\/td>\n<\/tr>\n<tr>\n<td height=\"19\">DFG 316<\/td>\n<td>5.14 &#8211; 7.16<\/td>\n<\/tr>\n<tr>\n<td height=\"19\">DFG 320<\/td>\n<td>5.14 &#8211; 7.16<\/td>\n<\/tr>\n<tr>\n<td height=\"19\">TFG 316<\/td>\n<td>5.14 &#8211; 7.16<\/td>\n<\/tr>\n<tr>\n<td height=\"19\">DFG 316s<\/td>\n<td>10.14 &#8211; 9.17<\/td>\n<\/tr>\n<tr>\n<td height=\"19\">TFG 316s<\/td>\n<td>10.14 &#8211; 9.17<\/td>\n<\/tr>\n<tr>\n<td height=\"19\">EFG 213 &#8211; 220<\/td>\n<td>9.14 &#8211; 12.16<\/td>\n<\/tr>\n<tr>\n<td height=\"19\">2ET2500-2ET4000<\/td>\n<td>9.14 &#8211; 12.16<\/td>\n<\/tr>\n<tr>\n<td height=\"19\">EFG 213 &#8211; 220 (US)<\/td>\n<td>9.14 &#8211; 12.16<\/td>\n<\/tr>\n<tr>\n<td height=\"19\">EFG 316 &#8211; 320<\/td>\n<td>9.14 &#8211; 12.16<\/td>\n<\/tr>\n<tr>\n<td height=\"19\">EP3000-EP4000<\/td>\n<td>9.14 &#8211; 12.16<\/td>\n<\/tr>\n<tr>\n<td height=\"19\">EFG 316 &#8211; 320 (US)<\/td>\n<td>9.14 &#8211; 12.16<\/td>\n<\/tr>\n<tr>\n<td height=\"19\">EFG 213 &#8211; 220<\/td>\n<td>2.16 &#8211; 10.21<\/td>\n<\/tr>\n<tr>\n<td height=\"19\">2ET2500-2ET4000<\/td>\n<td>2.16 &#8211; 10.21<\/td>\n<\/tr>\n<tr>\n<td height=\"19\">EFG 213 &#8211; 220 (US)<\/td>\n<td>2.16 &#8211; 10.21<\/td>\n<\/tr>\n<tr>\n<td height=\"19\">EFG 316 &#8211; 320<\/td>\n<td>2.16 &#8211; 10.21<\/td>\n<\/tr>\n<tr>\n<td height=\"19\">EP3000-EP4000<\/td>\n<td>2.16 &#8211; 10.21<\/td>\n<\/tr>\n<tr>\n<td height=\"19\">EFG 316 &#8211; 320 (US)<\/td>\n<td>2.16 &#8211; 10.21<\/td>\n<\/tr>\n<tr>\n<td height=\"19\">DFG 316-320<\/td>\n<td>3.16 &#8211;<\/td>\n<\/tr>\n<tr>\n<td height=\"19\">TFG 316-320<\/td>\n<td>3.16 &#8211;<\/td>\n<\/tr>\n<tr>\n<td height=\"19\">DFG 3s<\/td>\n<td>6.17 &#8211; 4.20<\/td>\n<\/tr>\n<tr>\n<td height=\"19\">TFG 3s<\/td>\n<td>6.17 &#8211; 4.20<\/td>\n<\/tr>\n<tr>\n<td height=\"19\">DFG 3s<\/td>\n<td>8.21 &#8211;<\/td>\n<\/tr>\n<tr>\n<td height=\"19\">ERC 216zi<\/td>\n<td>5.19 &#8211;<\/td>\n<\/tr>\n<tr>\n<td height=\"19\">TFG 3s<\/td>\n<td>8.21 &#8211;<\/td>\n<\/tr>\n<tr>\n<td height=\"19\">ERC 214i\/216i<\/td>\n<td>2.20 &#8211;<\/td>\n<\/tr>\n<tr>\n<td height=\"19\">ERC 214bi\/216bi<\/td>\n<td>8.20 &#8211;<\/td>\n<\/tr>\n<tr>\n<td height=\"19\">ERC 214bi\/216bi US<\/td>\n<td>2.20 &#8211;<\/td>\n<\/tr>\n<tr>\n<td height=\"19\">DPH16N-DPH20N<\/td>\n<td>10.21 &#8211;<\/td>\n<\/tr>\n<tr>\n<td height=\"19\">GPH16N-GPH20N<\/td>\n<td>10.21 &#8211;<\/td>\n<\/tr>\n<tr>\n<td height=\"19\">EFG 316 &#8211; 320<\/td>\n<td>9.21 &#8211;<\/td>\n<\/tr>\n<tr>\n<td height=\"19\">EFG 316 &#8211; 320 (US)<\/td>\n<td>10.21 &#8211;<\/td>\n<\/tr>\n<tr>\n<td height=\"19\">EP3000-EP4000<\/td>\n<td>10.21 &#8211;<\/td>\n<\/tr>\n<tr>\n<td height=\"19\">EFG 112-220<\/td>\n<td>9.21 &#8211;<\/td>\n<\/tr>\n<tr>\n<td height=\"19\">EFG 213-220 (US)<\/td>\n<td>10.21 &#8211;<\/td>\n<\/tr>\n<tr>\n<td height=\"19\">2ET2500-2ET4000<\/td>\n<td>10.21 &#8211;<\/td>\n<\/tr>\n<\/tbody>\n<\/table>\n<p><\/p>","protected":false},"excerpt":{"rendered":"<p data-start=\"67\" data-end=\"337\"><br data-start=\"1126\" data-end=\"1129\" \/>Das <strong data-start=\"1133\" data-end=\"1158\">28x75x24 Aufzugslager<\/strong> wird in Gabelstaplern und industriellen Hebesystemen eingesetzt und bietet hohe Tragf\u00e4higkeit sowie pr\u00e4zise Funktion f\u00fcr eine verbesserte Systemeffizienz. Die robuste Materialstruktur sorgt f\u00fcr eine lange Lebensdauer und geringe Wartungskosten.<\/p>\n<p data-start=\"1405\" data-end=\"1662\"><strong data-start=\"1405\" data-end=\"1423\">Eigenschaften:<\/strong><br data-start=\"1423\" data-end=\"1426\" \/><strong data-start=\"1426\" data-end=\"1442\">Produktname:<\/strong> 28x75x24 Aufzugslager<br data-start=\"1464\" data-end=\"1467\" \/><strong data-start=\"1467\" data-end=\"1483\">Teilenummer:<\/strong> 51300548<br data-start=\"1492\" data-end=\"1495\" \/><strong data-start=\"1495\" data-end=\"1508\">Material:<\/strong> Hochwertiger W\u00e4lzlagerstahl<br data-start=\"1536\" data-end=\"1539\" \/><strong data-start=\"1539\" data-end=\"1561\">Anwendungsbereich:<\/strong> Gabelstapler- und Hebesysteme<br data-start=\"1591\" data-end=\"1594\" \/><strong data-start=\"1594\" data-end=\"1606\">Vorteil:<\/strong> Hohe Haltbarkeit, lange Lebensdauer, pr\u00e4zise Funktion<\/p>\n<p data-start=\"1664\" data-end=\"1931\">\n","protected":false},"featured_media":14507,"template":"","meta":[],"product_brand":[],"product_cat":[457],"product_tag":[],"class_list":{"0":"post-14505","1":"product","2":"type-product","3":"status-publish","4":"has-post-thumbnail","6":"product_cat-asansor-rulmanlari","8":"first","9":"instock","10":"taxable","11":"shipping-taxable","12":"purchasable","13":"product-type-simple"},"_links":{"self":[{"href":"https:\/\/ceoparts.com\/de\/wp-json\/wp\/v2\/product\/14505","targetHints":{"allow":["GET"]}}],"collection":[{"href":"https:\/\/ceoparts.com\/de\/wp-json\/wp\/v2\/product"}],"about":[{"href":"https:\/\/ceoparts.com\/de\/wp-json\/wp\/v2\/types\/product"}],"wp:featuredmedia":[{"embeddable":true,"href":"https:\/\/ceoparts.com\/de\/wp-json\/wp\/v2\/media\/14507"}],"wp:attachment":[{"href":"https:\/\/ceoparts.com\/de\/wp-json\/wp\/v2\/media?parent=14505"}],"wp:term":[{"taxonomy":"product_brand","embeddable":true,"href":"https:\/\/ceoparts.com\/de\/wp-json\/wp\/v2\/product_brand?post=14505"},{"taxonomy":"product_cat","embeddable":true,"href":"https:\/\/ceoparts.com\/de\/wp-json\/wp\/v2\/product_cat?post=14505"},{"taxonomy":"product_tag","embeddable":true,"href":"https:\/\/ceoparts.com\/de\/wp-json\/wp\/v2\/product_tag?post=14505"}],"curies":[{"name":"wp","href":"https:\/\/api.w.org\/{rel}","templated":true}]}}