{"id":14510,"date":"2025-02-13T15:04:37","date_gmt":"2025-02-13T12:04:37","guid":{"rendered":"https:\/\/ceoparts.com\/?post_type=product&#038;p=14510"},"modified":"2026-05-16T19:19:03","modified_gmt":"2026-05-16T16:19:03","slug":"28x801x245-asansor-rulmani-26902340","status":"publish","type":"product","link":"https:\/\/ceoparts.com\/de\/urun\/28x801x245-asansor-rulmani-26902340\/","title":{"rendered":"28&#215;80,1&#215;24,5 \u041f\u043e\u0434\u0448\u0438\u043f\u043d\u0438\u043a \u0434\u043b\u044f \u043b\u0438\u0444\u0442\u0430 &#8211; 26902340"},"content":{"rendered":"<p>28&#215;80,1&#215;24,5 \u041f\u043e\u0434\u0448\u0438\u043f\u043d\u0438\u043a \u0434\u043b\u044f \u043b\u0438\u0444\u0442\u0430 &#8211; 26902340<\/p>\n<p>Jungheinrich 80,1x28x24\u00a0\u00a0 26902340<\/p>\n<p>&nbsp;<\/p>\n<table border=\"0\" frame=\"void\" rules=\"none\" cellspacing=\"0\">\n<colgroup>\n<col width=\"241\" \/>\n<col width=\"123\" \/><\/colgroup>\n<tbody>\n<tr>\n<td align=\"left\" width=\"241\" height=\"17\">EJC 12,5<\/td>\n<td align=\"left\" width=\"123\">8.93 &#8211; 6.94<\/td>\n<\/tr>\n<tr>\n<td align=\"left\" height=\"17\">ERC 12-16<\/td>\n<td align=\"left\">10.94 &#8211; 3.01<\/td>\n<\/tr>\n<tr>\n<td align=\"left\" height=\"17\">ERC-Z 12\/14<\/td>\n<td align=\"left\">11.94 &#8211; 3.01<\/td>\n<\/tr>\n<tr>\n<td align=\"left\" height=\"17\">EFG-DH 12,5\/15<\/td>\n<td align=\"left\">8.94 &#8211; 11.95<\/td>\n<\/tr>\n<tr>\n<td align=\"left\" height=\"17\">EJC 12-16<\/td>\n<td align=\"left\">7.94 &#8211; 6.96<\/td>\n<\/tr>\n<tr>\n<td align=\"left\" height=\"17\">EJC-Z 12,5\/16<\/td>\n<td align=\"left\">7.94 &#8211; 6.96<\/td>\n<\/tr>\n<tr>\n<td align=\"left\" height=\"17\">EKC 12,5 \/ 16<\/td>\n<td align=\"left\">2.95 &#8211; 12.99<\/td>\n<\/tr>\n<tr>\n<td align=\"left\" height=\"17\">EKC-Z 12,5 \/ 16<\/td>\n<td align=\"left\">2.95 &#8211; 12.99<\/td>\n<\/tr>\n<tr>\n<td align=\"left\" height=\"17\">EFG-V 16\/20<\/td>\n<td align=\"left\">3.95 &#8211; 11.95<\/td>\n<\/tr>\n<tr>\n<td align=\"left\" height=\"17\">EJC 16<\/td>\n<td align=\"left\">11.92 &#8211; 7.93<\/td>\n<\/tr>\n<tr>\n<td align=\"left\" height=\"17\">EJC-Z 16<\/td>\n<td align=\"left\">1.93 &#8211; 7.93<\/td>\n<\/tr>\n<tr>\n<td align=\"left\" height=\"17\">EFG-DF 12,5-18<\/td>\n<td align=\"left\">11.94 &#8211; 11.95<\/td>\n<\/tr>\n<tr>\n<td align=\"left\" height=\"17\">ETM\/V 14\/16<\/td>\n<td align=\"left\">5.95 &#8211; 4.99<\/td>\n<\/tr>\n<tr>\n<td align=\"left\" height=\"17\">GLP 40-60 EBPA<\/td>\n<td align=\"left\">1.77 &#8211; 12.81<\/td>\n<\/tr>\n<tr>\n<td align=\"left\" height=\"17\">ETM\/V 10\/12<\/td>\n<td align=\"left\">1.95 &#8211; 5.96<\/td>\n<\/tr>\n<tr>\n<td align=\"left\" height=\"17\">EKD 10-20<\/td>\n<td align=\"left\">5.95 &#8211; 12.99<\/td>\n<\/tr>\n<tr>\n<td align=\"left\" height=\"17\">EFG-V 16\/20<\/td>\n<td align=\"left\">12.95 &#8211; 5.99<\/td>\n<\/tr>\n<tr>\n<td align=\"left\" height=\"17\">EFG-DF 12,5-18<\/td>\n<td align=\"left\">12.95 &#8211; 4.99<\/td>\n<\/tr>\n<tr>\n<td align=\"left\" height=\"17\">EFG-DH 12,5\/15<\/td>\n<td align=\"left\">12.95 &#8211; 4.96<\/td>\n<\/tr>\n<tr>\n<td align=\"left\" height=\"17\">ETM\/V 10\/12<\/td>\n<td align=\"left\">6.96 &#8211; 9.97<\/td>\n<\/tr>\n<tr>\n<td align=\"left\" height=\"17\">EJC-Z 14\/16<\/td>\n<td align=\"left\">7.96 &#8211; 12.98<\/td>\n<\/tr>\n<tr>\n<td align=\"left\" height=\"17\">EJC 12-16<\/td>\n<td align=\"left\">7.96 &#8211; 4.98<\/td>\n<\/tr>\n<tr>\n<td align=\"left\" height=\"17\">DFG 16-20 AK\/AS<\/td>\n<td align=\"left\">5.97 &#8211; 11.98<\/td>\n<\/tr>\n<tr>\n<td align=\"left\" height=\"17\">TFG 16-20 AK\/AS<\/td>\n<td align=\"left\">5.97 &#8211; 11.98<\/td>\n<\/tr>\n<tr>\n<td align=\"left\" height=\"17\">ETM\/V 10\/12<\/td>\n<td align=\"left\">10.97 &#8211; 3.99<\/td>\n<\/tr>\n<tr>\n<td align=\"left\" height=\"17\">EJC 10\/12<\/td>\n<td align=\"left\">10.97 &#8211;<\/td>\n<\/tr>\n<tr>\n<td align=\"left\" height=\"17\">EJG 06-10 (PR)<\/td>\n<td align=\"left\">1.98 &#8211; 4.05<\/td>\n<\/tr>\n<tr>\n<td align=\"left\" height=\"17\">EJC 14\/16<\/td>\n<td align=\"left\">6.98 &#8211; 2.06<\/td>\n<\/tr>\n<tr>\n<td align=\"left\" height=\"17\">EMC\/EMB 10<\/td>\n<td align=\"left\">5.96 &#8211; 2.00<\/td>\n<\/tr>\n<tr>\n<td align=\"left\" height=\"17\">ETM\/V 110\/112<\/td>\n<td align=\"left\">4.99 &#8211; 12.05<\/td>\n<\/tr>\n<tr>\n<td align=\"left\" height=\"17\">EFG-DF 13-20<\/td>\n<td align=\"left\">5.99 &#8211; 11.06<\/td>\n<\/tr>\n<tr>\n<td align=\"left\" height=\"17\">EFG-V 16\/20<\/td>\n<td align=\"left\">6.99 &#8211; 2.02<\/td>\n<\/tr>\n<tr>\n<td align=\"left\" height=\"17\">EFG-VAC 16\/20<\/td>\n<td align=\"left\">8.99 &#8211;<\/td>\n<\/tr>\n<tr>\n<td align=\"left\" height=\"17\">WP 12\/14\/16 S (MIC)<\/td>\n<td align=\"left\">6.98 &#8211; 4.02<\/td>\n<\/tr>\n<tr>\n<td align=\"left\" height=\"17\">WP 12\/14\/16 S (STB)<\/td>\n<td align=\"left\">6.98 &#8211; 4.02<\/td>\n<\/tr>\n<tr>\n<td align=\"left\" height=\"17\">WP 12\/14\/16 S (BOSS)<\/td>\n<td align=\"left\">6.98 &#8211; 4.02<\/td>\n<\/tr>\n<tr>\n<td align=\"left\" height=\"17\">MWF D 12\/14\/16 (KOM)<\/td>\n<td align=\"left\">6.98 &#8211; 4.02<\/td>\n<\/tr>\n<tr>\n<td align=\"left\" height=\"17\">WP 12\/14 iS (MIC)<\/td>\n<td align=\"left\">6.98 &#8211; 7.02<\/td>\n<\/tr>\n<tr>\n<td align=\"left\" height=\"17\">WP 12\/14 iS (STB)<\/td>\n<td align=\"left\">6.98 &#8211; 7.02<\/td>\n<\/tr>\n<tr>\n<td align=\"left\" height=\"17\">WP 12\/14 iS (BOSS)<\/td>\n<td align=\"left\">6.98 &#8211;<\/td>\n<\/tr>\n<tr>\n<td align=\"left\" height=\"17\">MWF DG 12\/14 (KOM)<\/td>\n<td align=\"left\">6.98 &#8211; 7.02<\/td>\n<\/tr>\n<tr>\n<td align=\"left\" height=\"17\">EJC-Z 14\/16<\/td>\n<td align=\"left\">1.99 &#8211; 4.05<\/td>\n<\/tr>\n<tr>\n<td align=\"left\" height=\"17\">WP 10\/12 C (MIC)<\/td>\n<td align=\"left\">12.98 &#8211; 10.02<\/td>\n<\/tr>\n<tr>\n<td align=\"left\" height=\"17\">WP 10\/12 C (STB)<\/td>\n<td align=\"left\">12.98 &#8211; 10.02<\/td>\n<\/tr>\n<tr>\n<td align=\"left\" height=\"17\">WP 10\/12 C (BOSS)<\/td>\n<td align=\"left\">12.98 &#8211; 10.02<\/td>\n<\/tr>\n<tr>\n<td align=\"left\" height=\"17\">WP 14\/16 (MIC)<\/td>\n<td align=\"left\">12.98 &#8211; 8.02<\/td>\n<\/tr>\n<tr>\n<td align=\"left\" height=\"17\">WP 14\/16 (STB)<\/td>\n<td align=\"left\">12.98 &#8211;<\/td>\n<\/tr>\n<tr>\n<td align=\"left\" height=\"17\">WP 14\/16 (BOSS)<\/td>\n<td align=\"left\">12.98 &#8211;<\/td>\n<\/tr>\n<tr>\n<td align=\"left\" height=\"17\">WP 14\/16 i (MIC)<\/td>\n<td align=\"left\">1.99 &#8211;<\/td>\n<\/tr>\n<tr>\n<td align=\"left\" height=\"17\">WP 14\/16 i (STB)<\/td>\n<td align=\"left\">1.99 &#8211;<\/td>\n<\/tr>\n<tr>\n<td align=\"left\" height=\"17\">WP 14\/16 i (BOSS)<\/td>\n<td align=\"left\">1.99 &#8211;<\/td>\n<\/tr>\n<tr>\n<td align=\"left\" height=\"17\">DFG 16-20 AK\/AS<\/td>\n<td align=\"left\">12.98 &#8211; 12.01<\/td>\n<\/tr>\n<tr>\n<td align=\"left\" height=\"17\">TFG 16-20 AK\/AS<\/td>\n<td align=\"left\">12.98 &#8211; 12.01<\/td>\n<\/tr>\n<tr>\n<td align=\"left\" height=\"17\">DFG 20-30 BK\/BS<\/td>\n<td align=\"left\">12.98 &#8211; 10.02<\/td>\n<\/tr>\n<tr>\n<td align=\"left\" height=\"17\">MWH G 14\/16 (KOM)<\/td>\n<td align=\"left\">1.99 &#8211;<\/td>\n<\/tr>\n<tr>\n<td align=\"left\" height=\"17\">MWH 14\/16 (KOM)<\/td>\n<td align=\"left\">12.98 &#8211;<\/td>\n<\/tr>\n<tr>\n<td align=\"left\" height=\"17\">MWH 10\/12 (KOM)<\/td>\n<td align=\"left\">12.98 &#8211;<\/td>\n<\/tr>\n<tr>\n<td align=\"left\" height=\"17\">EJB 14\/16<\/td>\n<td align=\"left\">5.99 &#8211;<\/td>\n<\/tr>\n<tr>\n<td align=\"left\" height=\"17\">EJB 25\/35 (MMC)<\/td>\n<td align=\"left\">8.99 &#8211; 9.06<\/td>\n<\/tr>\n<tr>\n<td align=\"left\" height=\"17\">WL 14\/16 (MIC)<\/td>\n<td align=\"left\">5.99 &#8211; 11.03<\/td>\n<\/tr>\n<tr>\n<td align=\"left\" height=\"17\">WL 14\/16 (BOSS)<\/td>\n<td align=\"left\">5.99 &#8211; 11.03<\/td>\n<\/tr>\n<tr>\n<td align=\"left\" height=\"17\">WL 14\/16 (STB)<\/td>\n<td align=\"left\">5.99 &#8211; 11.03<\/td>\n<\/tr>\n<tr>\n<td align=\"left\" height=\"17\">ESD 20<\/td>\n<td align=\"left\">11.99 &#8211; 7.03<\/td>\n<\/tr>\n<tr>\n<td align=\"left\" height=\"17\">EKC 12,5 \/ 16<\/td>\n<td align=\"left\">1.00 &#8211; 4.04<\/td>\n<\/tr>\n<tr>\n<td align=\"left\" height=\"17\">WP 20 D (MIC)<\/td>\n<td align=\"left\">11.00 &#8211; 7.02<\/td>\n<\/tr>\n<tr>\n<td align=\"left\" height=\"17\">ERC 12-16<\/td>\n<td align=\"left\">4.01 &#8211; 3.04<\/td>\n<\/tr>\n<tr>\n<td align=\"left\" height=\"17\">ERC-Z 12-16<\/td>\n<td align=\"left\">4.01 &#8211; 3.04<\/td>\n<\/tr>\n<tr>\n<td align=\"left\" height=\"17\">EFG-DF 15SP<\/td>\n<td align=\"left\">1.00 &#8211; 11.06<\/td>\n<\/tr>\n<tr>\n<td align=\"left\" height=\"17\">EFG-DF 15MP<\/td>\n<td align=\"left\">1.00 &#8211;<\/td>\n<\/tr>\n<tr>\n<td align=\"left\" height=\"17\">EKD 16\/48V<\/td>\n<td align=\"left\">6.01 &#8211;<\/td>\n<\/tr>\n<tr>\n<td align=\"left\" height=\"17\">ECE 20 AC<\/td>\n<td align=\"left\">7.01 &#8211; 3.04<\/td>\n<\/tr>\n<tr>\n<td align=\"left\" height=\"17\">FB 16-20 (KOM)<\/td>\n<td align=\"left\">4.98 &#8211; 3.01<\/td>\n<\/tr>\n<tr>\n<td align=\"left\" height=\"17\">FB 13-20 (KOM)<\/td>\n<td align=\"left\">4.98 &#8211; 3.01<\/td>\n<\/tr>\n<tr>\n<td align=\"left\" height=\"17\">LE 13-20 MK 7 (STB)<\/td>\n<td align=\"left\">3.98 &#8211;<\/td>\n<\/tr>\n<tr>\n<td align=\"left\" height=\"17\">KE 16-20 MK 7 (STB)<\/td>\n<td align=\"left\">3.98 &#8211;<\/td>\n<\/tr>\n<tr>\n<td align=\"left\" height=\"17\">KE 16-20 ac-system MK 7 (STB)<\/td>\n<td align=\"left\">3.99 &#8211;<\/td>\n<\/tr>\n<tr>\n<td align=\"left\" height=\"17\">WP12\/14\/16 S (MIC)<\/td>\n<td align=\"left\">4.01 &#8211; 4.08<\/td>\n<\/tr>\n<tr>\n<td align=\"left\" height=\"17\">WP12\/14\/16 IS (MIC)<\/td>\n<td align=\"left\">4.01 &#8211; 4.08<\/td>\n<\/tr>\n<tr>\n<td align=\"left\" height=\"17\">WP12\/14\/16 S (STB)<\/td>\n<td align=\"left\">4.01 &#8211;<\/td>\n<\/tr>\n<tr>\n<td align=\"left\" height=\"17\">WP12\/14\/16 IS (STB)<\/td>\n<td align=\"left\">4.01 &#8211; 10.02<\/td>\n<\/tr>\n<tr>\n<td align=\"left\" height=\"17\">WP12\/14\/16 S (BOSS)<\/td>\n<td align=\"left\">4.01 &#8211;<\/td>\n<\/tr>\n<tr>\n<td align=\"left\" height=\"17\">WP12\/14\/16 IS (BOSS)<\/td>\n<td align=\"left\">4.01 &#8211;<\/td>\n<\/tr>\n<tr>\n<td align=\"left\" height=\"17\">WO 20 (MIC) AC<\/td>\n<td align=\"left\">7.01 &#8211; 6.03<\/td>\n<\/tr>\n<tr>\n<td align=\"left\" height=\"17\">WP 10\/12 C (MIC)<\/td>\n<td align=\"left\">8.02 &#8211;<\/td>\n<\/tr>\n<tr>\n<td align=\"left\" height=\"17\">WP 14\/16 (MIC)<\/td>\n<td align=\"left\">8.02 &#8211; 4.08<\/td>\n<\/tr>\n<tr>\n<td align=\"left\" height=\"17\">WP 14 I\/16 I (MIC)<\/td>\n<td align=\"left\">8.02 &#8211; 4.08<\/td>\n<\/tr>\n<tr>\n<td align=\"left\" height=\"17\">WP 20 D (MIC)<\/td>\n<td align=\"left\">8.02 &#8211; 4.08<\/td>\n<\/tr>\n<tr>\n<td align=\"left\" height=\"17\">DFG\/TFG 16-20 AK\/AS<\/td>\n<td align=\"left\">1.02 &#8211; 12.03<\/td>\n<\/tr>\n<tr>\n<td align=\"left\" height=\"17\">ECC SH 20 AC<\/td>\n<td align=\"left\">11.02 &#8211; 3.04<\/td>\n<\/tr>\n<tr>\n<td align=\"left\" height=\"17\">ECP 100-3-E<\/td>\n<td align=\"left\">9.02 &#8211; 7.04<\/td>\n<\/tr>\n<tr>\n<td align=\"left\" height=\"17\">ECP 100-3-ZZ<\/td>\n<td align=\"left\">9.02 &#8211; 6.04<\/td>\n<\/tr>\n<tr>\n<td align=\"left\" height=\"17\">EFG-DFac 13-20<\/td>\n<td align=\"left\">5.02 &#8211;<\/td>\n<\/tr>\n<tr>\n<td align=\"left\" height=\"17\">CD\/CL 16-20 C\/H<\/td>\n<td align=\"left\">1.02 &#8211; 12.03<\/td>\n<\/tr>\n<tr>\n<td align=\"left\" height=\"17\">ECC 10 AC<\/td>\n<td align=\"left\">2.03 &#8211; 3.04<\/td>\n<\/tr>\n<tr>\n<td align=\"left\" height=\"17\">EFG-DHac 10SP<\/td>\n<td align=\"left\">7.02 &#8211;<\/td>\n<\/tr>\n<tr>\n<td align=\"left\" height=\"17\">EFG-DHac 10MP<\/td>\n<td align=\"left\">7.02 &#8211;<\/td>\n<\/tr>\n<tr>\n<td align=\"left\" height=\"17\">EFG-DHac 10LSP<\/td>\n<td align=\"left\">7.02 &#8211;<\/td>\n<\/tr>\n<tr>\n<td align=\"left\" height=\"17\">EFG-DHac 10LMP<\/td>\n<td align=\"left\">7.02 &#8211;<\/td>\n<\/tr>\n<tr>\n<td align=\"left\" height=\"17\">EFG-DHac 12,5SP<\/td>\n<td align=\"left\">7.02 &#8211;<\/td>\n<\/tr>\n<tr>\n<td align=\"left\" height=\"17\">EFG-DHac 12,5MP<\/td>\n<td align=\"left\">7.02 &#8211;<\/td>\n<\/tr>\n<tr>\n<td align=\"left\" height=\"17\">EFG-DHac 15SP<\/td>\n<td align=\"left\">7.02 &#8211;<\/td>\n<\/tr>\n<tr>\n<td align=\"left\" height=\"17\">EFG-DHac 15MP<\/td>\n<td align=\"left\">7.02 &#8211;<\/td>\n<\/tr>\n<tr>\n<td align=\"left\" height=\"17\">ERD 16-20<\/td>\n<td align=\"left\">3.03 &#8211; 10.03<\/td>\n<\/tr>\n<tr>\n<td align=\"left\" height=\"17\">EJC 12 C<\/td>\n<td align=\"left\">7.03 &#8211;<\/td>\n<\/tr>\n<tr>\n<td align=\"left\" height=\"17\">WP 12 C<\/td>\n<td align=\"left\">7.03 &#8211;<\/td>\n<\/tr>\n<tr>\n<td align=\"left\" height=\"17\">ESD 20<\/td>\n<td align=\"left\">8.03 &#8211; 12.04<\/td>\n<\/tr>\n<tr>\n<td align=\"left\" height=\"17\">CD 16-20 C\/H<\/td>\n<td align=\"left\">5.97 &#8211; 12.01<\/td>\n<\/tr>\n<tr>\n<td align=\"left\" height=\"17\">CD 22-33 C\/H<\/td>\n<td align=\"left\">5.97 &#8211; 12.01<\/td>\n<\/tr>\n<tr>\n<td align=\"left\" height=\"17\">CL 16-20 C\/H<\/td>\n<td align=\"left\">5.97 &#8211; 12.01<\/td>\n<\/tr>\n<tr>\n<td align=\"left\" height=\"17\">EKS 110 E<\/td>\n<td align=\"left\">6.04 &#8211; 12.09<\/td>\n<\/tr>\n<tr>\n<td align=\"left\" height=\"17\">EKC-Z<\/td>\n<td align=\"left\">5.04 &#8211; 12.04<\/td>\n<\/tr>\n<tr>\n<td align=\"left\" height=\"17\">EKD 20<\/td>\n<td align=\"left\">10.03 &#8211; 12.04<\/td>\n<\/tr>\n<tr>\n<td align=\"left\" height=\"17\">EKS 110 ZZ<\/td>\n<td align=\"left\">6.04 &#8211; 12.09<\/td>\n<\/tr>\n<tr>\n<td align=\"left\" height=\"17\">WL 14\/16<\/td>\n<td align=\"left\">12.03 &#8211; 4.08<\/td>\n<\/tr>\n<tr>\n<td align=\"left\" height=\"17\">EMC 110<\/td>\n<td align=\"left\">5.04 &#8211; 11.09<\/td>\n<\/tr>\n<tr>\n<td align=\"left\" height=\"17\">ERC 212\/214\/216<\/td>\n<td align=\"left\">4.04 &#8211;<\/td>\n<\/tr>\n<tr>\n<td align=\"left\" height=\"17\">ERC Z12\/Z14\/Z16<\/td>\n<td align=\"left\">4.04 &#8211;<\/td>\n<\/tr>\n<tr>\n<td align=\"left\" height=\"17\">ECE 220 XL<\/td>\n<td align=\"left\">4.04 &#8211; 3.08<\/td>\n<\/tr>\n<tr>\n<td align=\"left\" height=\"17\">ECE 220-ac<\/td>\n<td align=\"left\">4.04 &#8211; 4.07<\/td>\n<\/tr>\n<tr>\n<td align=\"left\" height=\"17\">ESC 2<\/td>\n<td align=\"left\">1.05 &#8211; 7.09<\/td>\n<\/tr>\n<tr>\n<td align=\"left\" height=\"17\">ESC Z<\/td>\n<td align=\"left\">1.05 &#8211; 7.09<\/td>\n<\/tr>\n<tr>\n<td align=\"left\" height=\"17\">ESD 220<\/td>\n<td align=\"left\">1.05 &#8211; 9.10<\/td>\n<\/tr>\n<tr>\n<td align=\"left\" height=\"17\">ESD 120<\/td>\n<td align=\"left\">1.05 &#8211;<\/td>\n<\/tr>\n<tr>\n<td align=\"left\" height=\"17\">ESE 320<\/td>\n<td align=\"left\">1.05 &#8211; 1.10<\/td>\n<\/tr>\n<tr>\n<td align=\"left\" height=\"17\">ECE 220 HP AC<\/td>\n<td align=\"left\">4.04 &#8211; 11.07<\/td>\n<\/tr>\n<tr>\n<td align=\"left\" height=\"17\">ECE 310<\/td>\n<td align=\"left\">4.04 &#8211; 12.07<\/td>\n<\/tr>\n<tr>\n<td align=\"left\" height=\"17\">ECE 320<\/td>\n<td align=\"left\">4.04 &#8211; 12.07<\/td>\n<\/tr>\n<tr>\n<td align=\"left\" height=\"17\">EJD 220<\/td>\n<td align=\"left\">6.05 &#8211; 3.10<\/td>\n<\/tr>\n<tr>\n<td align=\"left\" height=\"17\">EJD 20-3 XL<\/td>\n<td align=\"left\">5.05 &#8211;<\/td>\n<\/tr>\n<tr>\n<td align=\"left\" height=\"17\">EJC Z14\/Z16<\/td>\n<td align=\"left\">5.05 &#8211;<\/td>\n<\/tr>\n<tr>\n<td align=\"left\" height=\"17\">EJC B14\/B16<\/td>\n<td align=\"left\">5.05 &#8211;<\/td>\n<\/tr>\n<tr>\n<td align=\"left\" height=\"17\">EJC B25 \/B35<\/td>\n<td align=\"left\">5.05 &#8211; 11.06<\/td>\n<\/tr>\n<tr>\n<td align=\"left\" height=\"17\">EJC 212-216<\/td>\n<td align=\"left\">1.06 &#8211; 5.08<\/td>\n<\/tr>\n<tr>\n<td align=\"left\" height=\"17\">WP 12-16<\/td>\n<td align=\"left\">1.06 &#8211; 4.08<\/td>\n<\/tr>\n<tr>\n<td align=\"left\" height=\"17\">PMWT15\/18N<\/td>\n<td align=\"left\">10.05 &#8211;<\/td>\n<\/tr>\n<tr>\n<td align=\"left\" height=\"17\">PMWF11N<\/td>\n<td align=\"left\">10.05 &#8211;<\/td>\n<\/tr>\n<tr>\n<td align=\"left\" height=\"17\">SF2200<\/td>\n<td align=\"left\">10.05 &#8211;<\/td>\n<\/tr>\n<tr>\n<td align=\"left\" height=\"17\">SS3000\/SS3500<\/td>\n<td align=\"left\">10.05 &#8211; 3.10<\/td>\n<\/tr>\n<tr>\n<td align=\"left\" height=\"17\">EFG-DHac 10LMP<\/td>\n<td align=\"left\">8.04 &#8211;<\/td>\n<\/tr>\n<tr>\n<td align=\"left\" height=\"17\">EFG 110 &#8211; 115<\/td>\n<td align=\"left\">1.04 &#8211;<\/td>\n<\/tr>\n<tr>\n<td align=\"left\" height=\"17\">DFG 316<\/td>\n<td align=\"left\">2.06 &#8211;<\/td>\n<\/tr>\n<tr>\n<td align=\"left\" height=\"17\">DFG 320<\/td>\n<td align=\"left\">2.06 &#8211;<\/td>\n<\/tr>\n<tr>\n<td align=\"left\" height=\"17\">TFG 316<\/td>\n<td align=\"left\">2.06 &#8211;<\/td>\n<\/tr>\n<tr>\n<td align=\"left\" height=\"17\">TFG 320<\/td>\n<td align=\"left\">2.06 &#8211;<\/td>\n<\/tr>\n<tr>\n<td align=\"left\" height=\"17\">CL 16 C<\/td>\n<td align=\"left\">2.06 &#8211; 9.10<\/td>\n<\/tr>\n<tr>\n<td align=\"left\" height=\"17\">CL 20 C<\/td>\n<td align=\"left\">2.06 &#8211; 9.10<\/td>\n<\/tr>\n<tr>\n<td align=\"left\" height=\"17\">CD 16 C<\/td>\n<td align=\"left\">2.06 &#8211; 9.10<\/td>\n<\/tr>\n<tr>\n<td align=\"left\" height=\"17\">CD 20 C<\/td>\n<td align=\"left\">2.06 &#8211; 9.10<\/td>\n<\/tr>\n<tr>\n<td align=\"left\" height=\"17\">EJC 220<\/td>\n<td align=\"left\">8.06 &#8211;<\/td>\n<\/tr>\n<tr>\n<td align=\"left\" height=\"17\">ECE 220\/225<\/td>\n<td align=\"left\">12.06 &#8211; 7.09<\/td>\n<\/tr>\n<tr>\n<td align=\"left\" height=\"17\">EMC 110 (US)<\/td>\n<td align=\"left\">10.06 &#8211;<\/td>\n<\/tr>\n<tr>\n<td align=\"left\" height=\"17\">EJC B14\/B16 (US)<\/td>\n<td align=\"left\">11.06 &#8211;<\/td>\n<\/tr>\n<tr>\n<td align=\"left\" height=\"17\">ECE 320<\/td>\n<td align=\"left\">1.08 &#8211; 7.09<\/td>\n<\/tr>\n<tr>\n<td align=\"left\" height=\"17\">ESC 316\/316Z<\/td>\n<td align=\"left\">11.07 &#8211;<\/td>\n<\/tr>\n<tr>\n<td align=\"left\" height=\"17\">ECE 310<\/td>\n<td align=\"left\">1.08 &#8211;<\/td>\n<\/tr>\n<tr>\n<td align=\"left\" height=\"17\">ECE 225 HP<\/td>\n<td align=\"left\">12.07 &#8211;<\/td>\n<\/tr>\n<tr>\n<td align=\"left\" height=\"17\">ECE 225 XL<\/td>\n<td align=\"left\">12.07 &#8211; 12.08<\/td>\n<\/tr>\n<tr>\n<td align=\"left\" height=\"17\">EFG 213 &#8211; 220<\/td>\n<td align=\"left\">6.08 &#8211;<\/td>\n<\/tr>\n<tr>\n<td align=\"left\" height=\"17\">EFG 316 &#8211; 320<\/td>\n<td align=\"left\">6.08 &#8211;<\/td>\n<\/tr>\n<tr>\n<td align=\"left\" height=\"17\">EJC 212 \/ 214 \/ 216<\/td>\n<td align=\"left\">6.08 &#8211;<\/td>\n<\/tr>\n<tr>\n<td align=\"left\" height=\"17\">DFG 316s<\/td>\n<td align=\"left\">11.09 &#8211;<\/td>\n<\/tr>\n<tr>\n<td align=\"left\" height=\"17\">DFG 320s<\/td>\n<td align=\"left\">11.09 &#8211;<\/td>\n<\/tr>\n<tr>\n<td align=\"left\" height=\"17\">TFG 316s<\/td>\n<td align=\"left\">11.09 &#8211;<\/td>\n<\/tr>\n<tr>\n<td align=\"left\" height=\"17\">TFG 320s<\/td>\n<td align=\"left\">11.09 &#8211;<\/td>\n<\/tr>\n<tr>\n<td align=\"left\" height=\"17\">ECE 220\/225<\/td>\n<td align=\"left\">8.09 &#8211;<\/td>\n<\/tr>\n<tr>\n<td align=\"left\" height=\"17\">ECE 225 XL<\/td>\n<td align=\"left\">1.09 &#8211;<\/td>\n<\/tr>\n<tr>\n<td align=\"left\" height=\"17\">ERC 212\/214\/216<\/td>\n<td align=\"left\">3.11 &#8211;<\/td>\n<\/tr>\n<tr>\n<td align=\"left\" height=\"17\">ESC 214\/216Z<\/td>\n<td align=\"left\">8.09 &#8211;<\/td>\n<\/tr>\n<tr>\n<td align=\"left\" height=\"17\">EFG 216KN<\/td>\n<td align=\"left\">3.09 &#8211;<\/td>\n<\/tr>\n<tr>\n<td align=\"left\" height=\"17\">EFG 316N\/320N<\/td>\n<td align=\"left\">3.09 &#8211;<\/td>\n<\/tr>\n<tr>\n<td align=\"left\" height=\"17\">EJC 212z \/ 214z \/ 216z<\/td>\n<td align=\"left\">12.10 &#8211;<\/td>\n<\/tr>\n<tr>\n<td align=\"left\" height=\"17\">EFG 110k SP<\/td>\n<td align=\"left\">11.09 &#8211;<\/td>\n<\/tr>\n<tr>\n<td align=\"left\" height=\"17\">ECE 320<\/td>\n<td align=\"left\">8.09 &#8211;<\/td>\n<\/tr>\n<tr>\n<td align=\"left\" height=\"17\">ESE 220\/320<\/td>\n<td align=\"left\">2.10 &#8211;<\/td>\n<\/tr>\n<tr>\n<td align=\"left\" height=\"17\">EP3000-EP4000<\/td>\n<td align=\"left\">11.09 &#8211;<\/td>\n<\/tr>\n<tr>\n<td align=\"left\" height=\"17\">2ET2500-2ET4000<\/td>\n<td align=\"left\">11.09 &#8211;<\/td>\n<\/tr>\n<tr>\n<td align=\"left\" height=\"17\">EKS 110 E<\/td>\n<td align=\"left\">1.10 &#8211;<\/td>\n<\/tr>\n<tr>\n<td align=\"left\" height=\"17\">EKS 110 ZZ<\/td>\n<td align=\"left\">1.10 &#8211;<\/td>\n<\/tr>\n<tr>\n<td align=\"left\" height=\"17\">ESD 220<\/td>\n<td align=\"left\">10.10 &#8211;<\/td>\n<\/tr>\n<tr>\n<td align=\"left\" height=\"17\">EJC B12\/14\/16<\/td>\n<td align=\"left\">4.11 &#8211;<\/td>\n<\/tr>\n<tr>\n<td align=\"left\" height=\"17\">EJC B12\/14\/16<\/td>\n<td align=\"left\">4.11 &#8211;<\/td>\n<\/tr>\n<tr>\n<td align=\"left\" height=\"17\">ERC 212z \/ 214z \/ 216z<\/td>\n<td align=\"left\">2.11 &#8211;<\/td>\n<\/tr>\n<tr>\n<td align=\"left\" height=\"17\">DFG 16 AK<\/td>\n<td align=\"left\">12.03 &#8211; 6.04<\/td>\n<\/tr>\n<tr>\n<td align=\"left\" height=\"17\">TFG 16 AK<\/td>\n<td align=\"left\">12.03 &#8211; 6.04<\/td>\n<\/tr>\n<tr>\n<td align=\"left\" height=\"17\">DFG 20 AK<\/td>\n<td align=\"left\">12.03 &#8211; 6.04<\/td>\n<\/tr>\n<tr>\n<td align=\"left\" height=\"17\">TFG 20 AK<\/td>\n<td align=\"left\">12.03 &#8211; 6.04<\/td>\n<\/tr>\n<tr>\n<td align=\"left\" height=\"17\">DFG 16 AS<\/td>\n<td align=\"left\">12.03 &#8211; 6.04<\/td>\n<\/tr>\n<tr>\n<td align=\"left\" height=\"17\">TFG 16 AS<\/td>\n<td align=\"left\">12.03 &#8211; 6.04<\/td>\n<\/tr>\n<tr>\n<td align=\"left\" height=\"17\">DFG 20 AS<\/td>\n<td align=\"left\">12.03 &#8211; 6.04<\/td>\n<\/tr>\n<tr>\n<td align=\"left\" height=\"17\">TFG 20 AS<\/td>\n<td align=\"left\">12.03 &#8211; 6.04<\/td>\n<\/tr>\n<tr>\n<td align=\"left\" height=\"17\">EFG 213 &#8211; 220<\/td>\n<td align=\"left\">8.04 &#8211; 1.09<\/td>\n<\/tr>\n<tr>\n<td align=\"left\" height=\"17\">LE 13 &#8211; 20<\/td>\n<td align=\"left\">8.04 &#8211;<\/td>\n<\/tr>\n<tr>\n<td align=\"left\" height=\"17\">EFG 316 &#8211; 320<\/td>\n<td align=\"left\">8.04 &#8211; 1.09<\/td>\n<\/tr>\n<tr>\n<td align=\"left\" height=\"17\">KE 16 &#8211; 20<\/td>\n<td align=\"left\">8.04 &#8211;<\/td>\n<\/tr>\n<tr>\n<td align=\"left\" height=\"17\">DFG 316<\/td>\n<td align=\"left\">7.04 &#8211; 4.06<\/td>\n<\/tr>\n<tr>\n<td align=\"left\" height=\"17\">TFG 316<\/td>\n<td align=\"left\">7.04 &#8211; 4.06<\/td>\n<\/tr>\n<tr>\n<td align=\"left\" height=\"17\">DFG 316s<\/td>\n<td align=\"left\">7.04 &#8211; 8.09<\/td>\n<\/tr>\n<tr>\n<td align=\"left\" height=\"17\">TFG 316s<\/td>\n<td align=\"left\">7.04 &#8211; 8.09<\/td>\n<\/tr>\n<tr>\n<td align=\"left\" height=\"17\">DFG 320<\/td>\n<td align=\"left\">7.04 &#8211; 4.06<\/td>\n<\/tr>\n<tr>\n<td align=\"left\" height=\"17\">TFG 320<\/td>\n<td align=\"left\">7.04 &#8211; 4.06<\/td>\n<\/tr>\n<tr>\n<td align=\"left\" height=\"17\">DFG 320s<\/td>\n<td align=\"left\">7.04 &#8211; 8.09<\/td>\n<\/tr>\n<tr>\n<td align=\"left\" height=\"17\">TFG 320s<\/td>\n<td align=\"left\">7.04 &#8211; 8.09<\/td>\n<\/tr>\n<tr>\n<td align=\"left\" height=\"17\">CD 16 C<\/td>\n<td align=\"left\">12.03 &#8211; 4.06<\/td>\n<\/tr>\n<tr>\n<td align=\"left\" height=\"17\">CL 16 C<\/td>\n<td align=\"left\">12.03 &#8211; 4.06<\/td>\n<\/tr>\n<tr>\n<td align=\"left\" height=\"17\">CD 20 C<\/td>\n<td align=\"left\">12.03 &#8211; 4.06<\/td>\n<\/tr>\n<tr>\n<td align=\"left\" height=\"17\">CL 20 C<\/td>\n<td align=\"left\">12.03 &#8211; 4.06<\/td>\n<\/tr>\n<tr>\n<td align=\"left\" height=\"17\">M100289\/59001905<\/td>\n<td align=\"left\">10.00 &#8211;<\/td>\n<\/tr>\n<\/tbody>\n<\/table>","protected":false},"excerpt":{"rendered":"<p data-start=\"60\" data-end=\"351\"><br data-start=\"1149\" data-end=\"1152\" \/>Das <strong data-start=\"1156\" data-end=\"1185\">28&#215;80,1&#215;24,5 Aufzugslager<\/strong> wird in Gabelstaplern und industriellen Hebesystemen eingesetzt und bietet hohe Tragf\u00e4higkeit sowie pr\u00e4zise Funktion f\u00fcr eine verbesserte Systemeffizienz. Die hochwertige Materialstruktur sorgt f\u00fcr eine lange Lebensdauer und geringe Wartungskosten.<\/p>\n<p data-start=\"1436\" data-end=\"1697\"><strong data-start=\"1436\" data-end=\"1454\">Eigenschaften:<\/strong><br data-start=\"1454\" data-end=\"1457\" \/><strong data-start=\"1457\" data-end=\"1473\">Produktname:<\/strong> 28&#215;80,1&#215;24,5 Aufzugslager<br data-start=\"1499\" data-end=\"1502\" \/><strong data-start=\"1502\" data-end=\"1518\">Teilenummer:<\/strong> 26902340<br data-start=\"1527\" data-end=\"1530\" \/><strong data-start=\"1530\" data-end=\"1543\">Material:<\/strong> Hochwertiger W\u00e4lzlagerstahl<br data-start=\"1571\" data-end=\"1574\" \/><strong data-start=\"1574\" data-end=\"1596\">Anwendungsbereich:<\/strong> Gabelstapler- und Hebesysteme<br data-start=\"1626\" data-end=\"1629\" \/><strong data-start=\"1629\" data-end=\"1641\">Vorteil:<\/strong> Hohe Haltbarkeit, lange Lebensdauer, pr\u00e4zise Funktion<\/p>\n<p data-start=\"1699\" data-end=\"1970\">\n","protected":false},"featured_media":14512,"template":"","meta":[],"product_brand":[],"product_cat":[457],"product_tag":[],"class_list":{"0":"post-14510","1":"product","2":"type-product","3":"status-publish","4":"has-post-thumbnail","6":"product_cat-asansor-rulmanlari","8":"first","9":"instock","10":"taxable","11":"shipping-taxable","12":"purchasable","13":"product-type-simple"},"_links":{"self":[{"href":"https:\/\/ceoparts.com\/de\/wp-json\/wp\/v2\/product\/14510","targetHints":{"allow":["GET"]}}],"collection":[{"href":"https:\/\/ceoparts.com\/de\/wp-json\/wp\/v2\/product"}],"about":[{"href":"https:\/\/ceoparts.com\/de\/wp-json\/wp\/v2\/types\/product"}],"wp:featuredmedia":[{"embeddable":true,"href":"https:\/\/ceoparts.com\/de\/wp-json\/wp\/v2\/media\/14512"}],"wp:attachment":[{"href":"https:\/\/ceoparts.com\/de\/wp-json\/wp\/v2\/media?parent=14510"}],"wp:term":[{"taxonomy":"product_brand","embeddable":true,"href":"https:\/\/ceoparts.com\/de\/wp-json\/wp\/v2\/product_brand?post=14510"},{"taxonomy":"product_cat","embeddable":true,"href":"https:\/\/ceoparts.com\/de\/wp-json\/wp\/v2\/product_cat?post=14510"},{"taxonomy":"product_tag","embeddable":true,"href":"https:\/\/ceoparts.com\/de\/wp-json\/wp\/v2\/product_tag?post=14510"}],"curies":[{"name":"wp","href":"https:\/\/api.w.org\/{rel}","templated":true}]}}