{"id":14522,"date":"2025-02-13T15:45:22","date_gmt":"2025-02-13T12:45:22","guid":{"rendered":"https:\/\/ceoparts.com\/?post_type=product&#038;p=14522"},"modified":"2026-05-16T06:18:58","modified_gmt":"2026-05-16T03:18:58","slug":"30x92x32-asansor-rulmani","status":"publish","type":"product","link":"https:\/\/ceoparts.com\/de\/urun\/30x92x32-asansor-rulmani\/","title":{"rendered":"30x92x32 Aufzugslager"},"content":{"rendered":"<p>30x92x32 Aufzugslager<\/p>","protected":false},"excerpt":{"rendered":"<p data-start=\"60\" data-end=\"322\"><br data-start=\"1103\" data-end=\"1106\" \/>Das <strong data-start=\"1110\" data-end=\"1135\">30x92x32 Aufzugslager<\/strong> wird in Gabelstaplern und industriellen Aufzugssystemen eingesetzt und bietet hohe Tragf\u00e4higkeit sowie Pr\u00e4zision zur Leistungssteigerung. Das robuste Material sorgt f\u00fcr eine lange Lebensdauer und minimalen Wartungsaufwand.<\/p>\n<p data-start=\"1360\" data-end=\"1640\"><strong data-start=\"1360\" data-end=\"1378\">Eigenschaften:<\/strong><br data-start=\"1378\" data-end=\"1381\" \/><strong data-start=\"1381\" data-end=\"1397\">Produktname:<\/strong> 30x92x32 Aufzugslager<br data-start=\"1419\" data-end=\"1422\" \/><strong data-start=\"1422\" data-end=\"1438\">Teilenummer:<\/strong> Nicht angegeben<br data-start=\"1454\" data-end=\"1457\" \/><strong data-start=\"1457\" data-end=\"1470\">Material:<\/strong> Hochwertiger W\u00e4lzlagerstahl<br data-start=\"1498\" data-end=\"1501\" \/><strong data-start=\"1501\" data-end=\"1523\">Anwendungsbereich:<\/strong> Gabelstapler- und industrielle Aufzugssysteme<br data-start=\"1569\" data-end=\"1572\" \/><strong data-start=\"1572\" data-end=\"1584\">Vorteil:<\/strong> Hohe Haltbarkeit, pr\u00e4zise Funktion, lange Lebensdauer<\/p>\n<p data-start=\"1642\" data-end=\"1909\">\n","protected":false},"featured_media":14524,"template":"","meta":[],"product_brand":[],"product_cat":[457],"product_tag":[],"class_list":{"0":"post-14522","1":"product","2":"type-product","3":"status-publish","4":"has-post-thumbnail","6":"product_cat-asansor-rulmanlari","8":"first","9":"instock","10":"taxable","11":"shipping-taxable","12":"purchasable","13":"product-type-simple"},"_links":{"self":[{"href":"https:\/\/ceoparts.com\/de\/wp-json\/wp\/v2\/product\/14522","targetHints":{"allow":["GET"]}}],"collection":[{"href":"https:\/\/ceoparts.com\/de\/wp-json\/wp\/v2\/product"}],"about":[{"href":"https:\/\/ceoparts.com\/de\/wp-json\/wp\/v2\/types\/product"}],"wp:featuredmedia":[{"embeddable":true,"href":"https:\/\/ceoparts.com\/de\/wp-json\/wp\/v2\/media\/14524"}],"wp:attachment":[{"href":"https:\/\/ceoparts.com\/de\/wp-json\/wp\/v2\/media?parent=14522"}],"wp:term":[{"taxonomy":"product_brand","embeddable":true,"href":"https:\/\/ceoparts.com\/de\/wp-json\/wp\/v2\/product_brand?post=14522"},{"taxonomy":"product_cat","embeddable":true,"href":"https:\/\/ceoparts.com\/de\/wp-json\/wp\/v2\/product_cat?post=14522"},{"taxonomy":"product_tag","embeddable":true,"href":"https:\/\/ceoparts.com\/de\/wp-json\/wp\/v2\/product_tag?post=14522"}],"curies":[{"name":"wp","href":"https:\/\/api.w.org\/{rel}","templated":true}]}}