{"id":14533,"date":"2025-02-13T16:20:49","date_gmt":"2025-02-13T13:20:49","guid":{"rendered":"https:\/\/ceoparts.com\/?post_type=product&#038;p=14533"},"modified":"2026-05-16T21:02:20","modified_gmt":"2026-05-16T18:02:20","slug":"35x977x25-asansor-rulmani","status":"publish","type":"product","link":"https:\/\/ceoparts.com\/de\/urun\/35x977x25-asansor-rulmani\/","title":{"rendered":"35&#215;97,7&#215;25 Aufzugslager"},"content":{"rendered":"<p>35&#215;97,7&#215;25 Aufzugslager<\/p>","protected":false},"excerpt":{"rendered":"<p data-start=\"39\" data-end=\"309\"><br data-start=\"1074\" data-end=\"1077\" \/>Das <strong data-start=\"1081\" data-end=\"1108\">35\u00d797,7\u00d725 Aufzugslager<\/strong> wird in Gabelstaplern und industriellen Aufzugssystemen eingesetzt und bietet hohe Tragf\u00e4higkeit sowie Pr\u00e4zision zur Verbesserung der Systemleistung. Hochwertiges Material sorgt f\u00fcr eine lange Lebensdauer und geringen Wartungsaufwand.<\/p>\n<p data-start=\"1345\" data-end=\"1614\"><strong data-start=\"1345\" data-end=\"1363\">Eigenschaften:<\/strong><br data-start=\"1363\" data-end=\"1366\" \/><strong data-start=\"1366\" data-end=\"1382\">Produktname:<\/strong> 35\u00d797,7\u00d725 Aufzugslager<br data-start=\"1406\" data-end=\"1409\" \/><strong data-start=\"1409\" data-end=\"1425\">Teilenummer:<\/strong> Nicht angegeben<br data-start=\"1441\" data-end=\"1444\" \/><strong data-start=\"1444\" data-end=\"1457\">Material:<\/strong> Hochwertiger W\u00e4lzlagerstahl<br data-start=\"1485\" data-end=\"1488\" \/><strong data-start=\"1488\" data-end=\"1510\">Anwendungsbereich:<\/strong> Gabelstapler- und Aufzugssysteme<br data-start=\"1543\" data-end=\"1546\" \/><strong data-start=\"1546\" data-end=\"1558\">Vorteil:<\/strong> Hohe Haltbarkeit, pr\u00e4zise Funktion, lange Lebensdauer<\/p>\n<p data-start=\"1616\" data-end=\"1896\">\n","protected":false},"featured_media":14534,"template":"","meta":[],"product_brand":[],"product_cat":[457],"product_tag":[],"class_list":{"0":"post-14533","1":"product","2":"type-product","3":"status-publish","4":"has-post-thumbnail","6":"product_cat-asansor-rulmanlari","8":"first","9":"instock","10":"taxable","11":"shipping-taxable","12":"purchasable","13":"product-type-simple"},"_links":{"self":[{"href":"https:\/\/ceoparts.com\/de\/wp-json\/wp\/v2\/product\/14533","targetHints":{"allow":["GET"]}}],"collection":[{"href":"https:\/\/ceoparts.com\/de\/wp-json\/wp\/v2\/product"}],"about":[{"href":"https:\/\/ceoparts.com\/de\/wp-json\/wp\/v2\/types\/product"}],"wp:featuredmedia":[{"embeddable":true,"href":"https:\/\/ceoparts.com\/de\/wp-json\/wp\/v2\/media\/14534"}],"wp:attachment":[{"href":"https:\/\/ceoparts.com\/de\/wp-json\/wp\/v2\/media?parent=14533"}],"wp:term":[{"taxonomy":"product_brand","embeddable":true,"href":"https:\/\/ceoparts.com\/de\/wp-json\/wp\/v2\/product_brand?post=14533"},{"taxonomy":"product_cat","embeddable":true,"href":"https:\/\/ceoparts.com\/de\/wp-json\/wp\/v2\/product_cat?post=14533"},{"taxonomy":"product_tag","embeddable":true,"href":"https:\/\/ceoparts.com\/de\/wp-json\/wp\/v2\/product_tag?post=14533"}],"curies":[{"name":"wp","href":"https:\/\/api.w.org\/{rel}","templated":true}]}}