{"id":14557,"date":"2025-02-13T17:32:15","date_gmt":"2025-02-13T14:32:15","guid":{"rendered":"https:\/\/ceoparts.com\/?post_type=product&#038;p=14557"},"modified":"2026-05-16T15:13:50","modified_gmt":"2026-05-16T12:13:50","slug":"40x902x29-linde-asansor-rulmani-9249476","status":"publish","type":"product","link":"https:\/\/ceoparts.com\/de\/urun\/40x902x29-linde-asansor-rulmani-9249476\/","title":{"rendered":"40&#215;90,2&#215;29 Linde Aufzugslager &#8211; 9249476"},"content":{"rendered":"<p>40&#215;90,2&#215;29 Linde Aufzugslager &#8211; 9249476<\/p>","protected":false},"excerpt":{"rendered":"<p data-start=\"0\" data-end=\"266\"><br data-start=\"1029\" data-end=\"1032\" \/>Das <strong data-start=\"1036\" data-end=\"1079\">40\u00d790,2\u00d729 Linde Aufzugslager \u2013 9249476<\/strong>, verwendet in Linde-Aufzugssystemen, ist speziell f\u00fcr Anwendungen mit hoher Haltbarkeit und Pr\u00e4zision konzipiert. Das langlebige Material und die hochwertige Verarbeitung gew\u00e4hrleisten eine zuverl\u00e4ssige Leistung.<\/p>\n<p data-start=\"1294\" data-end=\"1549\"><strong data-start=\"1294\" data-end=\"1312\">Eigenschaften:<\/strong><br data-start=\"1312\" data-end=\"1315\" \/><strong data-start=\"1315\" data-end=\"1331\">Produktname:<\/strong> 40\u00d790,2\u00d729 Linde Aufzugslager<br data-start=\"1361\" data-end=\"1364\" \/><strong data-start=\"1364\" data-end=\"1380\">Teilenummer:<\/strong> 9249476<br data-start=\"1388\" data-end=\"1391\" \/><strong data-start=\"1391\" data-end=\"1404\">Material:<\/strong> Hochwertiger W\u00e4lzlagerstahl<br data-start=\"1432\" data-end=\"1435\" \/><strong data-start=\"1435\" data-end=\"1457\">Anwendungsbereich:<\/strong> Linde-Aufzugssysteme<br data-start=\"1478\" data-end=\"1481\" \/><strong data-start=\"1481\" data-end=\"1493\">Vorteil:<\/strong> Hohe Haltbarkeit, pr\u00e4zise Funktion, lange Lebensdauer<\/p>\n<p data-start=\"1551\" data-end=\"1802\">\n","protected":false},"featured_media":14559,"template":"","meta":[],"product_brand":[],"product_cat":[246,457,523],"product_tag":[],"class_list":{"0":"post-14557","1":"product","2":"type-product","3":"status-publish","4":"has-post-thumbnail","6":"product_cat-linde","7":"product_cat-asansor-rulmanlari","8":"product_cat-yedek-parca-linde","10":"first","11":"instock","12":"taxable","13":"shipping-taxable","14":"purchasable","15":"product-type-simple"},"_links":{"self":[{"href":"https:\/\/ceoparts.com\/de\/wp-json\/wp\/v2\/product\/14557","targetHints":{"allow":["GET"]}}],"collection":[{"href":"https:\/\/ceoparts.com\/de\/wp-json\/wp\/v2\/product"}],"about":[{"href":"https:\/\/ceoparts.com\/de\/wp-json\/wp\/v2\/types\/product"}],"wp:featuredmedia":[{"embeddable":true,"href":"https:\/\/ceoparts.com\/de\/wp-json\/wp\/v2\/media\/14559"}],"wp:attachment":[{"href":"https:\/\/ceoparts.com\/de\/wp-json\/wp\/v2\/media?parent=14557"}],"wp:term":[{"taxonomy":"product_brand","embeddable":true,"href":"https:\/\/ceoparts.com\/de\/wp-json\/wp\/v2\/product_brand?post=14557"},{"taxonomy":"product_cat","embeddable":true,"href":"https:\/\/ceoparts.com\/de\/wp-json\/wp\/v2\/product_cat?post=14557"},{"taxonomy":"product_tag","embeddable":true,"href":"https:\/\/ceoparts.com\/de\/wp-json\/wp\/v2\/product_tag?post=14557"}],"curies":[{"name":"wp","href":"https:\/\/api.w.org\/{rel}","templated":true}]}}