{"id":14563,"date":"2025-02-13T17:47:52","date_gmt":"2025-02-13T14:47:52","guid":{"rendered":"https:\/\/ceoparts.com\/?post_type=product&#038;p=14563"},"modified":"2026-05-16T15:09:13","modified_gmt":"2026-05-16T12:09:13","slug":"52x25x25-asansor-rulmani-nutr205-x-3as-ntn","status":"publish","type":"product","link":"https:\/\/ceoparts.com\/de\/urun\/52x25x25-asansor-rulmani-nutr205-x-3as-ntn\/","title":{"rendered":"52x25x25 Aufzugslager &#8211; NUTR205 X\/3AS NTN"},"content":{"rendered":"<p>52x25x25 Aufzugslager &#8211; NUTR205 X\/3AS NTN<\/p>","protected":false},"excerpt":{"rendered":"<p data-start=\"0\" data-end=\"263\"><br data-start=\"1052\" data-end=\"1055\" \/>Das <strong data-start=\"1059\" data-end=\"1104\">52x25x25 Aufzugslager &#8211; NUTR205 X\/3AS NTN<\/strong> ist speziell f\u00fcr Anwendungen konzipiert, die hohe Haltbarkeit und Pr\u00e4zision in Aufzugsystemen erfordern. Hochwertiges Material und erstklassige Verarbeitung gew\u00e4hrleisten eine lange Lebensdauer.<\/p>\n<p data-start=\"1301\" data-end=\"1571\"><strong data-start=\"1301\" data-end=\"1319\">Eigenschaften:<\/strong><br data-start=\"1319\" data-end=\"1322\" \/><strong data-start=\"1322\" data-end=\"1338\">Produktname:<\/strong> 52x25x25 Aufzugslager &#8211; NUTR205 X\/3AS NTN<br data-start=\"1380\" data-end=\"1383\" \/><strong data-start=\"1383\" data-end=\"1399\">Teilenummer:<\/strong> NUTR205 X\/3AS NTN<br data-start=\"1417\" data-end=\"1420\" \/><strong data-start=\"1420\" data-end=\"1433\">Material:<\/strong> Hochwertiger W\u00e4lzlagerstahl<br data-start=\"1461\" data-end=\"1464\" \/><strong data-start=\"1464\" data-end=\"1486\">Anwendungsbereich:<\/strong> Aufzugsysteme<br data-start=\"1500\" data-end=\"1503\" \/><strong data-start=\"1503\" data-end=\"1515\">Vorteil:<\/strong> Hohe Haltbarkeit, pr\u00e4zise Funktion, lange Lebensdauer<\/p>\n<p data-start=\"1573\" data-end=\"1814\">\n","protected":false},"featured_media":14567,"template":"","meta":[],"product_brand":[],"product_cat":[457],"product_tag":[],"class_list":{"0":"post-14563","1":"product","2":"type-product","3":"status-publish","4":"has-post-thumbnail","6":"product_cat-asansor-rulmanlari","8":"first","9":"instock","10":"taxable","11":"shipping-taxable","12":"purchasable","13":"product-type-simple"},"_links":{"self":[{"href":"https:\/\/ceoparts.com\/de\/wp-json\/wp\/v2\/product\/14563","targetHints":{"allow":["GET"]}}],"collection":[{"href":"https:\/\/ceoparts.com\/de\/wp-json\/wp\/v2\/product"}],"about":[{"href":"https:\/\/ceoparts.com\/de\/wp-json\/wp\/v2\/types\/product"}],"wp:featuredmedia":[{"embeddable":true,"href":"https:\/\/ceoparts.com\/de\/wp-json\/wp\/v2\/media\/14567"}],"wp:attachment":[{"href":"https:\/\/ceoparts.com\/de\/wp-json\/wp\/v2\/media?parent=14563"}],"wp:term":[{"taxonomy":"product_brand","embeddable":true,"href":"https:\/\/ceoparts.com\/de\/wp-json\/wp\/v2\/product_brand?post=14563"},{"taxonomy":"product_cat","embeddable":true,"href":"https:\/\/ceoparts.com\/de\/wp-json\/wp\/v2\/product_cat?post=14563"},{"taxonomy":"product_tag","embeddable":true,"href":"https:\/\/ceoparts.com\/de\/wp-json\/wp\/v2\/product_tag?post=14563"}],"curies":[{"name":"wp","href":"https:\/\/api.w.org\/{rel}","templated":true}]}}