{"id":14569,"date":"2025-02-15T10:35:53","date_gmt":"2025-02-15T07:35:53","guid":{"rendered":"https:\/\/ceoparts.com\/?post_type=product&#038;p=14569"},"modified":"2026-05-16T06:16:36","modified_gmt":"2026-05-16T03:16:36","slug":"6005-metal-rulman","status":"publish","type":"product","link":"https:\/\/ceoparts.com\/de\/urun\/6005-metal-rulman\/","title":{"rendered":"6005 Metalllager"},"content":{"rendered":"<p>6005 Metalllager<\/p>\n<p><\/p>\n<ul>\n<li data-start=\"131\" data-end=\"161\">Bohrungsdurchmesser: 25 mm<\/li>\n<li data-start=\"162\" data-end=\"189\">Au\u00dfendurchmesser: 47 mm<\/li>\n<li data-start=\"190\" data-end=\"207\">Breite: 12 mm<\/li>\n<\/ul>\n<p><\/p>","protected":false},"excerpt":{"rendered":"<p data-start=\"0\" data-end=\"219\"><br data-start=\"1117\" data-end=\"1120\" \/>Das <strong data-start=\"1124\" data-end=\"1144\">6005 Metalllager<\/strong> wird in industriellen Anwendungen h\u00e4ufig eingesetzt und verf\u00fcgt \u00fcber Metallabdeckungen zum Schutz vor \u00e4u\u00dferen Einfl\u00fcssen. Es bietet hohe Haltbarkeit, geringe Reibung und einen leisen Betrieb f\u00fcr eine lange Lebensdauer.<\/p>\n<p data-start=\"1365\" data-end=\"1712\"><strong data-start=\"1365\" data-end=\"1383\">Eigenschaften:<\/strong><br data-start=\"1383\" data-end=\"1386\" \/><strong data-start=\"1386\" data-end=\"1402\">Produktname:<\/strong> 6005 Metalllager<br data-start=\"1419\" data-end=\"1422\" \/><strong data-start=\"1422\" data-end=\"1438\">Teilenummer:<\/strong> Nicht angegeben<br data-start=\"1454\" data-end=\"1457\" \/><strong data-start=\"1457\" data-end=\"1470\">Material:<\/strong> Hochwertiger W\u00e4lzlagerstahl, metallabgedeckt<br data-start=\"1515\" data-end=\"1518\" \/><strong data-start=\"1518\" data-end=\"1540\">Anwendungsbereich:<\/strong> Elektromotoren, Maschinenausr\u00fcstung, allgemeine industrielle Anwendungen<br data-start=\"1613\" data-end=\"1616\" \/><strong data-start=\"1616\" data-end=\"1628\">Vorteil:<\/strong> Schutz vor \u00e4u\u00dferen Einfl\u00fcssen, geringe Reibung, lange Lebensdauer, leiser Betrieb<\/p>\n<p data-start=\"1714\" data-end=\"1951\">\n","protected":false},"featured_media":14570,"template":"","meta":[],"product_brand":[],"product_cat":[458],"product_tag":[],"class_list":{"0":"post-14569","1":"product","2":"type-product","3":"status-publish","4":"has-post-thumbnail","6":"product_cat-denge-teker-rulmanlari","8":"first","9":"instock","10":"taxable","11":"shipping-taxable","12":"purchasable","13":"product-type-simple"},"_links":{"self":[{"href":"https:\/\/ceoparts.com\/de\/wp-json\/wp\/v2\/product\/14569","targetHints":{"allow":["GET"]}}],"collection":[{"href":"https:\/\/ceoparts.com\/de\/wp-json\/wp\/v2\/product"}],"about":[{"href":"https:\/\/ceoparts.com\/de\/wp-json\/wp\/v2\/types\/product"}],"wp:featuredmedia":[{"embeddable":true,"href":"https:\/\/ceoparts.com\/de\/wp-json\/wp\/v2\/media\/14570"}],"wp:attachment":[{"href":"https:\/\/ceoparts.com\/de\/wp-json\/wp\/v2\/media?parent=14569"}],"wp:term":[{"taxonomy":"product_brand","embeddable":true,"href":"https:\/\/ceoparts.com\/de\/wp-json\/wp\/v2\/product_brand?post=14569"},{"taxonomy":"product_cat","embeddable":true,"href":"https:\/\/ceoparts.com\/de\/wp-json\/wp\/v2\/product_cat?post=14569"},{"taxonomy":"product_tag","embeddable":true,"href":"https:\/\/ceoparts.com\/de\/wp-json\/wp\/v2\/product_tag?post=14569"}],"curies":[{"name":"wp","href":"https:\/\/api.w.org\/{rel}","templated":true}]}}