{"id":14574,"date":"2025-02-15T11:01:52","date_gmt":"2025-02-15T08:01:52","guid":{"rendered":"https:\/\/ceoparts.com\/?post_type=product&#038;p=14574"},"modified":"2026-05-16T06:16:42","modified_gmt":"2026-05-16T03:16:42","slug":"6204-c3-metal-rulman","status":"publish","type":"product","link":"https:\/\/ceoparts.com\/de\/urun\/6204-c3-metal-rulman\/","title":{"rendered":"6204\/C3 Metalllager"},"content":{"rendered":"<p>6204\/C3 Metalllager<\/p>\n<p><\/p>\n<table class=\"table\" aria-describedby=\"Boyutlar\">\n<tbody>\n<tr>\n<td class=\"feature-name\">Bohrungsdurchmesser<\/td>\n<td class=\"feature-value value-no-wrap\"><span class=\"value\">20<\/span><span class=\"unit\">\u00a0mm<\/span><\/td>\n<\/tr>\n<tr>\n<td class=\"feature-name\">Au\u00dfendurchmesser<\/td>\n<td class=\"feature-value value-no-wrap\"><span class=\"value\">47<\/span><span class=\"unit\">\u00a0mm<\/span><\/td>\n<\/tr>\n<tr>\n<td class=\"feature-name\">Breite<\/td>\n<td class=\"feature-value value-no-wrap\"><span class=\"value\">14<\/span><span class=\"unit\">\u00a0mm<\/span><\/td>\n<\/tr>\n<\/tbody>\n<\/table>\n<p><\/p>","protected":false},"excerpt":{"rendered":"<p data-start=\"0\" data-end=\"237\"><br data-start=\"1165\" data-end=\"1168\" \/>Das <strong data-start=\"1172\" data-end=\"1195\">6204\/C3 Metalllager<\/strong> wird in industriellen Anwendungen eingesetzt und verf\u00fcgt \u00fcber einen C3-Spalt f\u00fcr \u00fcberlegene Leistung bei hohen Geschwindigkeiten und schweren Lasten. Die Metallabdeckung sch\u00fctzt vor \u00e4u\u00dferen Einfl\u00fcssen und sorgt f\u00fcr eine lange Lebensdauer.<\/p>\n<p data-start=\"1436\" data-end=\"1775\"><strong data-start=\"1436\" data-end=\"1454\">Eigenschaften:<\/strong><br data-start=\"1454\" data-end=\"1457\" \/><strong data-start=\"1457\" data-end=\"1473\">Produktname:<\/strong> 6204\/C3 Metalllager<br data-start=\"1493\" data-end=\"1496\" \/><strong data-start=\"1496\" data-end=\"1512\">Teilenummer:<\/strong> Nicht angegeben<br data-start=\"1528\" data-end=\"1531\" \/><strong data-start=\"1531\" data-end=\"1544\">Material:<\/strong> Hochwertiger W\u00e4lzlagerstahl, metallabgedeckt<br data-start=\"1589\" data-end=\"1592\" \/><strong data-start=\"1592\" data-end=\"1614\">Anwendungsbereich:<\/strong> Schwermaschinen, Elektromotoren, industrielle Anwendungen<br data-start=\"1672\" data-end=\"1675\" \/><strong data-start=\"1675\" data-end=\"1687\">Vorteil:<\/strong> C3-Spalt, hohe Geschwindigkeitstauglichkeit, langlebig, Schutz vor \u00e4u\u00dferen Einfl\u00fcssen<\/p>\n<p data-start=\"1777\" data-end=\"2034\">\n","protected":false},"featured_media":14575,"template":"","meta":[],"product_brand":[],"product_cat":[458],"product_tag":[],"class_list":{"0":"post-14574","1":"product","2":"type-product","3":"status-publish","4":"has-post-thumbnail","6":"product_cat-denge-teker-rulmanlari","8":"first","9":"instock","10":"taxable","11":"shipping-taxable","12":"purchasable","13":"product-type-simple"},"_links":{"self":[{"href":"https:\/\/ceoparts.com\/de\/wp-json\/wp\/v2\/product\/14574","targetHints":{"allow":["GET"]}}],"collection":[{"href":"https:\/\/ceoparts.com\/de\/wp-json\/wp\/v2\/product"}],"about":[{"href":"https:\/\/ceoparts.com\/de\/wp-json\/wp\/v2\/types\/product"}],"wp:featuredmedia":[{"embeddable":true,"href":"https:\/\/ceoparts.com\/de\/wp-json\/wp\/v2\/media\/14575"}],"wp:attachment":[{"href":"https:\/\/ceoparts.com\/de\/wp-json\/wp\/v2\/media?parent=14574"}],"wp:term":[{"taxonomy":"product_brand","embeddable":true,"href":"https:\/\/ceoparts.com\/de\/wp-json\/wp\/v2\/product_brand?post=14574"},{"taxonomy":"product_cat","embeddable":true,"href":"https:\/\/ceoparts.com\/de\/wp-json\/wp\/v2\/product_cat?post=14574"},{"taxonomy":"product_tag","embeddable":true,"href":"https:\/\/ceoparts.com\/de\/wp-json\/wp\/v2\/product_tag?post=14574"}],"curies":[{"name":"wp","href":"https:\/\/api.w.org\/{rel}","templated":true}]}}