{"id":14587,"date":"2025-02-15T11:56:17","date_gmt":"2025-02-15T08:56:17","guid":{"rendered":"https:\/\/ceoparts.com\/?post_type=product&#038;p=14587"},"modified":"2026-05-16T06:16:10","modified_gmt":"2026-05-16T03:16:10","slug":"6303-zz-metal-rulman","status":"publish","type":"product","link":"https:\/\/ceoparts.com\/de\/urun\/6303-zz-metal-rulman\/","title":{"rendered":"6303\/ZZ Metalllager"},"content":{"rendered":"<p>6303\/ZZ Metalllager<\/p>\n<p><\/p>\n<table class=\"table\" aria-describedby=\"Boyutlar\">\n<tbody>\n<tr>\n<td class=\"feature-name\">Bohrungsdurchmesser<\/td>\n<td class=\"feature-value value-no-wrap\"><span class=\"value\">17<\/span><span class=\"unit\">\u00a0mm<\/span><\/td>\n<\/tr>\n<tr>\n<td class=\"feature-name\">Au\u00dfendurchmesser<\/td>\n<td class=\"feature-value value-no-wrap\"><span class=\"value\">47<\/span><span class=\"unit\">\u00a0mm<\/span><\/td>\n<\/tr>\n<tr>\n<td class=\"feature-name\">Breite<\/td>\n<td class=\"feature-value value-no-wrap\"><span class=\"value\">14<\/span><span class=\"unit\">\u00a0mm<\/span><\/td>\n<\/tr>\n<\/tbody>\n<\/table>\n<p><\/p>","protected":false},"excerpt":{"rendered":"<p data-start=\"0\" data-end=\"243\"><br data-start=\"1074\" data-end=\"1077\" \/>Das <strong data-start=\"1081\" data-end=\"1104\">6303\/ZZ Metalllager<\/strong> wird h\u00e4ufig in industriellen Anwendungen eingesetzt und verf\u00fcgt \u00fcber doppelte Metallabdeckungen zum Schutz vor Staub und Schmutz. Es bietet hohe Haltbarkeit und niedrige Reibung f\u00fcr eine lange Lebensdauer.<\/p>\n<p data-start=\"1312\" data-end=\"1627\"><strong data-start=\"1312\" data-end=\"1330\">Eigenschaften:<\/strong><br data-start=\"1330\" data-end=\"1333\" \/><strong data-start=\"1333\" data-end=\"1349\">Produktname:<\/strong> 6303\/ZZ Metalllager<br data-start=\"1369\" data-end=\"1372\" \/><strong data-start=\"1372\" data-end=\"1388\">Teilenummer:<\/strong> Nicht angegeben<br data-start=\"1404\" data-end=\"1407\" \/><strong data-start=\"1407\" data-end=\"1420\">Material:<\/strong> Hochwertiger W\u00e4lzlagerstahl, metallabgedeckt<br data-start=\"1465\" data-end=\"1468\" \/><strong data-start=\"1468\" data-end=\"1490\">Anwendungsbereich:<\/strong> Industriemaschinen, Elektromotoren, allgemeine mechanische Systeme<br data-start=\"1557\" data-end=\"1560\" \/><strong data-start=\"1560\" data-end=\"1572\">Vorteil:<\/strong> Schutz vor Staub, geringe Reibung, lange Lebensdauer<\/p>\n<p data-start=\"1629\" data-end=\"1867\">\n","protected":false},"featured_media":14591,"template":"","meta":[],"product_brand":[],"product_cat":[458],"product_tag":[],"class_list":{"0":"post-14587","1":"product","2":"type-product","3":"status-publish","4":"has-post-thumbnail","6":"product_cat-denge-teker-rulmanlari","8":"first","9":"instock","10":"taxable","11":"shipping-taxable","12":"purchasable","13":"product-type-simple"},"_links":{"self":[{"href":"https:\/\/ceoparts.com\/de\/wp-json\/wp\/v2\/product\/14587","targetHints":{"allow":["GET"]}}],"collection":[{"href":"https:\/\/ceoparts.com\/de\/wp-json\/wp\/v2\/product"}],"about":[{"href":"https:\/\/ceoparts.com\/de\/wp-json\/wp\/v2\/types\/product"}],"wp:featuredmedia":[{"embeddable":true,"href":"https:\/\/ceoparts.com\/de\/wp-json\/wp\/v2\/media\/14591"}],"wp:attachment":[{"href":"https:\/\/ceoparts.com\/de\/wp-json\/wp\/v2\/media?parent=14587"}],"wp:term":[{"taxonomy":"product_brand","embeddable":true,"href":"https:\/\/ceoparts.com\/de\/wp-json\/wp\/v2\/product_brand?post=14587"},{"taxonomy":"product_cat","embeddable":true,"href":"https:\/\/ceoparts.com\/de\/wp-json\/wp\/v2\/product_cat?post=14587"},{"taxonomy":"product_tag","embeddable":true,"href":"https:\/\/ceoparts.com\/de\/wp-json\/wp\/v2\/product_tag?post=14587"}],"curies":[{"name":"wp","href":"https:\/\/api.w.org\/{rel}","templated":true}]}}