{"id":14713,"date":"2025-02-17T15:14:11","date_gmt":"2025-02-17T12:14:11","guid":{"rendered":"https:\/\/ceoparts.com\/?post_type=product&#038;p=14713"},"modified":"2026-05-16T19:47:01","modified_gmt":"2026-05-16T16:47:01","slug":"linde-t16-1152-dis-kapak-11524320601","status":"publish","type":"product","link":"https:\/\/ceoparts.com\/de\/urun\/linde-t16-1152-dis-kapak-11524320601\/","title":{"rendered":"Linde T16 1152 Au\u00dfendeckel &#8211; 11524320601"},"content":{"rendered":"<p>Linde T16 1152 Au\u00dfendeckel &#8211; 11524320601<\/p>\n<p>Linde 11524320601<\/p>\n<table border=\"0\" width=\"191\" cellspacing=\"0\" cellpadding=\"0\">\n<colgroup>\n<col width=\"64\" \/>\n<col width=\"127\" \/><\/colgroup>\n<tbody>\n<tr>\n<td class=\"xl63\" width=\"64\" height=\"20\"><span style=\"font-family: Calibri;\">1151<\/span><\/td>\n<td class=\"xl63\" width=\"127\"><span style=\"font-family: Calibri;\">T16\/T16P\/T20\/T20P<\/span><\/td>\n<\/tr>\n<tr>\n<td class=\"xl63\" height=\"20\"><span style=\"font-family: Calibri;\">1152<\/span><\/td>\n<td class=\"xl63\"><span style=\"font-family: Calibri;\">T16\/T18\/T20\/T16L<\/span><\/td>\n<\/tr>\n<tr>\n<td class=\"xl63\" height=\"20\"><span style=\"font-family: Calibri;\">1152<\/span><\/td>\n<td class=\"xl63\"><span style=\"font-family: Calibri;\">T16\/T18\/T20\/T16L<\/span><\/td>\n<\/tr>\n<tr>\n<td class=\"xl63\" height=\"20\"><span style=\"font-family: Calibri;\">1152<\/span><\/td>\n<td class=\"xl63\"><span style=\"font-family: Calibri;\">T16\/T18\/T20\/T16L<\/span><\/td>\n<\/tr>\n<tr>\n<td class=\"xl63\" height=\"20\"><span style=\"font-family: Calibri;\">1160<\/span><\/td>\n<td class=\"xl63\"><span style=\"font-family: Calibri;\">D06\/D08<\/span><\/td>\n<\/tr>\n<\/tbody>\n<\/table>","protected":false},"excerpt":{"rendered":"<p data-start=\"0\" data-end=\"292\"><br data-start=\"1139\" data-end=\"1142\" \/>Die <strong data-start=\"1146\" data-end=\"1179\">Linde T16 1152 Au\u00dfenabdeckung<\/strong> ist ein langlebiges und hochwertiges Bauteil, das verwendet wird, um die \u00e4u\u00dferen Mechanismen und Karosserieteile von Gabelstaplern vor Staub, St\u00f6\u00dfen und \u00e4u\u00dferen Einfl\u00fcssen zu sch\u00fctzen. Die hochfeste Konstruktion unterst\u00fctzt einen sicheren und langlebigen Betrieb.<\/p>\n<p data-start=\"1445\" data-end=\"1752\"><strong data-start=\"1445\" data-end=\"1463\">Eigenschaften:<\/strong><br data-start=\"1463\" data-end=\"1466\" \/><strong data-start=\"1466\" data-end=\"1482\">Produktname:<\/strong> Linde T16 1152 Au\u00dfenabdeckung<br data-start=\"1512\" data-end=\"1515\" \/><strong data-start=\"1515\" data-end=\"1531\">Teilenummer:<\/strong> 11524320601<br data-start=\"1543\" data-end=\"1546\" \/><strong data-start=\"1546\" data-end=\"1559\">Material:<\/strong> Hochfester Kunststoff<br data-start=\"1581\" data-end=\"1584\" \/><strong data-start=\"1584\" data-end=\"1606\">Anwendungsbereich:<\/strong> Au\u00dfengeh\u00e4use und Abdeckungssysteme f\u00fcr Linde T16 Gabelstapler<br data-start=\"1668\" data-end=\"1671\" \/><strong data-start=\"1671\" data-end=\"1683\">Vorteil:<\/strong> Schutz vor \u00e4u\u00dferen Einfl\u00fcssen, robuste Bauweise, lange Lebensdauer<\/p>\n<p data-start=\"1754\" data-end=\"2033\">\n","protected":false},"featured_media":14716,"template":"","meta":[],"product_brand":[],"product_cat":[246,472,523],"product_tag":[],"class_list":{"0":"post-14713","1":"product","2":"type-product","3":"status-publish","4":"has-post-thumbnail","6":"product_cat-linde","7":"product_cat-kaporta-aksami","8":"product_cat-yedek-parca-linde","10":"first","11":"instock","12":"taxable","13":"shipping-taxable","14":"purchasable","15":"product-type-simple"},"_links":{"self":[{"href":"https:\/\/ceoparts.com\/de\/wp-json\/wp\/v2\/product\/14713","targetHints":{"allow":["GET"]}}],"collection":[{"href":"https:\/\/ceoparts.com\/de\/wp-json\/wp\/v2\/product"}],"about":[{"href":"https:\/\/ceoparts.com\/de\/wp-json\/wp\/v2\/types\/product"}],"wp:featuredmedia":[{"embeddable":true,"href":"https:\/\/ceoparts.com\/de\/wp-json\/wp\/v2\/media\/14716"}],"wp:attachment":[{"href":"https:\/\/ceoparts.com\/de\/wp-json\/wp\/v2\/media?parent=14713"}],"wp:term":[{"taxonomy":"product_brand","embeddable":true,"href":"https:\/\/ceoparts.com\/de\/wp-json\/wp\/v2\/product_brand?post=14713"},{"taxonomy":"product_cat","embeddable":true,"href":"https:\/\/ceoparts.com\/de\/wp-json\/wp\/v2\/product_cat?post=14713"},{"taxonomy":"product_tag","embeddable":true,"href":"https:\/\/ceoparts.com\/de\/wp-json\/wp\/v2\/product_tag?post=14713"}],"curies":[{"name":"wp","href":"https:\/\/api.w.org\/{rel}","templated":true}]}}