{"id":14720,"date":"2025-02-17T15:31:06","date_gmt":"2025-02-17T12:31:06","guid":{"rendered":"https:\/\/ceoparts.com\/?post_type=product&#038;p=14720"},"modified":"2026-05-16T14:48:07","modified_gmt":"2026-05-16T11:48:07","slug":"toyota-bt-lwe-aku-ust-kapak-256123001","status":"publish","type":"product","link":"https:\/\/ceoparts.com\/de\/urun\/toyota-bt-lwe-aku-ust-kapak-256123001\/","title":{"rendered":"Toyota BT \/ LWE Batterie Oberdeckel &#8211; 256123001"},"content":{"rendered":"<p>Toyota BT \/ LWE Batterie Oberdeckel &#8211; 256123001<\/p>","protected":false},"excerpt":{"rendered":"<p data-start=\"0\" data-end=\"244\"><br data-start=\"1035\" data-end=\"1038\" \/>Die <strong data-start=\"1042\" data-end=\"1081\">Toyota BT \/ LWE Batteriedeckel oben<\/strong> ist ein langlebiges und robustes Bauteil, das in Gabelstaplern verwendet wird, um die Batterie vor \u00e4u\u00dferen Einfl\u00fcssen zu sch\u00fctzen. Das hochwertige Material erh\u00f6ht die Sicherheit der Batterie und sorgt f\u00fcr eine lange Lebensdauer.<\/p>\n<p data-start=\"1312\" data-end=\"1598\"><strong data-start=\"1312\" data-end=\"1330\">Eigenschaften:<\/strong><br data-start=\"1330\" data-end=\"1333\" \/><strong data-start=\"1333\" data-end=\"1349\">Produktname:<\/strong> Toyota BT \/ LWE Batteriedeckel oben<br data-start=\"1385\" data-end=\"1388\" \/><strong data-start=\"1388\" data-end=\"1404\">Teilenummer:<\/strong> 256123001<br data-start=\"1414\" data-end=\"1417\" \/><strong data-start=\"1417\" data-end=\"1430\">Material:<\/strong> Hochfester Kunststoff<br data-start=\"1452\" data-end=\"1455\" \/><strong data-start=\"1455\" data-end=\"1477\">Anwendungsbereich:<\/strong> Toyota BT \/ LWE Gabelstapler Batterie-Schutzsysteme<br data-start=\"1529\" data-end=\"1532\" \/><strong data-start=\"1532\" data-end=\"1544\">Vorteil:<\/strong> Batterieschutz, robuste Bauweise, lange Lebensdauer<\/p>\n<p data-start=\"1600\" data-end=\"1848\">\n","protected":false},"featured_media":14722,"template":"","meta":[],"product_brand":[],"product_cat":[472,518,521,530,251],"product_tag":[],"class_list":{"0":"post-14720","1":"product","2":"type-product","3":"status-publish","4":"has-post-thumbnail","6":"product_cat-kaporta-aksami","7":"product_cat-yedek-parca-bt","8":"product_cat-toyota","9":"product_cat-yedek-parca-toyota","10":"product_cat-bt","12":"first","13":"instock","14":"taxable","15":"shipping-taxable","16":"purchasable","17":"product-type-simple"},"_links":{"self":[{"href":"https:\/\/ceoparts.com\/de\/wp-json\/wp\/v2\/product\/14720","targetHints":{"allow":["GET"]}}],"collection":[{"href":"https:\/\/ceoparts.com\/de\/wp-json\/wp\/v2\/product"}],"about":[{"href":"https:\/\/ceoparts.com\/de\/wp-json\/wp\/v2\/types\/product"}],"wp:featuredmedia":[{"embeddable":true,"href":"https:\/\/ceoparts.com\/de\/wp-json\/wp\/v2\/media\/14722"}],"wp:attachment":[{"href":"https:\/\/ceoparts.com\/de\/wp-json\/wp\/v2\/media?parent=14720"}],"wp:term":[{"taxonomy":"product_brand","embeddable":true,"href":"https:\/\/ceoparts.com\/de\/wp-json\/wp\/v2\/product_brand?post=14720"},{"taxonomy":"product_cat","embeddable":true,"href":"https:\/\/ceoparts.com\/de\/wp-json\/wp\/v2\/product_cat?post=14720"},{"taxonomy":"product_tag","embeddable":true,"href":"https:\/\/ceoparts.com\/de\/wp-json\/wp\/v2\/product_tag?post=14720"}],"curies":[{"name":"wp","href":"https:\/\/api.w.org\/{rel}","templated":true}]}}