{"id":14726,"date":"2025-02-17T15:39:23","date_gmt":"2025-02-17T12:39:23","guid":{"rendered":"https:\/\/ceoparts.com\/?post_type=product&#038;p=14726"},"modified":"2026-05-16T17:22:29","modified_gmt":"2026-05-16T14:22:29","slug":"still-kapak-0702730","status":"publish","type":"product","link":"https:\/\/ceoparts.com\/de\/urun\/still-kapak-0702730\/","title":{"rendered":"Still Abdeckung &#8211; 0702730"},"content":{"rendered":"<p>Still Abdeckung &#8211; 0702730<\/p>","protected":false},"excerpt":{"rendered":"<p>RX20 6210-6217<br \/>\nRX60-19-20 6311-13-15<\/p>\n<p data-start=\"0\" data-end=\"313\"><br data-start=\"1118\" data-end=\"1121\" \/>Die <strong data-start=\"1125\" data-end=\"1144\">Still Abdeckung<\/strong> ist ein langlebiges und hochwertiges Bauteil f\u00fcr Gabelstapler, das interne Mechanismen und Steuerungskomponenten vor \u00e4u\u00dferen Einfl\u00fcssen, Staub und St\u00f6\u00dfen sch\u00fctzt. Ihre robuste Bauweise gew\u00e4hrleistet einen sicheren und langlebigen Betrieb.<\/p>\n<p data-start=\"1385\" data-end=\"1668\"><strong data-start=\"1385\" data-end=\"1403\">Eigenschaften:<\/strong><br data-start=\"1403\" data-end=\"1406\" \/><strong data-start=\"1406\" data-end=\"1422\">Produktname:<\/strong> Still Abdeckung<br data-start=\"1438\" data-end=\"1441\" \/><strong data-start=\"1441\" data-end=\"1457\">Teilenummer:<\/strong> 0702730<br data-start=\"1465\" data-end=\"1468\" \/><strong data-start=\"1468\" data-end=\"1481\">Material:<\/strong> Hochfester Kunststoff<br data-start=\"1503\" data-end=\"1506\" \/><strong data-start=\"1506\" data-end=\"1528\">Anwendungsbereich:<\/strong> Geh\u00e4use- und Mechanikabdeckungen f\u00fcr Still Gabelstapler<br data-start=\"1584\" data-end=\"1587\" \/><strong data-start=\"1587\" data-end=\"1599\">Vorteil:<\/strong> Schutz vor \u00e4u\u00dferen Einfl\u00fcssen, robuste Bauweise, lange Lebensdauer<\/p>\n<p data-start=\"1670\" data-end=\"1884\">\n","protected":false},"featured_media":14728,"template":"","meta":[],"product_brand":[],"product_cat":[241,472,524],"product_tag":[],"class_list":{"0":"post-14726","1":"product","2":"type-product","3":"status-publish","4":"has-post-thumbnail","6":"product_cat-still","7":"product_cat-kaporta-aksami","8":"product_cat-yedek-parca-still","10":"first","11":"instock","12":"taxable","13":"shipping-taxable","14":"purchasable","15":"product-type-simple"},"_links":{"self":[{"href":"https:\/\/ceoparts.com\/de\/wp-json\/wp\/v2\/product\/14726","targetHints":{"allow":["GET"]}}],"collection":[{"href":"https:\/\/ceoparts.com\/de\/wp-json\/wp\/v2\/product"}],"about":[{"href":"https:\/\/ceoparts.com\/de\/wp-json\/wp\/v2\/types\/product"}],"wp:featuredmedia":[{"embeddable":true,"href":"https:\/\/ceoparts.com\/de\/wp-json\/wp\/v2\/media\/14728"}],"wp:attachment":[{"href":"https:\/\/ceoparts.com\/de\/wp-json\/wp\/v2\/media?parent=14726"}],"wp:term":[{"taxonomy":"product_brand","embeddable":true,"href":"https:\/\/ceoparts.com\/de\/wp-json\/wp\/v2\/product_brand?post=14726"},{"taxonomy":"product_cat","embeddable":true,"href":"https:\/\/ceoparts.com\/de\/wp-json\/wp\/v2\/product_cat?post=14726"},{"taxonomy":"product_tag","embeddable":true,"href":"https:\/\/ceoparts.com\/de\/wp-json\/wp\/v2\/product_tag?post=14726"}],"curies":[{"name":"wp","href":"https:\/\/api.w.org\/{rel}","templated":true}]}}