{"id":14776,"date":"2025-02-17T17:49:18","date_gmt":"2025-02-17T14:49:18","guid":{"rendered":"https:\/\/ceoparts.com\/?post_type=product&#038;p=14776"},"modified":"2026-05-16T17:22:51","modified_gmt":"2026-05-16T14:22:51","slug":"bt-lpe200-gogus-kapagi-7530300","status":"publish","type":"product","link":"https:\/\/ceoparts.com\/de\/urun\/bt-lpe200-gogus-kapagi-7530300\/","title":{"rendered":"BT LPE200 Geh\u00e4useabdeckung &#8211; 7530300"},"content":{"rendered":"<p>BT LPE200 Geh\u00e4useabdeckung &#8211; 7530300<\/p>","protected":false},"excerpt":{"rendered":"<p data-start=\"0\" data-end=\"271\"><br data-start=\"1133\" data-end=\"1136\" \/>Die in Gabelstaplern eingesetzte <strong data-start=\"1169\" data-end=\"1197\">BT LPE200 Frontabdeckung<\/strong> sch\u00fctzt den vorderen Bedienbereich des Gabelstaplers zuverl\u00e4ssig vor \u00e4u\u00dferen Einfl\u00fcssen. Die robuste Konstruktion bietet eine lange Lebensdauer bei St\u00f6\u00dfen und in anspruchsvollen Arbeitsumgebungen.<\/p>\n<p data-start=\"1396\" data-end=\"1699\"><strong data-start=\"1396\" data-end=\"1414\">Eigenschaften:<\/strong><br data-start=\"1414\" data-end=\"1417\" \/><strong data-start=\"1417\" data-end=\"1433\">Produktname:<\/strong> BT LPE200 Frontabdeckung<br data-start=\"1458\" data-end=\"1461\" \/><strong data-start=\"1461\" data-end=\"1477\">Teilenummer:<\/strong> 7530300<br data-start=\"1485\" data-end=\"1488\" \/><strong data-start=\"1488\" data-end=\"1501\">Material:<\/strong> Hochfester Kunststoff<br data-start=\"1523\" data-end=\"1526\" \/><strong data-start=\"1526\" data-end=\"1548\">Anwendungsbereich:<\/strong> Schutzsysteme f\u00fcr die Frontbedienblende bei BT LPE200 Gabelstaplern<br data-start=\"1616\" data-end=\"1619\" \/><strong data-start=\"1619\" data-end=\"1631\">Vorteil:<\/strong> Robuste Bauweise, einfache Montage, Schutz vor \u00e4u\u00dferen Einfl\u00fcssen<\/p>\n<p data-start=\"1701\" data-end=\"1962\">\n","protected":false},"featured_media":14779,"template":"","meta":[],"product_brand":[],"product_cat":[251,472,518],"product_tag":[],"class_list":{"0":"post-14776","1":"product","2":"type-product","3":"status-publish","4":"has-post-thumbnail","6":"product_cat-bt","7":"product_cat-kaporta-aksami","8":"product_cat-yedek-parca-bt","10":"first","11":"instock","12":"taxable","13":"shipping-taxable","14":"purchasable","15":"product-type-simple"},"_links":{"self":[{"href":"https:\/\/ceoparts.com\/de\/wp-json\/wp\/v2\/product\/14776","targetHints":{"allow":["GET"]}}],"collection":[{"href":"https:\/\/ceoparts.com\/de\/wp-json\/wp\/v2\/product"}],"about":[{"href":"https:\/\/ceoparts.com\/de\/wp-json\/wp\/v2\/types\/product"}],"wp:featuredmedia":[{"embeddable":true,"href":"https:\/\/ceoparts.com\/de\/wp-json\/wp\/v2\/media\/14779"}],"wp:attachment":[{"href":"https:\/\/ceoparts.com\/de\/wp-json\/wp\/v2\/media?parent=14776"}],"wp:term":[{"taxonomy":"product_brand","embeddable":true,"href":"https:\/\/ceoparts.com\/de\/wp-json\/wp\/v2\/product_brand?post=14776"},{"taxonomy":"product_cat","embeddable":true,"href":"https:\/\/ceoparts.com\/de\/wp-json\/wp\/v2\/product_cat?post=14776"},{"taxonomy":"product_tag","embeddable":true,"href":"https:\/\/ceoparts.com\/de\/wp-json\/wp\/v2\/product_tag?post=14776"}],"curies":[{"name":"wp","href":"https:\/\/api.w.org\/{rel}","templated":true}]}}