{"id":14799,"date":"2025-02-18T09:48:10","date_gmt":"2025-02-18T06:48:10","guid":{"rendered":"https:\/\/ceoparts.com\/?post_type=product&#038;p=14799"},"modified":"2026-05-16T21:02:26","modified_gmt":"2026-05-16T18:02:26","slug":"still-exu-kol-amorsitoru-4482725","status":"publish","type":"product","link":"https:\/\/ceoparts.com\/de\/urun\/still-exu-kol-amorsitoru-4482725\/","title":{"rendered":"Still EXU Armsto\u00dfd\u00e4mpfer &#8211; 4482725"},"content":{"rendered":"<p>Still EXU Armsto\u00dfd\u00e4mpfer &#8211; 4482725<\/p>\n<p>STILL 4482725 STABILUS<\/p>\n<p>Still EXU W40154<\/p>\n<p>Still EXU W40152<\/p>\n<p>Still 4482725<\/p>","protected":false},"excerpt":{"rendered":"<p data-start=\"0\" data-end=\"284\"><br data-start=\"1088\" data-end=\"1091\" \/>Der <strong data-start=\"1095\" data-end=\"1136\">Still EXU Arm-Gasdruckd\u00e4mpfer 4482725<\/strong> ist ein hochwertiger Gasd\u00e4mpfer f\u00fcr Gabelstapleranwendungen und sorgt f\u00fcr eine ausgeglichene und kontrollierte Bewegung der Bedienarmlehne. Die robuste Bauweise garantiert eine lange Lebensdauer und reduziert Vibrationen f\u00fcr mehr Fahrkomfort.<\/p>\n<p data-start=\"1381\" data-end=\"1678\"><strong data-start=\"1381\" data-end=\"1399\">Eigenschaften:<\/strong><br data-start=\"1399\" data-end=\"1402\" \/><strong data-start=\"1402\" data-end=\"1418\">Produktname:<\/strong> Still EXU Arm-Gasdruckd\u00e4mpfer<br data-start=\"1448\" data-end=\"1451\" \/><strong data-start=\"1451\" data-end=\"1467\">Teilenummer:<\/strong> 4482725<br data-start=\"1475\" data-end=\"1478\" \/><strong data-start=\"1478\" data-end=\"1491\">Material:<\/strong> Gasdruckfeder und stabiles Metallgeh\u00e4use<br data-start=\"1532\" data-end=\"1535\" \/><strong data-start=\"1535\" data-end=\"1557\">Anwendungsbereich:<\/strong> Armsysteme der Still Gabelstaplerserie<br data-start=\"1596\" data-end=\"1599\" \/><strong data-start=\"1599\" data-end=\"1611\">Vorteil:<\/strong> Gleichm\u00e4\u00dfige Bewegung, Vibrationsreduzierung, langlebige Nutzung<\/p>\n<p data-start=\"1680\" data-end=\"1935\">\n","protected":false},"featured_media":14801,"template":"","meta":[],"product_brand":[],"product_cat":[241,497,524],"product_tag":[],"class_list":{"0":"post-14799","1":"product","2":"type-product","3":"status-publish","4":"has-post-thumbnail","6":"product_cat-still","7":"product_cat-amortisor-grubu","8":"product_cat-yedek-parca-still","10":"first","11":"instock","12":"taxable","13":"shipping-taxable","14":"purchasable","15":"product-type-simple"},"_links":{"self":[{"href":"https:\/\/ceoparts.com\/de\/wp-json\/wp\/v2\/product\/14799","targetHints":{"allow":["GET"]}}],"collection":[{"href":"https:\/\/ceoparts.com\/de\/wp-json\/wp\/v2\/product"}],"about":[{"href":"https:\/\/ceoparts.com\/de\/wp-json\/wp\/v2\/types\/product"}],"wp:featuredmedia":[{"embeddable":true,"href":"https:\/\/ceoparts.com\/de\/wp-json\/wp\/v2\/media\/14801"}],"wp:attachment":[{"href":"https:\/\/ceoparts.com\/de\/wp-json\/wp\/v2\/media?parent=14799"}],"wp:term":[{"taxonomy":"product_brand","embeddable":true,"href":"https:\/\/ceoparts.com\/de\/wp-json\/wp\/v2\/product_brand?post=14799"},{"taxonomy":"product_cat","embeddable":true,"href":"https:\/\/ceoparts.com\/de\/wp-json\/wp\/v2\/product_cat?post=14799"},{"taxonomy":"product_tag","embeddable":true,"href":"https:\/\/ceoparts.com\/de\/wp-json\/wp\/v2\/product_tag?post=14799"}],"curies":[{"name":"wp","href":"https:\/\/api.w.org\/{rel}","templated":true}]}}