{"id":14805,"date":"2025-02-18T10:25:51","date_gmt":"2025-02-18T07:25:51","guid":{"rendered":"https:\/\/ceoparts.com\/?post_type=product&#038;p=14805"},"modified":"2026-05-16T22:12:21","modified_gmt":"2026-05-16T19:12:21","slug":"still-linde-ecu-kol-amortisoru-0009655720","status":"publish","type":"product","link":"https:\/\/ceoparts.com\/de\/urun\/still-linde-ecu-kol-amortisoru-0009655720\/","title":{"rendered":"Still \/ Linde ECU Armsto\u00dfd\u00e4mpfer &#8211; 0009655720"},"content":{"rendered":"<p>Still \/ Linde ECU Armsto\u00dfd\u00e4mpfer &#8211; 0009655720<\/p>\n<p>Kraft (N) : 400<br data-start=\"419\" data-end=\"422\" \/>L\u00e4nge (mm) : 270<br data-start=\"438\" data-end=\"441\" \/>Kolbendurchmesser (mm) : 18<br data-start=\"468\" data-end=\"471\" \/>Kolbenstangendurchmesser (mm) : 8<br data-start=\"504\" data-end=\"507\" \/>Durchmesser des Verbindungslochs (mm) : 8,30<\/p>\n<p><\/p>","protected":false},"excerpt":{"rendered":"<p data-start=\"0\" data-end=\"288\"><br data-start=\"1144\" data-end=\"1147\" \/>Der <strong data-start=\"1151\" data-end=\"1203\">Still \/ Linde ECU Arm-Gasdruckd\u00e4mpfer 0009655720<\/strong> ist ein hochwertiger Gasd\u00e4mpfer f\u00fcr Gabelstapleranwendungen und sorgt f\u00fcr eine ausgeglichene und kontrollierte Bewegung der Bedienarmlehne. Die robuste Bauweise garantiert eine lange Lebensdauer und reduziert Vibrationen f\u00fcr mehr Fahrkomfort.<\/p>\n<p data-start=\"1448\" data-end=\"1767\"><strong data-start=\"1448\" data-end=\"1466\">Eigenschaften:<\/strong><br data-start=\"1466\" data-end=\"1469\" \/><strong data-start=\"1469\" data-end=\"1485\">Produktname:<\/strong> Still \/ Linde ECU Arm-Gasdruckd\u00e4mpfer<br data-start=\"1523\" data-end=\"1526\" \/><strong data-start=\"1526\" data-end=\"1542\">Teilenummer:<\/strong> 0009655720<br data-start=\"1553\" data-end=\"1556\" \/><strong data-start=\"1556\" data-end=\"1569\">Material:<\/strong> Gasdruckfeder und stabiles Metallgeh\u00e4use<br data-start=\"1610\" data-end=\"1613\" \/><strong data-start=\"1613\" data-end=\"1635\">Anwendungsbereich:<\/strong> Armsysteme der Still und Linde Gabelstaplerserien<br data-start=\"1685\" data-end=\"1688\" \/><strong data-start=\"1688\" data-end=\"1700\">Vorteil:<\/strong> Gleichm\u00e4\u00dfige Bewegung, Vibrationsreduzierung, langlebige Nutzung<\/p>\n<p data-start=\"1769\" data-end=\"2035\">\n","protected":false},"featured_media":14816,"template":"","meta":[],"product_brand":[],"product_cat":[524,241,246,497,523],"product_tag":[],"class_list":{"0":"post-14805","1":"product","2":"type-product","3":"status-publish","4":"has-post-thumbnail","6":"product_cat-yedek-parca-still","7":"product_cat-still","8":"product_cat-linde","9":"product_cat-amortisor-grubu","10":"product_cat-yedek-parca-linde","12":"first","13":"instock","14":"taxable","15":"shipping-taxable","16":"purchasable","17":"product-type-simple"},"_links":{"self":[{"href":"https:\/\/ceoparts.com\/de\/wp-json\/wp\/v2\/product\/14805","targetHints":{"allow":["GET"]}}],"collection":[{"href":"https:\/\/ceoparts.com\/de\/wp-json\/wp\/v2\/product"}],"about":[{"href":"https:\/\/ceoparts.com\/de\/wp-json\/wp\/v2\/types\/product"}],"wp:featuredmedia":[{"embeddable":true,"href":"https:\/\/ceoparts.com\/de\/wp-json\/wp\/v2\/media\/14816"}],"wp:attachment":[{"href":"https:\/\/ceoparts.com\/de\/wp-json\/wp\/v2\/media?parent=14805"}],"wp:term":[{"taxonomy":"product_brand","embeddable":true,"href":"https:\/\/ceoparts.com\/de\/wp-json\/wp\/v2\/product_brand?post=14805"},{"taxonomy":"product_cat","embeddable":true,"href":"https:\/\/ceoparts.com\/de\/wp-json\/wp\/v2\/product_cat?post=14805"},{"taxonomy":"product_tag","embeddable":true,"href":"https:\/\/ceoparts.com\/de\/wp-json\/wp\/v2\/product_tag?post=14805"}],"curies":[{"name":"wp","href":"https:\/\/api.w.org\/{rel}","templated":true}]}}