{"id":14812,"date":"2025-02-18T10:39:50","date_gmt":"2025-02-18T07:39:50","guid":{"rendered":"https:\/\/ceoparts.com\/?post_type=product&#038;p=14812"},"modified":"2026-05-16T22:10:25","modified_gmt":"2026-05-16T19:10:25","slug":"still-linde-exvsf-kol-amortisoru-0009655733","status":"publish","type":"product","link":"https:\/\/ceoparts.com\/de\/urun\/still-linde-exvsf-kol-amortisoru-0009655733\/","title":{"rendered":"Still \/ Linde EXVSF Armsto\u00dfd\u00e4mpfer &#8211; 0009655733"},"content":{"rendered":"<p>Still \/ Linde EXVSF Armsto\u00dfd\u00e4mpfer &#8211; 0009655733<\/p>\n<p><\/p>\n<table class=\"transparant\">\n<tbody>\n<tr>\n<th class=\"alignLeft\" title=\"TY-AT\"><span style=\"color: #000000; font-family: Times New Roman; font-size: medium;\">Type of application<\/span><\/th>\n<td><span style=\"color: #000000; font-family: Times New Roman; font-size: medium;\">GAS SPRING<\/span><\/td>\n<\/tr>\n<tr>\n<th class=\"alignLeft\" title=\"TY-GA\"><span style=\"color: #000000; font-family: Times New Roman; font-size: medium;\">Type of gas spring\/shock absorber<\/span><\/th>\n<td><span style=\"color: #000000; font-family: Times New Roman; font-size: medium;\">PUSH TYPE<\/span><\/td>\n<\/tr>\n<tr>\n<th class=\"alignLeft\" title=\"D1\"><span style=\"color: #000000; font-family: Times New Roman; font-size: medium;\">Piston rod diameter D1 (mm)<\/span><\/th>\n<td><span style=\"color: #000000; font-family: Times New Roman; font-size: medium;\">10<\/span><\/td>\n<\/tr>\n<tr>\n<th class=\"alignLeft\" title=\"N\"><span style=\"color: #000000; font-family: Times New Roman; font-size: medium;\">Strength (N)<\/span><\/th>\n<td><span style=\"color: #000000; font-family: Times New Roman; font-size: medium;\">1300<\/span><\/td>\n<\/tr>\n<tr>\n<th class=\"alignLeft\" title=\"C1\"><span style=\"color: #000000; font-family: Times New Roman; font-size: medium;\">Centre distance C1 (mm)<\/span><\/th>\n<td><span style=\"color: #000000; font-family: Times New Roman; font-size: medium;\">165<\/span><\/td>\n<\/tr>\n<tr>\n<th class=\"alignLeft\" title=\"L1\"><span style=\"color: #000000; font-family: Times New Roman; font-size: medium;\">Piston rod length L1 (mm)<\/span><\/th>\n<td><span style=\"color: #000000; font-family: Times New Roman; font-size: medium;\">50<\/span><\/td>\n<\/tr>\n<tr>\n<th class=\"alignLeft\" title=\"TY-CO1\"><span style=\"color: #000000; font-family: Times New Roman; font-size: medium;\">Type of connection piston rod side<\/span><\/th>\n<td><span style=\"color: #000000; font-family: Times New Roman; font-size: medium;\">TYPE A<\/span><\/td>\n<\/tr>\n<tr>\n<th class=\"alignLeft\" title=\"H1a\"><span style=\"color: #000000; font-family: Times New Roman; font-size: medium;\">Mounting height H1a (mm)<\/span><\/th>\n<td><span style=\"color: #000000; font-family: Times New Roman; font-size: medium;\">26.5<\/span><\/td>\n<\/tr>\n<tr>\n<th class=\"alignLeft\" title=\"L3a\"><span style=\"color: #000000; font-family: Times New Roman; font-size: medium;\">Overall length L3a (mm)<\/span><\/th>\n<td><span style=\"color: #000000; font-family: Times New Roman; font-size: medium;\">29.5<\/span><\/td>\n<\/tr>\n<tr>\n<th class=\"alignLeft\" title=\"L4a\"><span style=\"color: #000000; font-family: Times New Roman; font-size: medium;\">Connecting distance L4a (mm)<\/span><\/th>\n<td><span style=\"color: #000000; font-family: Times New Roman; font-size: medium;\">18<\/span><\/td>\n<\/tr>\n<tr>\n<th class=\"alignLeft\" title=\"TA1a\"><span style=\"color: #000000; font-family: Times New Roman; font-size: medium;\">Thread of mounting TA1a<\/span><\/th>\n<td><span style=\"color: #000000; font-family: Times New Roman; font-size: medium;\">M6<\/span><\/td>\n<\/tr>\n<tr>\n<th class=\"alignLeft\" title=\"TA2a\"><span style=\"color: #000000; font-family: Times New Roman; font-size: medium;\">Thread of ball TA2a<\/span><\/th>\n<td><span style=\"color: #000000; font-family: Times New Roman; font-size: medium;\">M8<\/span><\/td>\n<\/tr>\n<tr>\n<th class=\"alignLeft\" title=\"BAa\"><span style=\"color: #000000; font-family: Times New Roman; font-size: medium;\">Ball present<\/span><\/th>\n<td><span style=\"color: #000000; font-family: Times New Roman; font-size: medium;\">YES<\/span><\/td>\n<\/tr>\n<tr>\n<th class=\"alignLeft\" title=\"TY-BUa\"><span style=\"color: #000000; font-family: Times New Roman; font-size: medium;\">Bushing present<\/span><\/th>\n<td><span style=\"color: #000000; font-family: Times New Roman; font-size: medium;\">NO<\/span><\/td>\n<\/tr>\n<tr>\n<th class=\"alignLeft\" title=\"TY-CO2\"><span style=\"color: #000000; font-family: Times New Roman; font-size: medium;\">Type of connection piston side<\/span><\/th>\n<td><span style=\"color: #000000; font-family: Times New Roman; font-size: medium;\">TYPE L<\/span><\/td>\n<\/tr>\n<tr>\n<th class=\"alignLeft\" title=\"TA1b\"><span style=\"color: #000000; font-family: Times New Roman; font-size: medium;\">Thread of mounting TA1b<\/span><\/th>\n<td><span style=\"color: #000000; font-family: Times New Roman; font-size: medium;\">M8<\/span><\/td>\n<\/tr>\n<tr>\n<th class=\"alignLeft\" title=\"BAb\"><span style=\"color: #000000; font-family: Times New Roman; font-size: medium;\">Ball present<\/span><\/th>\n<td><span style=\"color: #000000; font-family: Times New Roman; font-size: medium;\">NO<\/span><\/td>\n<\/tr>\n<tr>\n<th class=\"alignLeft\" title=\"TY-BUb\"><span style=\"color: #000000; font-family: Times New Roman; font-size: medium;\">Bushing present<\/span><\/th>\n<td><span style=\"color: #000000; font-family: Times New Roman; font-size: medium;\">NO<\/span><\/td>\n<\/tr>\n<\/tbody>\n<\/table>\n<p>&nbsp;<\/p>\n<table border=\"0\" width=\"438\" cellspacing=\"0\" cellpadding=\"0\">\n<colgroup>\n<col width=\"82\" \/>\n<col width=\"356\" \/><\/colgroup>\n<tbody>\n<tr>\n<td class=\"xl65\" width=\"82\" height=\"20\"><span style=\"font-family: Calibri;\">360<\/span><\/td>\n<td width=\"356\"><span style=\"font-family: Calibri;\">T16\/T18\/T20<\/span><\/td>\n<\/tr>\n<tr>\n<td class=\"xl65\" height=\"20\"><span style=\"font-family: Calibri;\">360<\/span><\/td>\n<td><span style=\"font-family: Calibri;\">T16\/T18\/T20\/T16L<\/span><\/td>\n<\/tr>\n<tr>\n<td class=\"xl65\" height=\"20\"><span style=\"font-family: Calibri;\">379<\/span><\/td>\n<td><span style=\"font-family: Calibri;\">L10\/12-L10\/12AS<\/span><\/td>\n<\/tr>\n<\/tbody>\n<\/table>\n<p><\/p>","protected":false},"excerpt":{"rendered":"<p data-start=\"0\" data-end=\"288\"><br data-start=\"1147\" data-end=\"1150\" \/>Der <strong data-start=\"1154\" data-end=\"1208\">Still \/ Linde EXVSF Arm-Gasdruckd\u00e4mpfer 0009655733<\/strong> ist ein hochwertiger Gasd\u00e4mpfer f\u00fcr Gabelstapleranwendungen und sorgt f\u00fcr eine ausgeglichene und kontrollierte Bewegung der Bedienarmlehne. Die robuste Bauweise garantiert eine lange Lebensdauer und reduziert Vibrationen f\u00fcr mehr Fahrkomfort.<\/p>\n<p data-start=\"1453\" data-end=\"1774\"><strong data-start=\"1453\" data-end=\"1471\">Eigenschaften:<\/strong><br data-start=\"1471\" data-end=\"1474\" \/><strong data-start=\"1474\" data-end=\"1490\">Produktname:<\/strong> Still \/ Linde EXVSF Arm-Gasdruckd\u00e4mpfer<br data-start=\"1530\" data-end=\"1533\" \/><strong data-start=\"1533\" data-end=\"1549\">Teilenummer:<\/strong> 0009655733<br data-start=\"1560\" data-end=\"1563\" \/><strong data-start=\"1563\" data-end=\"1576\">Material:<\/strong> Gasdruckfeder und stabiles Metallgeh\u00e4use<br data-start=\"1617\" data-end=\"1620\" \/><strong data-start=\"1620\" data-end=\"1642\">Anwendungsbereich:<\/strong> Armsysteme der Still und Linde Gabelstaplerserien<br data-start=\"1692\" data-end=\"1695\" \/><strong data-start=\"1695\" data-end=\"1707\">Vorteil:<\/strong> Gleichm\u00e4\u00dfige Bewegung, Vibrationsreduzierung, langlebige Nutzung<\/p>\n<p data-start=\"1776\" data-end=\"2044\">\n","protected":false},"featured_media":14813,"template":"","meta":[],"product_brand":[],"product_cat":[241,246,497,523,524],"product_tag":[],"class_list":{"0":"post-14812","1":"product","2":"type-product","3":"status-publish","4":"has-post-thumbnail","6":"product_cat-still","7":"product_cat-linde","8":"product_cat-amortisor-grubu","9":"product_cat-yedek-parca-linde","10":"product_cat-yedek-parca-still","12":"first","13":"instock","14":"taxable","15":"shipping-taxable","16":"purchasable","17":"product-type-simple"},"_links":{"self":[{"href":"https:\/\/ceoparts.com\/de\/wp-json\/wp\/v2\/product\/14812","targetHints":{"allow":["GET"]}}],"collection":[{"href":"https:\/\/ceoparts.com\/de\/wp-json\/wp\/v2\/product"}],"about":[{"href":"https:\/\/ceoparts.com\/de\/wp-json\/wp\/v2\/types\/product"}],"wp:featuredmedia":[{"embeddable":true,"href":"https:\/\/ceoparts.com\/de\/wp-json\/wp\/v2\/media\/14813"}],"wp:attachment":[{"href":"https:\/\/ceoparts.com\/de\/wp-json\/wp\/v2\/media?parent=14812"}],"wp:term":[{"taxonomy":"product_brand","embeddable":true,"href":"https:\/\/ceoparts.com\/de\/wp-json\/wp\/v2\/product_brand?post=14812"},{"taxonomy":"product_cat","embeddable":true,"href":"https:\/\/ceoparts.com\/de\/wp-json\/wp\/v2\/product_cat?post=14812"},{"taxonomy":"product_tag","embeddable":true,"href":"https:\/\/ceoparts.com\/de\/wp-json\/wp\/v2\/product_tag?post=14812"}],"curies":[{"name":"wp","href":"https:\/\/api.w.org\/{rel}","templated":true}]}}