{"id":14867,"date":"2025-02-18T14:47:59","date_gmt":"2025-02-18T11:47:59","guid":{"rendered":"https:\/\/ceoparts.com\/?post_type=product&#038;p=14867"},"modified":"2026-05-16T07:32:26","modified_gmt":"2026-05-16T04:32:26","slug":"linde-kol-amortisoru-1300n-0009655547","status":"publish","type":"product","link":"https:\/\/ceoparts.com\/de\/urun\/linde-kol-amortisoru-1300n-0009655547\/","title":{"rendered":"Linde Armsto\u00dfd\u00e4mpfer 1300N &#8211; 0009655547"},"content":{"rendered":"<p>Linde Armsto\u00dfd\u00e4mpfer 1300N &#8211; 0009655547<\/p>\n<p><\/p>\n<ul>\n<li data-start=\"664\" data-end=\"689\">Anwendungstyp: GASFEDER<\/li>\n<li data-start=\"690\" data-end=\"726\">Gasfeder\/Sto\u00dfd\u00e4mpfer-Typ: DRUCKTYP<\/li>\n<li data-start=\"727\" data-end=\"758\">Kolbendurchmesser D1 (mm): 10<\/li>\n<li data-start=\"759\" data-end=\"776\">Kraft (N): 1300<\/li>\n<li data-start=\"777\" data-end=\"811\">Mittlere Entfernung C1 (mm): 172<\/li>\n<li data-start=\"812\" data-end=\"844\">Kolbenstangenl\u00e4nge L1 (mm): 47<\/li>\n<li data-start=\"845\" data-end=\"887\">Verbindungstyp Kolbenstangenseite: TYP D<\/li>\n<li data-start=\"888\" data-end=\"920\">Verbindungsbreite W1a (mm): 15<\/li>\n<li data-start=\"921\" data-end=\"947\">Gesamtl\u00e4nge L3a (mm): 33<\/li>\n<li data-start=\"948\" data-end=\"981\">Verbindungsabstand L4a (mm): 25<\/li>\n<li data-start=\"982\" data-end=\"1006\">Montageh\u00f6he Ta (mm): 8<\/li>\n<li data-start=\"1007\" data-end=\"1032\">TA1a Montagegewinde: M8<\/li>\n<li data-start=\"1033\" data-end=\"1053\">Top Geschenk: NEIN<\/li>\n<li data-start=\"1054\" data-end=\"1078\">Buchse Vorhanden: NEIN<\/li>\n<li data-start=\"1079\" data-end=\"1114\">Verbindungstyp Kolbenseite: TYP L<\/li>\n<li data-start=\"1115\" data-end=\"1140\">TA1b Montagegewinde: M8<\/li>\n<li data-start=\"1141\" data-end=\"1161\">Top Geschenk: NEIN<\/li>\n<li data-start=\"1162\" data-end=\"1186\">Buchse Vorhanden: NEIN<\/li>\n<\/ul>\n<p>&nbsp;<\/p>","protected":false},"excerpt":{"rendered":"<p data-start=\"0\" data-end=\"302\"><br data-start=\"1126\" data-end=\"1129\" \/>Der <strong data-start=\"1133\" data-end=\"1168\">Linde Arm-Gasdruckd\u00e4mpfer 1300N<\/strong> ist ein Gasdruckd\u00e4mpfer mit hoher Kraftaufnahme f\u00fcr Gabelstapleranwendungen und sorgt f\u00fcr eine ausgeglichene und kontrollierte Bewegung der Bedienarmlehne. Die robuste Konstruktion garantiert eine lange Lebensdauer und reduziert Vibrationen im Betrieb.<\/p>\n<p data-start=\"1423\" data-end=\"1715\"><strong data-start=\"1423\" data-end=\"1441\">Eigenschaften:<\/strong><br data-start=\"1441\" data-end=\"1444\" \/><strong data-start=\"1444\" data-end=\"1460\">Produktname:<\/strong> Linde Arm-Gasdruckd\u00e4mpfer 1300N<br data-start=\"1492\" data-end=\"1495\" \/><strong data-start=\"1495\" data-end=\"1511\">Teilenummer:<\/strong> 0009655547<br data-start=\"1522\" data-end=\"1525\" \/><strong data-start=\"1525\" data-end=\"1538\">Material:<\/strong> Gasdruckfeder und stabiles Metallgeh\u00e4use<br data-start=\"1579\" data-end=\"1582\" \/><strong data-start=\"1582\" data-end=\"1604\">Anwendungsbereich:<\/strong> Linde Gabelstapler Armsysteme<br data-start=\"1634\" data-end=\"1637\" \/><strong data-start=\"1637\" data-end=\"1649\">Vorteil:<\/strong> 1300N Kraftkapazit\u00e4t, gleichm\u00e4\u00dfige Bewegung, langlebige Nutzung<\/p>\n<p data-start=\"1717\" data-end=\"1956\">\n","protected":false},"featured_media":14872,"template":"","meta":[],"product_brand":[],"product_cat":[246,497,523],"product_tag":[],"class_list":{"0":"post-14867","1":"product","2":"type-product","3":"status-publish","4":"has-post-thumbnail","6":"product_cat-linde","7":"product_cat-amortisor-grubu","8":"product_cat-yedek-parca-linde","10":"first","11":"instock","12":"taxable","13":"shipping-taxable","14":"purchasable","15":"product-type-simple"},"_links":{"self":[{"href":"https:\/\/ceoparts.com\/de\/wp-json\/wp\/v2\/product\/14867","targetHints":{"allow":["GET"]}}],"collection":[{"href":"https:\/\/ceoparts.com\/de\/wp-json\/wp\/v2\/product"}],"about":[{"href":"https:\/\/ceoparts.com\/de\/wp-json\/wp\/v2\/types\/product"}],"wp:featuredmedia":[{"embeddable":true,"href":"https:\/\/ceoparts.com\/de\/wp-json\/wp\/v2\/media\/14872"}],"wp:attachment":[{"href":"https:\/\/ceoparts.com\/de\/wp-json\/wp\/v2\/media?parent=14867"}],"wp:term":[{"taxonomy":"product_brand","embeddable":true,"href":"https:\/\/ceoparts.com\/de\/wp-json\/wp\/v2\/product_brand?post=14867"},{"taxonomy":"product_cat","embeddable":true,"href":"https:\/\/ceoparts.com\/de\/wp-json\/wp\/v2\/product_cat?post=14867"},{"taxonomy":"product_tag","embeddable":true,"href":"https:\/\/ceoparts.com\/de\/wp-json\/wp\/v2\/product_tag?post=14867"}],"curies":[{"name":"wp","href":"https:\/\/api.w.org\/{rel}","templated":true}]}}