{"id":14873,"date":"2025-02-18T15:10:31","date_gmt":"2025-02-18T12:10:31","guid":{"rendered":"https:\/\/ceoparts.com\/?post_type=product&#038;p=14873"},"modified":"2026-05-16T07:29:48","modified_gmt":"2026-05-16T04:29:48","slug":"bt-lpe-dayanma-kolu-amortisoru-stabilus-155848-0060n-7595627","status":"publish","type":"product","link":"https:\/\/ceoparts.com\/de\/urun\/bt-lpe-dayanma-kolu-amortisoru-stabilus-155848-0060n-7595627\/","title":{"rendered":"BT LPE St\u00fctzarmsto\u00dfd\u00e4mpfer &#8211; 7595627"},"content":{"rendered":"<p>BT LPE St\u00fctzarmsto\u00dfd\u00e4mpfer &#8211; 7595627<\/p>","protected":false},"excerpt":{"rendered":"<p data-start=\"0\" data-end=\"263\"><br data-start=\"1134\" data-end=\"1137\" \/>Der <strong data-start=\"1141\" data-end=\"1191\">BT LPE Armlehnen-D\u00e4mpfer <\/strong>\u00a0ist ein Gasdruckd\u00e4mpfer, der f\u00fcr eine sanfte und stabile Unterst\u00fctzung der Armlehne im Gabelstaplerbetrieb sorgt. Hergestellt von STABILUS, \u00fcberzeugt er durch Langlebigkeit und zuverl\u00e4ssige Leistung.<\/p>\n<p data-start=\"1393\" data-end=\"1703\"><strong data-start=\"1393\" data-end=\"1411\">Eigenschaften:<\/strong><br data-start=\"1411\" data-end=\"1414\" \/><strong data-start=\"1414\" data-end=\"1430\">Produktname:<\/strong> BT LPE Armlehnen-D\u00e4mpfer\u00a0<br data-start=\"1477\" data-end=\"1480\" \/><strong data-start=\"1480\" data-end=\"1496\">Teilenummer:<\/strong> 7595627<br data-start=\"1504\" data-end=\"1507\" \/><strong data-start=\"1507\" data-end=\"1520\">Material:<\/strong> Gasdruckfeder mit Stahlgeh\u00e4use<br data-start=\"1551\" data-end=\"1554\" \/><strong data-start=\"1554\" data-end=\"1576\">Anwendungsbereich:<\/strong> Armlehnenmechanismen bei BT LPE Gabelstaplern<br data-start=\"1622\" data-end=\"1625\" \/><strong data-start=\"1625\" data-end=\"1637\">Vorteil:<\/strong> Sanfte Bewegung, langlebige Nutzung, bew\u00e4hrte STABILUS-Qualit\u00e4t<\/p>\n<p data-start=\"1705\" data-end=\"1951\">\n","protected":false},"featured_media":14876,"template":"","meta":[],"product_brand":[],"product_cat":[251,497,518],"product_tag":[],"class_list":{"0":"post-14873","1":"product","2":"type-product","3":"status-publish","4":"has-post-thumbnail","6":"product_cat-bt","7":"product_cat-amortisor-grubu","8":"product_cat-yedek-parca-bt","10":"first","11":"instock","12":"taxable","13":"shipping-taxable","14":"purchasable","15":"product-type-simple"},"_links":{"self":[{"href":"https:\/\/ceoparts.com\/de\/wp-json\/wp\/v2\/product\/14873","targetHints":{"allow":["GET"]}}],"collection":[{"href":"https:\/\/ceoparts.com\/de\/wp-json\/wp\/v2\/product"}],"about":[{"href":"https:\/\/ceoparts.com\/de\/wp-json\/wp\/v2\/types\/product"}],"wp:featuredmedia":[{"embeddable":true,"href":"https:\/\/ceoparts.com\/de\/wp-json\/wp\/v2\/media\/14876"}],"wp:attachment":[{"href":"https:\/\/ceoparts.com\/de\/wp-json\/wp\/v2\/media?parent=14873"}],"wp:term":[{"taxonomy":"product_brand","embeddable":true,"href":"https:\/\/ceoparts.com\/de\/wp-json\/wp\/v2\/product_brand?post=14873"},{"taxonomy":"product_cat","embeddable":true,"href":"https:\/\/ceoparts.com\/de\/wp-json\/wp\/v2\/product_cat?post=14873"},{"taxonomy":"product_tag","embeddable":true,"href":"https:\/\/ceoparts.com\/de\/wp-json\/wp\/v2\/product_tag?post=14873"}],"curies":[{"name":"wp","href":"https:\/\/api.w.org\/{rel}","templated":true}]}}