{"id":14891,"date":"2025-02-18T16:20:47","date_gmt":"2025-02-18T13:20:47","guid":{"rendered":"https:\/\/ceoparts.com\/?post_type=product&#038;p=14891"},"modified":"2026-05-16T17:12:50","modified_gmt":"2026-05-16T14:12:50","slug":"akulu-forklift-kaloriferi-48v-900w","status":"publish","type":"product","link":"https:\/\/ceoparts.com\/de\/urun\/akulu-forklift-kaloriferi-48v-900w\/","title":{"rendered":"Akku-Betriebene Gabelstaplerheizung 48V 900W"},"content":{"rendered":"<p>Akku-Betriebene Gabelstaplerheizung 48V 900W<\/p>","protected":false},"excerpt":{"rendered":"<p data-start=\"0\" data-end=\"336\"><br data-start=\"1263\" data-end=\"1266\" \/>Der <strong data-start=\"1270\" data-end=\"1308\">Heizer f\u00fcr Elektrostapler 48V 900W<\/strong> sorgt f\u00fcr eine ideale Temperatur in der Fahrerkabine und erm\u00f6glicht so ein komfortables und effizientes Arbeiten bei kaltem Wetter. Die leistungsstarke Konstruktion sorgt f\u00fcr eine schnelle und effektive Erw\u00e4rmung und wird in das Batteriesystem des Gabelstaplers integriert.<\/p>\n<p data-start=\"1584\" data-end=\"1875\"><strong data-start=\"1584\" data-end=\"1602\">Eigenschaften:<\/strong><br data-start=\"1602\" data-end=\"1605\" \/><strong data-start=\"1605\" data-end=\"1621\">Produktname:<\/strong> Heizer f\u00fcr Elektrostapler 48V 900W<br data-start=\"1656\" data-end=\"1659\" \/><strong data-start=\"1659\" data-end=\"1675\">Teilenummer:<\/strong> Keine<br data-start=\"1681\" data-end=\"1684\" \/><strong data-start=\"1684\" data-end=\"1697\">Material:<\/strong> Hitzebest\u00e4ndiges Metallgeh\u00e4use und Heizsystem<br data-start=\"1743\" data-end=\"1746\" \/><strong data-start=\"1746\" data-end=\"1768\">Anwendungsbereich:<\/strong> Fahrerkabinen von Elektrostaplern<br data-start=\"1802\" data-end=\"1805\" \/><strong data-start=\"1805\" data-end=\"1817\">Vorteil:<\/strong> Starke Heizleistung, einfache Montage, energieeffizient<\/p>\n<p data-start=\"1877\" data-end=\"2183\">\n","protected":false},"featured_media":14892,"template":"","meta":[],"product_brand":[],"product_cat":[470],"product_tag":[],"class_list":{"0":"post-14891","1":"product","2":"type-product","3":"status-publish","4":"has-post-thumbnail","6":"product_cat-diger-yedek-parcalar","8":"first","9":"instock","10":"taxable","11":"shipping-taxable","12":"purchasable","13":"product-type-simple"},"_links":{"self":[{"href":"https:\/\/ceoparts.com\/de\/wp-json\/wp\/v2\/product\/14891","targetHints":{"allow":["GET"]}}],"collection":[{"href":"https:\/\/ceoparts.com\/de\/wp-json\/wp\/v2\/product"}],"about":[{"href":"https:\/\/ceoparts.com\/de\/wp-json\/wp\/v2\/types\/product"}],"wp:featuredmedia":[{"embeddable":true,"href":"https:\/\/ceoparts.com\/de\/wp-json\/wp\/v2\/media\/14892"}],"wp:attachment":[{"href":"https:\/\/ceoparts.com\/de\/wp-json\/wp\/v2\/media?parent=14891"}],"wp:term":[{"taxonomy":"product_brand","embeddable":true,"href":"https:\/\/ceoparts.com\/de\/wp-json\/wp\/v2\/product_brand?post=14891"},{"taxonomy":"product_cat","embeddable":true,"href":"https:\/\/ceoparts.com\/de\/wp-json\/wp\/v2\/product_cat?post=14891"},{"taxonomy":"product_tag","embeddable":true,"href":"https:\/\/ceoparts.com\/de\/wp-json\/wp\/v2\/product_tag?post=14891"}],"curies":[{"name":"wp","href":"https:\/\/api.w.org\/{rel}","templated":true}]}}