{"id":14901,"date":"2025-02-18T16:29:34","date_gmt":"2025-02-18T13:29:34","guid":{"rendered":"https:\/\/ceoparts.com\/?post_type=product&#038;p=14901"},"modified":"2026-05-16T17:51:34","modified_gmt":"2026-05-16T14:51:34","slug":"linde-e20pl-yuruyus-potansi-7916400159","status":"publish","type":"product","link":"https:\/\/ceoparts.com\/de\/urun\/linde-e20pl-yuruyus-potansi-7916400159\/","title":{"rendered":"Linde E20PL Fahrpotentiometer \u2013 7916400159"},"content":{"rendered":"<p>Linde E20PL Fahrpotentiometer \u2013 7916400159<\/p>\n<p>Potencjometr \/ Potentiometer<\/p>\n<p>Still 159518, 0159518<\/p>\n<p>Linde 7916400159<\/p>\n<p>MCB 419222<\/p>","protected":false},"excerpt":{"rendered":"<p data-start=\"0\" data-end=\"294\"><br data-start=\"1235\" data-end=\"1238\" \/>Das in Gabelstaplern eingesetzte <strong data-start=\"1271\" data-end=\"1304\">Linde E20PL Fahrpotentiometer<\/strong> ist ein pr\u00e4ziser und zuverl\u00e4ssiger Sensor zur Steuerung von Geschwindigkeit und Fahrtrichtung. Es erfasst die Bewegungen des Pedals oder Steuerhebels des Bedieners und \u00fcbertr\u00e4gt sie an die Steuereinheit, um einen sicheren und ausgeglichenen Betrieb zu gew\u00e4hrleisten.<\/p>\n<p data-start=\"1573\" data-end=\"1922\"><strong data-start=\"1573\" data-end=\"1591\">Eigenschaften:<\/strong><br data-start=\"1591\" data-end=\"1594\" \/><strong data-start=\"1594\" data-end=\"1610\">Produktname:<\/strong> Linde E20PL Fahrpotentiometer<br data-start=\"1640\" data-end=\"1643\" \/><strong data-start=\"1643\" data-end=\"1659\">Teilenummer:<\/strong> 7916400159<br data-start=\"1670\" data-end=\"1673\" \/><strong data-start=\"1673\" data-end=\"1686\">Material:<\/strong> Elektronisches Sensormodul und langlebige Bauteile<br data-start=\"1737\" data-end=\"1740\" \/><strong data-start=\"1740\" data-end=\"1762\">Anwendungsbereich:<\/strong> Fahrsteuerungssysteme f\u00fcr Linde E20PL Gabelstapler<br data-start=\"1813\" data-end=\"1816\" \/><strong data-start=\"1816\" data-end=\"1828\">Vorteil:<\/strong> Pr\u00e4zise Geschwindigkeits- und Richtungssteuerung, zuverl\u00e4ssige Leistung, langlebige Nutzung<\/p>\n<p data-start=\"1924\" data-end=\"2213\">\n","protected":false},"featured_media":14903,"template":"","meta":[],"product_brand":[],"product_cat":[241,246,470,523,524],"product_tag":[],"class_list":{"0":"post-14901","1":"product","2":"type-product","3":"status-publish","4":"has-post-thumbnail","6":"product_cat-still","7":"product_cat-linde","8":"product_cat-diger-yedek-parcalar","9":"product_cat-yedek-parca-linde","10":"product_cat-yedek-parca-still","12":"first","13":"instock","14":"taxable","15":"shipping-taxable","16":"purchasable","17":"product-type-simple"},"_links":{"self":[{"href":"https:\/\/ceoparts.com\/de\/wp-json\/wp\/v2\/product\/14901","targetHints":{"allow":["GET"]}}],"collection":[{"href":"https:\/\/ceoparts.com\/de\/wp-json\/wp\/v2\/product"}],"about":[{"href":"https:\/\/ceoparts.com\/de\/wp-json\/wp\/v2\/types\/product"}],"wp:featuredmedia":[{"embeddable":true,"href":"https:\/\/ceoparts.com\/de\/wp-json\/wp\/v2\/media\/14903"}],"wp:attachment":[{"href":"https:\/\/ceoparts.com\/de\/wp-json\/wp\/v2\/media?parent=14901"}],"wp:term":[{"taxonomy":"product_brand","embeddable":true,"href":"https:\/\/ceoparts.com\/de\/wp-json\/wp\/v2\/product_brand?post=14901"},{"taxonomy":"product_cat","embeddable":true,"href":"https:\/\/ceoparts.com\/de\/wp-json\/wp\/v2\/product_cat?post=14901"},{"taxonomy":"product_tag","embeddable":true,"href":"https:\/\/ceoparts.com\/de\/wp-json\/wp\/v2\/product_tag?post=14901"}],"curies":[{"name":"wp","href":"https:\/\/api.w.org\/{rel}","templated":true}]}}