{"id":14912,"date":"2025-02-18T16:40:14","date_gmt":"2025-02-18T13:40:14","guid":{"rendered":"https:\/\/ceoparts.com\/?post_type=product&#038;p=14912"},"modified":"2026-05-06T12:38:42","modified_gmt":"2026-05-06T09:38:42","slug":"still-fmx17-alt-potansiometre-1153608911","status":"publish","type":"product","link":"https:\/\/ceoparts.com\/de\/urun\/still-fmx17-alt-potansiometre-1153608911\/","title":{"rendered":"Still Fmx17 Unterpotentiometer &#8211; 1153608911"},"content":{"rendered":"<p>Still Fmx17 Unterpotentiometer &#8211; 1153608911<\/p>\n<p>FM-X<br \/>\nMX-X<br \/>\nGX-X<br \/>\nEK-X_2131<br \/>\nFM-X NG<\/p>\n<p>VE LINDE FORKL\u0130FTLERE T\u0130P<\/p>\n<p>R14X\/R16X\/R17X\/R17XHD-03 116-03<br \/>\nR10C\/R12C\/R14C\/-11 115-11<br \/>\nR10G\/R14G\/16\/16G\/20\/20G\/-12 115-12<br \/>\nR10\/12\/14\/16\/20\/25 1120-01<\/p>","protected":false},"excerpt":{"rendered":"<p data-start=\"0\" data-end=\"300\"><br data-start=\"1196\" data-end=\"1199\" \/>Das in Gabelstapleranwendungen verwendete <strong data-start=\"1241\" data-end=\"1278\">Still FMX17 Unteres Potentiometer<\/strong> ist ein pr\u00e4ziser und zuverl\u00e4ssiger Sensor zur Bewegungserfassung und Signal\u00fcbertragung aus dem unteren Bereich des Steuerungssystems. Die robuste Bauweise sorgt f\u00fcr eine lange Lebensdauer und sicheren Betrieb.<\/p>\n<p data-start=\"1490\" data-end=\"1821\"><strong data-start=\"1490\" data-end=\"1508\">Eigenschaften:<\/strong><br data-start=\"1508\" data-end=\"1511\" \/><strong data-start=\"1511\" data-end=\"1527\">Produktname:<\/strong> Still FMX17 Unteres Potentiometer<br data-start=\"1561\" data-end=\"1564\" \/><strong data-start=\"1564\" data-end=\"1580\">Teilenummer:<\/strong> 1153608911<br data-start=\"1591\" data-end=\"1594\" \/><strong data-start=\"1594\" data-end=\"1607\">Material:<\/strong> Elektronisches Sensormodul und langlebige Bauteile<br data-start=\"1658\" data-end=\"1661\" \/><strong data-start=\"1661\" data-end=\"1683\">Anwendungsbereich:<\/strong> Untere Steuerhebelsysteme f\u00fcr Still FMX17 Gabelstapler<br data-start=\"1738\" data-end=\"1741\" \/><strong data-start=\"1741\" data-end=\"1753\">Vorteil:<\/strong> Pr\u00e4zise Erfassung, zuverl\u00e4ssige Leistung, langlebige Konstruktion<\/p>\n<p data-start=\"1823\" data-end=\"2098\">\n","protected":false},"featured_media":14914,"template":"","meta":[],"product_brand":[],"product_cat":[241,470,524],"product_tag":[],"class_list":{"0":"post-14912","1":"product","2":"type-product","3":"status-publish","4":"has-post-thumbnail","6":"product_cat-still","7":"product_cat-diger-yedek-parcalar","8":"product_cat-yedek-parca-still","10":"first","11":"instock","12":"taxable","13":"shipping-taxable","14":"purchasable","15":"product-type-simple"},"_links":{"self":[{"href":"https:\/\/ceoparts.com\/de\/wp-json\/wp\/v2\/product\/14912","targetHints":{"allow":["GET"]}}],"collection":[{"href":"https:\/\/ceoparts.com\/de\/wp-json\/wp\/v2\/product"}],"about":[{"href":"https:\/\/ceoparts.com\/de\/wp-json\/wp\/v2\/types\/product"}],"wp:featuredmedia":[{"embeddable":true,"href":"https:\/\/ceoparts.com\/de\/wp-json\/wp\/v2\/media\/14914"}],"wp:attachment":[{"href":"https:\/\/ceoparts.com\/de\/wp-json\/wp\/v2\/media?parent=14912"}],"wp:term":[{"taxonomy":"product_brand","embeddable":true,"href":"https:\/\/ceoparts.com\/de\/wp-json\/wp\/v2\/product_brand?post=14912"},{"taxonomy":"product_cat","embeddable":true,"href":"https:\/\/ceoparts.com\/de\/wp-json\/wp\/v2\/product_cat?post=14912"},{"taxonomy":"product_tag","embeddable":true,"href":"https:\/\/ceoparts.com\/de\/wp-json\/wp\/v2\/product_tag?post=14912"}],"curies":[{"name":"wp","href":"https:\/\/api.w.org\/{rel}","templated":true}]}}