{"id":14920,"date":"2025-02-18T16:51:44","date_gmt":"2025-02-18T13:51:44","guid":{"rendered":"https:\/\/ceoparts.com\/?post_type=product&#038;p=14920"},"modified":"2026-05-16T15:33:15","modified_gmt":"2026-05-16T12:33:15","slug":"linde-t-serisi-kafa-karti-3093607019","status":"publish","type":"product","link":"https:\/\/ceoparts.com\/de\/urun\/linde-t-serisi-kafa-karti-3093607019\/","title":{"rendered":"Linde T Serie Kopfplatte &#8211; 3093607019"},"content":{"rendered":"<p>Linde T Serie Kopfplatte &#8211; 3093607019<\/p>\n<p>1110 V08-01\/V08-02<br \/>\n1111 N20VI &#8211; N20VLI<br \/>\n1170 L06\/10\/12\/16AC<br \/>\n1189 P30C\/P50C<br \/>\n1190 P30C\/P50C<br \/>\n131 T20AP\/T20SP<br \/>\n131 T30<br \/>\n131 L14\/16AS<br \/>\n131 P50<br \/>\n132 N20\/N24\/N20L\/N20LI<br \/>\n132 P30<br \/>\n133 L12\/L14-L12L\/L14L-L12LHP<br \/>\n372 L14\/16\/L14AP\/16AP<\/p>","protected":false},"excerpt":{"rendered":"<p data-start=\"0\" data-end=\"304\"><br data-start=\"1215\" data-end=\"1218\" \/>Die <strong data-start=\"1222\" data-end=\"1251\">Linde T Serie Kopfplatine<\/strong>, die in Gabelstaplern verwendet wird, ist eine wichtige Leiterplatte, die elektronische Steuersignale vom Steuerhebel erfasst und an die Steuereinheit \u00fcbertr\u00e4gt. Hochwertige Bauteile und eine langlebige Konstruktion gew\u00e4hrleisten einen sicheren und effizienten Betrieb.<\/p>\n<p data-start=\"1523\" data-end=\"1854\"><strong data-start=\"1523\" data-end=\"1541\">Eigenschaften:<\/strong><br data-start=\"1541\" data-end=\"1544\" \/><strong data-start=\"1544\" data-end=\"1560\">Produktname:<\/strong> Linde T Serie Kopfplatine<br data-start=\"1586\" data-end=\"1589\" \/><strong data-start=\"1589\" data-end=\"1605\">Teilenummer:<\/strong> 3093607019<br data-start=\"1616\" data-end=\"1619\" \/><strong data-start=\"1619\" data-end=\"1632\">Material:<\/strong> Elektronische Schaltungskomponenten und robuste Leiterplatte<br data-start=\"1693\" data-end=\"1696\" \/><strong data-start=\"1696\" data-end=\"1718\">Anwendungsbereich:<\/strong> Steuerhebelsysteme f\u00fcr Linde T Serie Gabelstapler<br data-start=\"1768\" data-end=\"1771\" \/><strong data-start=\"1771\" data-end=\"1783\">Vorteil:<\/strong> Pr\u00e4zise Signal\u00fcbertragung, zuverl\u00e4ssige Leistung, langlebige Nutzung<\/p>\n<p data-start=\"1856\" data-end=\"2144\">\n","protected":false},"featured_media":14925,"template":"","meta":[],"product_brand":[],"product_cat":[246,470,523],"product_tag":[],"class_list":{"0":"post-14920","1":"product","2":"type-product","3":"status-publish","4":"has-post-thumbnail","6":"product_cat-linde","7":"product_cat-diger-yedek-parcalar","8":"product_cat-yedek-parca-linde","10":"first","11":"instock","12":"taxable","13":"shipping-taxable","14":"purchasable","15":"product-type-simple"},"_links":{"self":[{"href":"https:\/\/ceoparts.com\/de\/wp-json\/wp\/v2\/product\/14920","targetHints":{"allow":["GET"]}}],"collection":[{"href":"https:\/\/ceoparts.com\/de\/wp-json\/wp\/v2\/product"}],"about":[{"href":"https:\/\/ceoparts.com\/de\/wp-json\/wp\/v2\/types\/product"}],"wp:featuredmedia":[{"embeddable":true,"href":"https:\/\/ceoparts.com\/de\/wp-json\/wp\/v2\/media\/14925"}],"wp:attachment":[{"href":"https:\/\/ceoparts.com\/de\/wp-json\/wp\/v2\/media?parent=14920"}],"wp:term":[{"taxonomy":"product_brand","embeddable":true,"href":"https:\/\/ceoparts.com\/de\/wp-json\/wp\/v2\/product_brand?post=14920"},{"taxonomy":"product_cat","embeddable":true,"href":"https:\/\/ceoparts.com\/de\/wp-json\/wp\/v2\/product_cat?post=14920"},{"taxonomy":"product_tag","embeddable":true,"href":"https:\/\/ceoparts.com\/de\/wp-json\/wp\/v2\/product_tag?post=14920"}],"curies":[{"name":"wp","href":"https:\/\/api.w.org\/{rel}","templated":true}]}}