{"id":14926,"date":"2025-02-18T17:04:44","date_gmt":"2025-02-18T14:04:44","guid":{"rendered":"https:\/\/ceoparts.com\/?post_type=product&#038;p=14926"},"modified":"2026-05-16T14:33:02","modified_gmt":"2026-05-16T11:33:02","slug":"potansiyometre-linde-t16-kol-potansi-50023604702-50023604701-11733604700","status":"publish","type":"product","link":"https:\/\/ceoparts.com\/de\/urun\/potansiyometre-linde-t16-kol-potansi-50023604702-50023604701-11733604700\/","title":{"rendered":"Potentiometer Linde T16 Arm Potentiometer &#8211; 50023604702, 50023604701, 11733604700"},"content":{"rendered":"<p>Potentiometer Linde T16 Arm Potentiometer &#8211; 50023604702, 50023604701, 11733604700<\/p>\n<table border=\"0\" width=\"438\" cellspacing=\"0\" cellpadding=\"0\">\n<colgroup>\n<col width=\"82\" \/>\n<col width=\"356\" \/><\/colgroup>\n<tbody>\n<tr>\n<td class=\"xl65\" width=\"82\" height=\"20\"><span style=\"font-family: Calibri;\">1151<\/span><\/td>\n<td width=\"356\"><span style=\"font-family: Calibri;\">T16\/T16P\/T20\/T20P<\/span><\/td>\n<\/tr>\n<tr>\n<td class=\"xl65\" height=\"20\"><span style=\"font-family: Calibri;\">1152<\/span><\/td>\n<td><span style=\"font-family: Calibri;\">T16\/T18\/T20\/T16L<\/span><\/td>\n<\/tr>\n<tr>\n<td class=\"xl65\" height=\"20\"><span style=\"font-family: Calibri;\">1160<\/span><\/td>\n<td><span style=\"font-family: Calibri;\">D06\/D08<\/span><\/td>\n<\/tr>\n<tr>\n<td class=\"xl65\" height=\"20\"><span style=\"font-family: Calibri;\">1169<\/span><\/td>\n<td><span style=\"font-family: Calibri;\">L10P\/L12P\/L14P<\/span><\/td>\n<\/tr>\n<tr>\n<td class=\"xl65\" height=\"20\"><span style=\"font-family: Calibri;\">1169<\/span><\/td>\n<td><span style=\"font-family: Calibri;\">L10\/L12\/L14C<\/span><\/td>\n<\/tr>\n<tr>\n<td class=\"xl65\" height=\"20\"><span style=\"font-family: Calibri;\">1172<\/span><\/td>\n<td><span style=\"font-family: Calibri;\">L10\/L12\/L12i<\/span><\/td>\n<\/tr>\n<\/tbody>\n<\/table>","protected":false},"excerpt":{"rendered":"<p data-start=\"0\" data-end=\"295\"><br data-start=\"1250\" data-end=\"1253\" \/>Das in Gabelstapleranwendungen verwendete <strong data-start=\"1295\" data-end=\"1327\">Linde T16 Hebelpotentiometer<\/strong> ist ein hochwertiger Sensor, der die Bewegungen des Steuerhebels pr\u00e4zise erfasst und an die Steuereinheit \u00fcbertr\u00e4gt. Die robuste Bauweise und langlebige Leistung tragen zu einem sicheren und effizienten Betrieb bei.<\/p>\n<p data-start=\"1545\" data-end=\"1889\"><strong data-start=\"1545\" data-end=\"1563\">Eigenschaften:<\/strong><br data-start=\"1563\" data-end=\"1566\" \/><strong data-start=\"1566\" data-end=\"1582\">Produktname:<\/strong> Linde T16 Hebelpotentiometer<br data-start=\"1611\" data-end=\"1614\" \/><strong data-start=\"1614\" data-end=\"1630\">Teilenummer:<\/strong> 50023604702, 50023604701, 11733604700<br data-start=\"1668\" data-end=\"1671\" \/><strong data-start=\"1671\" data-end=\"1684\">Material:<\/strong> Robuste elektronische Bauteile und Sensormodul<br data-start=\"1731\" data-end=\"1734\" \/><strong data-start=\"1734\" data-end=\"1756\">Anwendungsbereich:<\/strong> Steuerhebelsysteme f\u00fcr Linde T16 Gabelstapler<br data-start=\"1802\" data-end=\"1805\" \/><strong data-start=\"1805\" data-end=\"1817\">Vorteil:<\/strong> Pr\u00e4zise Bewegungserfassung, langlebige Nutzung, zuverl\u00e4ssige Leistung<\/p>\n<p data-start=\"1891\" data-end=\"2180\">\n","protected":false},"featured_media":14930,"template":"","meta":[],"product_brand":[],"product_cat":[469,523,246],"product_tag":[],"class_list":{"0":"post-14926","1":"product","2":"type-product","3":"status-publish","4":"has-post-thumbnail","6":"product_cat-elektrik-ve-sistem-parcalari","7":"product_cat-yedek-parca-linde","8":"product_cat-linde","10":"first","11":"instock","12":"taxable","13":"shipping-taxable","14":"purchasable","15":"product-type-simple"},"_links":{"self":[{"href":"https:\/\/ceoparts.com\/de\/wp-json\/wp\/v2\/product\/14926","targetHints":{"allow":["GET"]}}],"collection":[{"href":"https:\/\/ceoparts.com\/de\/wp-json\/wp\/v2\/product"}],"about":[{"href":"https:\/\/ceoparts.com\/de\/wp-json\/wp\/v2\/types\/product"}],"wp:featuredmedia":[{"embeddable":true,"href":"https:\/\/ceoparts.com\/de\/wp-json\/wp\/v2\/media\/14930"}],"wp:attachment":[{"href":"https:\/\/ceoparts.com\/de\/wp-json\/wp\/v2\/media?parent=14926"}],"wp:term":[{"taxonomy":"product_brand","embeddable":true,"href":"https:\/\/ceoparts.com\/de\/wp-json\/wp\/v2\/product_brand?post=14926"},{"taxonomy":"product_cat","embeddable":true,"href":"https:\/\/ceoparts.com\/de\/wp-json\/wp\/v2\/product_cat?post=14926"},{"taxonomy":"product_tag","embeddable":true,"href":"https:\/\/ceoparts.com\/de\/wp-json\/wp\/v2\/product_tag?post=14926"}],"curies":[{"name":"wp","href":"https:\/\/api.w.org\/{rel}","templated":true}]}}