{"id":14947,"date":"2025-02-18T17:27:54","date_gmt":"2025-02-18T14:27:54","guid":{"rendered":"https:\/\/ceoparts.com\/?post_type=product&#038;p=14947"},"modified":"2026-05-16T14:21:54","modified_gmt":"2026-05-16T11:21:54","slug":"jungheinrich-eje116-kol-potansi-51045971","status":"publish","type":"product","link":"https:\/\/ceoparts.com\/de\/urun\/jungheinrich-eje116-kol-potansi-51045971\/","title":{"rendered":"Jungheinrich Eje116 Arm Potentiometer &#8211; 51045971"},"content":{"rendered":"<p>Jungheinrich Eje116 Arm Potentiometer &#8211; 51045971<\/p>","protected":false},"excerpt":{"rendered":"<p data-start=\"0\" data-end=\"305\"><br data-start=\"1261\" data-end=\"1264\" \/>Das in Gabelstapleranwendungen verwendete <strong data-start=\"1306\" data-end=\"1348\">Jungheinrich EJE116 Hebelpotentiometer<\/strong> ist ein hochwertiger Sensor, der die Bewegungen des Steuerhebels pr\u00e4zise erfasst und an die Steuereinheit \u00fcbertr\u00e4gt. Seine langlebige Bauweise und zuverl\u00e4ssige Leistung tragen zu einem sicheren und effizienten Betrieb bei.<\/p>\n<p data-start=\"1573\" data-end=\"1909\"><strong data-start=\"1573\" data-end=\"1591\">Eigenschaften:<\/strong><br data-start=\"1591\" data-end=\"1594\" \/><strong data-start=\"1594\" data-end=\"1610\">Produktname:<\/strong> Jungheinrich EJE116 Hebelpotentiometer<br data-start=\"1649\" data-end=\"1652\" \/><strong data-start=\"1652\" data-end=\"1668\">Teilenummer:<\/strong> 51045971<br data-start=\"1677\" data-end=\"1680\" \/><strong data-start=\"1680\" data-end=\"1693\">Material:<\/strong> Robuste elektronische Bauteile und Sensormodul<br data-start=\"1740\" data-end=\"1743\" \/><strong data-start=\"1743\" data-end=\"1765\">Anwendungsbereich:<\/strong> Steuerhebelsysteme f\u00fcr Jungheinrich EJE116 Gabelstapler<br data-start=\"1821\" data-end=\"1824\" \/><strong data-start=\"1824\" data-end=\"1836\">Vorteil:<\/strong> Pr\u00e4zise Bewegungserfassung, langlebige Bauweise, zuverl\u00e4ssige Leistung<\/p>\n<p data-start=\"1911\" data-end=\"2209\">\n","protected":false},"featured_media":14948,"template":"","meta":[],"product_brand":[],"product_cat":[469,522,236],"product_tag":[],"class_list":{"0":"post-14947","1":"product","2":"type-product","3":"status-publish","4":"has-post-thumbnail","6":"product_cat-elektrik-ve-sistem-parcalari","7":"product_cat-yedek-parca-jungheinrich","8":"product_cat-jungheinrich","10":"first","11":"instock","12":"taxable","13":"shipping-taxable","14":"purchasable","15":"product-type-simple"},"_links":{"self":[{"href":"https:\/\/ceoparts.com\/de\/wp-json\/wp\/v2\/product\/14947","targetHints":{"allow":["GET"]}}],"collection":[{"href":"https:\/\/ceoparts.com\/de\/wp-json\/wp\/v2\/product"}],"about":[{"href":"https:\/\/ceoparts.com\/de\/wp-json\/wp\/v2\/types\/product"}],"wp:featuredmedia":[{"embeddable":true,"href":"https:\/\/ceoparts.com\/de\/wp-json\/wp\/v2\/media\/14948"}],"wp:attachment":[{"href":"https:\/\/ceoparts.com\/de\/wp-json\/wp\/v2\/media?parent=14947"}],"wp:term":[{"taxonomy":"product_brand","embeddable":true,"href":"https:\/\/ceoparts.com\/de\/wp-json\/wp\/v2\/product_brand?post=14947"},{"taxonomy":"product_cat","embeddable":true,"href":"https:\/\/ceoparts.com\/de\/wp-json\/wp\/v2\/product_cat?post=14947"},{"taxonomy":"product_tag","embeddable":true,"href":"https:\/\/ceoparts.com\/de\/wp-json\/wp\/v2\/product_tag?post=14947"}],"curies":[{"name":"wp","href":"https:\/\/api.w.org\/{rel}","templated":true}]}}