{"id":14963,"date":"2025-02-18T17:47:06","date_gmt":"2025-02-18T14:47:06","guid":{"rendered":"https:\/\/ceoparts.com\/?post_type=product&#038;p=14963"},"modified":"2026-05-16T16:34:10","modified_gmt":"2026-05-16T13:34:10","slug":"bt-rre160-finger-lever-kumanda-tusu-224558","status":"publish","type":"product","link":"https:\/\/ceoparts.com\/de\/urun\/bt-rre160-finger-lever-kumanda-tusu-224558\/","title":{"rendered":"BT RRE160 Fingerhebel &#8211; 224558"},"content":{"rendered":"<p>BT RRE160 Fingerhebel &#8211; 224558<\/p>","protected":false},"excerpt":{"rendered":"<p data-start=\"0\" data-end=\"281\"><br data-start=\"1123\" data-end=\"1126\" \/>Der in Gabelstapleranwendungen verwendete <strong data-start=\"1168\" data-end=\"1208\">BT RRE160 Finger Lever (Steuertaste)<\/strong> ist ein ergonomisches Bedienelement, das dem Bediener erm\u00f6glicht, die Gabelstaplerfunktionen schnell und pr\u00e4zise zu steuern. Seine langlebige und hochwertige Konstruktion macht ihn ideal f\u00fcr den langfristigen Einsatz.<\/p>\n<p data-start=\"1428\" data-end=\"1733\"><strong data-start=\"1428\" data-end=\"1446\">Eigenschaften:<\/strong><br data-start=\"1446\" data-end=\"1449\" \/><strong data-start=\"1449\" data-end=\"1465\">Produktname:<\/strong> BT RRE160 Finger Lever (Steuertaste)<br data-start=\"1502\" data-end=\"1505\" \/><strong data-start=\"1505\" data-end=\"1521\">Teilenummer:<\/strong> 224558<br data-start=\"1528\" data-end=\"1531\" \/><strong data-start=\"1531\" data-end=\"1544\">Material:<\/strong> Robuster Kunststoff und elektronische Komponente<br data-start=\"1593\" data-end=\"1596\" \/><strong data-start=\"1596\" data-end=\"1618\">Anwendungsbereich:<\/strong> BT RRE160 Gabelstapler-Steuersysteme<br data-start=\"1655\" data-end=\"1658\" \/><strong data-start=\"1658\" data-end=\"1670\">Vorteil:<\/strong> Ergonomische Nutzung, pr\u00e4zise Steuerung, langlebige Bauweise<\/p>\n<p data-start=\"1735\" data-end=\"1969\">\n","protected":false},"featured_media":14969,"template":"","meta":[],"product_brand":[],"product_cat":[470,518,251],"product_tag":[],"class_list":{"0":"post-14963","1":"product","2":"type-product","3":"status-publish","4":"has-post-thumbnail","6":"product_cat-diger-yedek-parcalar","7":"product_cat-yedek-parca-bt","8":"product_cat-bt","10":"first","11":"instock","12":"taxable","13":"shipping-taxable","14":"purchasable","15":"product-type-simple"},"_links":{"self":[{"href":"https:\/\/ceoparts.com\/de\/wp-json\/wp\/v2\/product\/14963","targetHints":{"allow":["GET"]}}],"collection":[{"href":"https:\/\/ceoparts.com\/de\/wp-json\/wp\/v2\/product"}],"about":[{"href":"https:\/\/ceoparts.com\/de\/wp-json\/wp\/v2\/types\/product"}],"wp:featuredmedia":[{"embeddable":true,"href":"https:\/\/ceoparts.com\/de\/wp-json\/wp\/v2\/media\/14969"}],"wp:attachment":[{"href":"https:\/\/ceoparts.com\/de\/wp-json\/wp\/v2\/media?parent=14963"}],"wp:term":[{"taxonomy":"product_brand","embeddable":true,"href":"https:\/\/ceoparts.com\/de\/wp-json\/wp\/v2\/product_brand?post=14963"},{"taxonomy":"product_cat","embeddable":true,"href":"https:\/\/ceoparts.com\/de\/wp-json\/wp\/v2\/product_cat?post=14963"},{"taxonomy":"product_tag","embeddable":true,"href":"https:\/\/ceoparts.com\/de\/wp-json\/wp\/v2\/product_tag?post=14963"}],"curies":[{"name":"wp","href":"https:\/\/api.w.org\/{rel}","templated":true}]}}