{"id":14970,"date":"2025-02-18T17:55:07","date_gmt":"2025-02-18T14:55:07","guid":{"rendered":"https:\/\/ceoparts.com\/?post_type=product&#038;p=14970"},"modified":"2026-05-16T17:51:43","modified_gmt":"2026-05-16T14:51:43","slug":"jungheinrich-kol-potansi-50314420","status":"publish","type":"product","link":"https:\/\/ceoparts.com\/de\/urun\/jungheinrich-kol-potansi-50314420\/","title":{"rendered":"Jungheinrich Arm Potentiometer &#8211; 50314420"},"content":{"rendered":"<p>Jungheinrich Arm Potentiometer &#8211; 50314420<\/p>\n<p>ERC 12-16\u00a04.01 &#8211; 3.04<br \/>\nERC-Z 12-16\u00a04.01 &#8211; 3.04<br \/>\nWP12\/14\/16 S (MIC)\u00a04.01 &#8211; 4.08<br \/>\nWP12\/14\/16 IS (MIC)\u00a04.01 &#8211; 4.08<br \/>\nWP12\/14\/16 S (STB)\u00a04.01 &#8211; 12.01<br \/>\nWP12\/14\/16 S (BOSS)\u00a04.01 &#8211; 12.01<br \/>\nWP12\/14\/16 IS (BOSS)\u00a04.01 &#8211; 12.01<br \/>\nERE 220\u00a010.03 &#8211; 9.05<br \/>\nWN 20 S\u00a010.03 &#8211; 9.05<br \/>\nERD 220\u00a010.03 &#8211; 2.11<br \/>\nERC 212\/214\/216\u00a04.04 &#8211; 4.11<br \/>\nERC Z12\/Z14\/Z16\u00a04.04 &#8211; 7.11<br \/>\nWN 24 sC\u00a010.05 &#8211; 4.08<br \/>\nERE 224\u00a010.05 &#8211; 9.07<br \/>\nERE 120\u00a09.05 &#8211; 10.07<br \/>\nWN20S\u00a09.05 &#8211; 10.07<br \/>\nECE 118\u00a012.06 &#8211; 3.10<br \/>\nERE 120\u00a08.07 &#8211; 5.08<br \/>\nWN20S\u00a08.07 &#8211; 4.08<br \/>\nERE 120 (Qingpu)\u00a09.06 &#8211; 12.08<br \/>\nERE 120\u00a06.08 &#8211; 11.08<br \/>\nEJD K18\u00a06.08 &#8211;<br \/>\nERD K18\u00a010.09 &#8211; 2.10<br \/>\nECE 118\u00a04.10 &#8211; 2.13<\/p>","protected":false},"excerpt":{"rendered":"<p data-start=\"0\" data-end=\"295\"><br data-start=\"1206\" data-end=\"1209\" \/>Das in Gabelstapleranwendungen verwendete <strong data-start=\"1251\" data-end=\"1286\">Jungheinrich Hebelpotentiometer<\/strong> ist ein hochwertiger Sensor, der die Bewegungen des Steuerhebels pr\u00e4zise erfasst und an das Steuersystem \u00fcbertr\u00e4gt. Seine robuste Bauweise gew\u00e4hrleistet eine lange Lebensdauer und sorgt f\u00fcr Pr\u00e4zision und Sicherheit im Betrieb.<\/p>\n<p data-start=\"1515\" data-end=\"1842\"><strong data-start=\"1515\" data-end=\"1533\">Eigenschaften:<\/strong><br data-start=\"1533\" data-end=\"1536\" \/><strong data-start=\"1536\" data-end=\"1552\">Produktname:<\/strong> Jungheinrich Hebelpotentiometer<br data-start=\"1584\" data-end=\"1587\" \/><strong data-start=\"1587\" data-end=\"1603\">Teilenummer:<\/strong> 50314420<br data-start=\"1612\" data-end=\"1615\" \/><strong data-start=\"1615\" data-end=\"1628\">Material:<\/strong> Robuste elektronische Bauteile und Sensormodul<br data-start=\"1675\" data-end=\"1678\" \/><strong data-start=\"1678\" data-end=\"1700\">Anwendungsbereich:<\/strong> Steuerhebelsysteme von Jungheinrich Gabelstaplern<br data-start=\"1750\" data-end=\"1753\" \/><strong data-start=\"1753\" data-end=\"1765\">Vorteil:<\/strong> Pr\u00e4zise Bewegungserkennung, langlebige Konstruktion, zuverl\u00e4ssige Leistung<\/p>\n<p data-start=\"1844\" data-end=\"2158\">\n","protected":false},"featured_media":14972,"template":"","meta":[],"product_brand":[],"product_cat":[236,469,522],"product_tag":[],"class_list":{"0":"post-14970","1":"product","2":"type-product","3":"status-publish","4":"has-post-thumbnail","6":"product_cat-jungheinrich","7":"product_cat-elektrik-ve-sistem-parcalari","8":"product_cat-yedek-parca-jungheinrich","10":"first","11":"instock","12":"taxable","13":"shipping-taxable","14":"purchasable","15":"product-type-simple"},"_links":{"self":[{"href":"https:\/\/ceoparts.com\/de\/wp-json\/wp\/v2\/product\/14970","targetHints":{"allow":["GET"]}}],"collection":[{"href":"https:\/\/ceoparts.com\/de\/wp-json\/wp\/v2\/product"}],"about":[{"href":"https:\/\/ceoparts.com\/de\/wp-json\/wp\/v2\/types\/product"}],"wp:featuredmedia":[{"embeddable":true,"href":"https:\/\/ceoparts.com\/de\/wp-json\/wp\/v2\/media\/14972"}],"wp:attachment":[{"href":"https:\/\/ceoparts.com\/de\/wp-json\/wp\/v2\/media?parent=14970"}],"wp:term":[{"taxonomy":"product_brand","embeddable":true,"href":"https:\/\/ceoparts.com\/de\/wp-json\/wp\/v2\/product_brand?post=14970"},{"taxonomy":"product_cat","embeddable":true,"href":"https:\/\/ceoparts.com\/de\/wp-json\/wp\/v2\/product_cat?post=14970"},{"taxonomy":"product_tag","embeddable":true,"href":"https:\/\/ceoparts.com\/de\/wp-json\/wp\/v2\/product_tag?post=14970"}],"curies":[{"name":"wp","href":"https:\/\/api.w.org\/{rel}","templated":true}]}}