{"id":14974,"date":"2025-02-18T18:00:50","date_gmt":"2025-02-18T15:00:50","guid":{"rendered":"https:\/\/ceoparts.com\/?post_type=product&#038;p=14974"},"modified":"2026-05-16T09:41:32","modified_gmt":"2026-05-16T06:41:32","slug":"bt-lwe-yeni-model-kol-kablosu-7579666","status":"publish","type":"product","link":"https:\/\/ceoparts.com\/de\/urun\/bt-lwe-yeni-model-kol-kablosu-7579666\/","title":{"rendered":"BT Cesap Toyota Armkabel &#8211; 7579666"},"content":{"rendered":"<p>BT Cesap Toyota Armkabel &#8211; 7579666<\/p>\n<p><b><span style=\"font-size: small;\">BT &#8211; CESAB &#8211; TOYOTA<\/span><\/b><\/p>\n<div><b><span style=\"font-size: small;\">SWE200D<\/span><\/b><\/div>","protected":false},"excerpt":{"rendered":"<p data-start=\"0\" data-end=\"266\"><br data-start=\"1155\" data-end=\"1158\" \/>Das in Gabelstapleranwendungen verwendete <strong data-start=\"1200\" data-end=\"1230\">BT Cesap Toyota Hebelkabel<\/strong> ist ein flexibles und langlebiges Kabel, das eine zuverl\u00e4ssige Verbindung f\u00fcr die Steuerhebel der Gabelstapler gew\u00e4hrleistet. Seine hochwertige Konstruktion sorgt f\u00fcr eine lange Lebensdauer und eine sichere Signal\u00fcbertragung in Steuersystemen.<\/p>\n<p data-start=\"1476\" data-end=\"1812\"><strong data-start=\"1476\" data-end=\"1494\">Eigenschaften:<\/strong><br data-start=\"1494\" data-end=\"1497\" \/><strong data-start=\"1497\" data-end=\"1513\">Produktname:<\/strong> BT Cesap Toyota Hebelkabel<br data-start=\"1540\" data-end=\"1543\" \/><strong data-start=\"1543\" data-end=\"1559\">Teilenummer:<\/strong> 7579666<br data-start=\"1567\" data-end=\"1570\" \/><strong data-start=\"1570\" data-end=\"1583\">Material:<\/strong> Robustes, leitf\u00e4higes Kabel mit sch\u00fctzender Au\u00dfenummantelung<br data-start=\"1644\" data-end=\"1647\" \/><strong data-start=\"1647\" data-end=\"1669\">Anwendungsbereich:<\/strong> Steuerhebelsysteme f\u00fcr BT, Cesap und Toyota Gabelstapler<br data-start=\"1726\" data-end=\"1729\" \/><strong data-start=\"1729\" data-end=\"1741\">Vorteil:<\/strong> Flexible Bauweise, zuverl\u00e4ssige Signal\u00fcbertragung, lange Lebensdauer<\/p>\n<p data-start=\"1814\" data-end=\"2108\">\n","protected":false},"featured_media":14976,"template":"","meta":[],"product_brand":[],"product_cat":[251,469,518,521,530],"product_tag":[],"class_list":{"0":"post-14974","1":"product","2":"type-product","3":"status-publish","4":"has-post-thumbnail","6":"product_cat-bt","7":"product_cat-elektrik-ve-sistem-parcalari","8":"product_cat-yedek-parca-bt","9":"product_cat-toyota","10":"product_cat-yedek-parca-toyota","12":"first","13":"instock","14":"taxable","15":"shipping-taxable","16":"purchasable","17":"product-type-simple"},"_links":{"self":[{"href":"https:\/\/ceoparts.com\/de\/wp-json\/wp\/v2\/product\/14974","targetHints":{"allow":["GET"]}}],"collection":[{"href":"https:\/\/ceoparts.com\/de\/wp-json\/wp\/v2\/product"}],"about":[{"href":"https:\/\/ceoparts.com\/de\/wp-json\/wp\/v2\/types\/product"}],"wp:featuredmedia":[{"embeddable":true,"href":"https:\/\/ceoparts.com\/de\/wp-json\/wp\/v2\/media\/14976"}],"wp:attachment":[{"href":"https:\/\/ceoparts.com\/de\/wp-json\/wp\/v2\/media?parent=14974"}],"wp:term":[{"taxonomy":"product_brand","embeddable":true,"href":"https:\/\/ceoparts.com\/de\/wp-json\/wp\/v2\/product_brand?post=14974"},{"taxonomy":"product_cat","embeddable":true,"href":"https:\/\/ceoparts.com\/de\/wp-json\/wp\/v2\/product_cat?post=14974"},{"taxonomy":"product_tag","embeddable":true,"href":"https:\/\/ceoparts.com\/de\/wp-json\/wp\/v2\/product_tag?post=14974"}],"curies":[{"name":"wp","href":"https:\/\/api.w.org\/{rel}","templated":true}]}}