{"id":14986,"date":"2025-02-18T18:26:04","date_gmt":"2025-02-18T15:26:04","guid":{"rendered":"https:\/\/ceoparts.com\/?post_type=product&#038;p=14986"},"modified":"2026-05-16T17:29:40","modified_gmt":"2026-05-16T14:29:40","slug":"toyota-1-6t-direksiyon-potansi-35098749","status":"publish","type":"product","link":"https:\/\/ceoparts.com\/de\/urun\/toyota-1-6t-direksiyon-potansi-35098749\/","title":{"rendered":"Toyota 1.6T Lenkpotentiometer &#8211; 35098749"},"content":{"rendered":"<p>Toyota 1.6T Lenkpotentiometer &#8211; 35098749<\/p>","protected":false},"excerpt":{"rendered":"<p data-start=\"0\" data-end=\"317\"><br data-start=\"1152\" data-end=\"1155\" \/>Die in Gabelstapleranwendungen verwendete <strong data-start=\"1197\" data-end=\"1228\">Toyota 1,6T Lenkschubstange<\/strong> ist ein langlebiges und hochwertiges Teil, das die Kraft\u00fcbertragung im Lenksystem von Toyota 1,6-Tonnen-Gabelstaplern gew\u00e4hrleistet. Ihre langlebige Konstruktion und robustes Design verbessern die Man\u00f6vrierf\u00e4higkeit und bieten sicheres Fahren.<\/p>\n<p data-start=\"1474\" data-end=\"1755\"><strong data-start=\"1474\" data-end=\"1492\">Eigenschaften:<\/strong><br data-start=\"1492\" data-end=\"1495\" \/><strong data-start=\"1495\" data-end=\"1511\">Produktname:<\/strong> Toyota 1,6T Lenkschubstange<br data-start=\"1539\" data-end=\"1542\" \/><strong data-start=\"1542\" data-end=\"1558\">Teilenummer:<\/strong> 35098749<br data-start=\"1567\" data-end=\"1570\" \/><strong data-start=\"1570\" data-end=\"1583\">Material:<\/strong> Hochfeste Metalllegierung<br data-start=\"1609\" data-end=\"1612\" \/><strong data-start=\"1612\" data-end=\"1634\">Anwendungsbereich:<\/strong> Lenksysteme f\u00fcr Toyota 1,6-Tonnen-Gabelstapler<br data-start=\"1681\" data-end=\"1684\" \/><strong data-start=\"1684\" data-end=\"1696\">Vorteil:<\/strong> Stabile Konstruktion, hohe Haltbarkeit, einfache Montage<\/p>\n<p data-start=\"1757\" data-end=\"2082\">\n","protected":false},"featured_media":14988,"template":"","meta":[],"product_brand":[],"product_cat":[469,521,530],"product_tag":[],"class_list":{"0":"post-14986","1":"product","2":"type-product","3":"status-publish","4":"has-post-thumbnail","6":"product_cat-elektrik-ve-sistem-parcalari","7":"product_cat-toyota","8":"product_cat-yedek-parca-toyota","10":"first","11":"instock","12":"taxable","13":"shipping-taxable","14":"purchasable","15":"product-type-simple"},"_links":{"self":[{"href":"https:\/\/ceoparts.com\/de\/wp-json\/wp\/v2\/product\/14986","targetHints":{"allow":["GET"]}}],"collection":[{"href":"https:\/\/ceoparts.com\/de\/wp-json\/wp\/v2\/product"}],"about":[{"href":"https:\/\/ceoparts.com\/de\/wp-json\/wp\/v2\/types\/product"}],"wp:featuredmedia":[{"embeddable":true,"href":"https:\/\/ceoparts.com\/de\/wp-json\/wp\/v2\/media\/14988"}],"wp:attachment":[{"href":"https:\/\/ceoparts.com\/de\/wp-json\/wp\/v2\/media?parent=14986"}],"wp:term":[{"taxonomy":"product_brand","embeddable":true,"href":"https:\/\/ceoparts.com\/de\/wp-json\/wp\/v2\/product_brand?post=14986"},{"taxonomy":"product_cat","embeddable":true,"href":"https:\/\/ceoparts.com\/de\/wp-json\/wp\/v2\/product_cat?post=14986"},{"taxonomy":"product_tag","embeddable":true,"href":"https:\/\/ceoparts.com\/de\/wp-json\/wp\/v2\/product_tag?post=14986"}],"curies":[{"name":"wp","href":"https:\/\/api.w.org\/{rel}","templated":true}]}}