{"id":15000,"date":"2025-02-18T18:42:26","date_gmt":"2025-02-18T15:42:26","guid":{"rendered":"https:\/\/ceoparts.com\/?post_type=product&#038;p=15000"},"modified":"2026-05-16T22:04:07","modified_gmt":"2026-05-16T19:04:07","slug":"linde-encoder-3095400903-1920354","status":"publish","type":"product","link":"https:\/\/ceoparts.com\/de\/urun\/linde-encoder-3095400903-1920354\/","title":{"rendered":"Linde Encoder &#8211; 3095400903, 1920354"},"content":{"rendered":"<p>Linde Encoder &#8211; 3095400903, 1920354<\/p>\n<p>1173\u00a0L14\/L16\/L20<br \/>\n1173\u00a0L14\/L16\/L20<\/p>","protected":false},"excerpt":{"rendered":"<p data-start=\"0\" data-end=\"292\"><br data-start=\"1178\" data-end=\"1181\" \/>Der in Gabelstapleranwendungen verwendete <strong data-start=\"1223\" data-end=\"1240\">Linde Encoder<\/strong> ist ein hochwertiger Sensor, der pr\u00e4zise Messungen in den Bewegungs- und Positionskontrollsystemen des Gabelstaplers liefert. Seine robuste Konstruktion gew\u00e4hrleistet eine zuverl\u00e4ssige Leistung unter harten Arbeitsbedingungen und unterst\u00fctzt einen effizienten Betrieb des Gabelstaplers.<\/p>\n<p data-start=\"1529\" data-end=\"1852\"><strong data-start=\"1529\" data-end=\"1547\">Eigenschaften:<\/strong><br data-start=\"1547\" data-end=\"1550\" \/><strong data-start=\"1550\" data-end=\"1566\">Produktname:<\/strong> Linde Encoder<br data-start=\"1580\" data-end=\"1583\" \/><strong data-start=\"1583\" data-end=\"1599\">Teilenummer:<\/strong> 3095400903, 1920354<br data-start=\"1619\" data-end=\"1622\" \/><strong data-start=\"1622\" data-end=\"1635\">Material:<\/strong> Robuste elektronische und metallische Komponenten<br data-start=\"1685\" data-end=\"1688\" \/><strong data-start=\"1688\" data-end=\"1710\">Anwendungsbereich:<\/strong> Bewegungs- und Positionskontrollsysteme von Linde Gabelstaplern<br data-start=\"1774\" data-end=\"1777\" \/><strong data-start=\"1777\" data-end=\"1789\">Vorteil:<\/strong> Pr\u00e4zise Messung, robuste Konstruktion, zuverl\u00e4ssige Leistung<\/p>\n<p data-start=\"1854\" data-end=\"2145\">\n","protected":false},"featured_media":15002,"template":"","meta":[],"product_brand":[],"product_cat":[246,470,523],"product_tag":[],"class_list":{"0":"post-15000","1":"product","2":"type-product","3":"status-publish","4":"has-post-thumbnail","6":"product_cat-linde","7":"product_cat-diger-yedek-parcalar","8":"product_cat-yedek-parca-linde","10":"first","11":"instock","12":"taxable","13":"shipping-taxable","14":"purchasable","15":"product-type-simple"},"_links":{"self":[{"href":"https:\/\/ceoparts.com\/de\/wp-json\/wp\/v2\/product\/15000","targetHints":{"allow":["GET"]}}],"collection":[{"href":"https:\/\/ceoparts.com\/de\/wp-json\/wp\/v2\/product"}],"about":[{"href":"https:\/\/ceoparts.com\/de\/wp-json\/wp\/v2\/types\/product"}],"wp:featuredmedia":[{"embeddable":true,"href":"https:\/\/ceoparts.com\/de\/wp-json\/wp\/v2\/media\/15002"}],"wp:attachment":[{"href":"https:\/\/ceoparts.com\/de\/wp-json\/wp\/v2\/media?parent=15000"}],"wp:term":[{"taxonomy":"product_brand","embeddable":true,"href":"https:\/\/ceoparts.com\/de\/wp-json\/wp\/v2\/product_brand?post=15000"},{"taxonomy":"product_cat","embeddable":true,"href":"https:\/\/ceoparts.com\/de\/wp-json\/wp\/v2\/product_cat?post=15000"},{"taxonomy":"product_tag","embeddable":true,"href":"https:\/\/ceoparts.com\/de\/wp-json\/wp\/v2\/product_tag?post=15000"}],"curies":[{"name":"wp","href":"https:\/\/api.w.org\/{rel}","templated":true}]}}