{"id":15010,"date":"2025-02-18T19:01:46","date_gmt":"2025-02-18T16:01:46","guid":{"rendered":"https:\/\/ceoparts.com\/?post_type=product&#038;p=15010"},"modified":"2026-05-16T22:18:32","modified_gmt":"2026-05-16T19:18:32","slug":"jungheinrich-kol-dayama-baglanti-parcasi-50434609-12036539","status":"publish","type":"product","link":"https:\/\/ceoparts.com\/de\/urun\/jungheinrich-kol-dayama-baglanti-parcasi-50434609-12036539\/","title":{"rendered":"Jungheinrich Armst\u00fctzen-Verbindungsst\u00fcck &#8211; 50434609, 12036539"},"content":{"rendered":"<p>Jungheinrich Armst\u00fctzen-Verbindungsst\u00fcck &#8211; 50434609, 12036539<\/p>","protected":false},"excerpt":{"rendered":"<p data-start=\"0\" data-end=\"282\"><br data-start=\"1092\" data-end=\"1095\" \/>Das in Gabelstapleranwendungen verwendete <strong data-start=\"1137\" data-end=\"1179\">Jungheinrich Armlehnenverbindungsst\u00fcck<\/strong> ist ein langlebiges Teil, das die Armlehne des Bedieners sicher mit der Gabelstaplerstruktur verbindet. Hergestellt aus hochwertigen Materialien, bietet es eine lange Lebensdauer und ergonomische Unterst\u00fctzung.<\/p>\n<p data-start=\"1392\" data-end=\"1698\"><strong data-start=\"1392\" data-end=\"1410\">Eigenschaften:<\/strong><br data-start=\"1410\" data-end=\"1413\" \/><strong data-start=\"1413\" data-end=\"1429\">Produktname:<\/strong> Jungheinrich Armlehnenverbindungsst\u00fcck<br data-start=\"1468\" data-end=\"1471\" \/><strong data-start=\"1471\" data-end=\"1487\">Teilenummer:<\/strong> 50434609, 12036539<br data-start=\"1506\" data-end=\"1509\" \/><strong data-start=\"1509\" data-end=\"1522\">Material:<\/strong> Robuste Metalllegierung<br data-start=\"1546\" data-end=\"1549\" \/><strong data-start=\"1549\" data-end=\"1571\">Anwendungsbereich:<\/strong> Jungheinrich Gabelstapler Armlehnen-Systeme<br data-start=\"1615\" data-end=\"1618\" \/><strong data-start=\"1618\" data-end=\"1630\">Vorteil:<\/strong> Sichere Verbindung, lange Lebensdauer, ergonomische Unterst\u00fctzung<\/p>\n<p data-start=\"1700\" data-end=\"1987\">\n","protected":false},"featured_media":15013,"template":"","meta":[],"product_brand":[],"product_cat":[236,470,522],"product_tag":[],"class_list":{"0":"post-15010","1":"product","2":"type-product","3":"status-publish","4":"has-post-thumbnail","6":"product_cat-jungheinrich","7":"product_cat-diger-yedek-parcalar","8":"product_cat-yedek-parca-jungheinrich","10":"first","11":"instock","12":"taxable","13":"shipping-taxable","14":"purchasable","15":"product-type-simple"},"_links":{"self":[{"href":"https:\/\/ceoparts.com\/de\/wp-json\/wp\/v2\/product\/15010","targetHints":{"allow":["GET"]}}],"collection":[{"href":"https:\/\/ceoparts.com\/de\/wp-json\/wp\/v2\/product"}],"about":[{"href":"https:\/\/ceoparts.com\/de\/wp-json\/wp\/v2\/types\/product"}],"wp:featuredmedia":[{"embeddable":true,"href":"https:\/\/ceoparts.com\/de\/wp-json\/wp\/v2\/media\/15013"}],"wp:attachment":[{"href":"https:\/\/ceoparts.com\/de\/wp-json\/wp\/v2\/media?parent=15010"}],"wp:term":[{"taxonomy":"product_brand","embeddable":true,"href":"https:\/\/ceoparts.com\/de\/wp-json\/wp\/v2\/product_brand?post=15010"},{"taxonomy":"product_cat","embeddable":true,"href":"https:\/\/ceoparts.com\/de\/wp-json\/wp\/v2\/product_cat?post=15010"},{"taxonomy":"product_tag","embeddable":true,"href":"https:\/\/ceoparts.com\/de\/wp-json\/wp\/v2\/product_tag?post=15010"}],"curies":[{"name":"wp","href":"https:\/\/api.w.org\/{rel}","templated":true}]}}