{"id":15016,"date":"2025-02-18T19:11:32","date_gmt":"2025-02-18T16:11:32","guid":{"rendered":"https:\/\/ceoparts.com\/?post_type=product&#038;p=15016"},"modified":"2026-05-16T22:38:07","modified_gmt":"2026-05-16T19:38:07","slug":"still-tekerlek-reduktor-12553856-532326","status":"publish","type":"product","link":"https:\/\/ceoparts.com\/de\/urun\/still-tekerlek-reduktor-12553856-532326\/","title":{"rendered":"Still Radreduzier &#8211; 12553856, 532326"},"content":{"rendered":"<p>Still Radreduzier &#8211; 12553856, 532326<\/p>\n<p>Forklift Parts 16024530310 AKSON for<br \/>\nLINDE<br \/>\n388 E35,40,45,50,<br \/>\n392 H20,H25,<br \/>\n393 H25,H30,H35(RH) forklift<br \/>\n388\/392\/393<\/p>","protected":false},"excerpt":{"rendered":"<article class=\"text-token-text-primary w-full\" dir=\"auto\" data-testid=\"conversation-turn-62\" data-scroll-anchor=\"true\">\n<div class=\"text-base my-auto mx-auto py-5 [--thread-content-margin:--spacing(4)] @[37rem]:[--thread-content-margin:--spacing(6)] @[72rem]:[--thread-content-margin:--spacing(16)] px-(--thread-content-margin)\">\n<div class=\"[--thread-content-max-width:32rem] @[34rem]:[--thread-content-max-width:40rem] @[64rem]:[--thread-content-max-width:48rem] mx-auto flex max-w-(--thread-content-max-width) flex-1 text-base gap-4 md:gap-5 lg:gap-6 group\/turn-messages focus-visible:outline-hidden\" tabindex=\"-1\">\n<div class=\"group\/conversation-turn relative flex w-full min-w-0 flex-col agent-turn\">\n<div class=\"relative flex-col gap-1 md:gap-3\">\n<div class=\"flex max-w-full flex-col grow\">\n<div class=\"min-h-8 text-message relative flex w-full flex-col items-end gap-2 text-start break-words whitespace-normal [.text-message+&amp;]:mt-5\" dir=\"auto\" data-message-author-role=\"assistant\" data-message-id=\"0b713b69-28d4-49d0-991d-f4f40be43932\" data-message-model-slug=\"gpt-4-1-mini\">\n<div class=\"flex w-full flex-col gap-1 empty:hidden first:pt-[3px]\">\n<div class=\"markdown prose dark:prose-invert w-full break-words light\">\n<p data-start=\"0\" data-end=\"289\"><br data-start=\"1118\" data-end=\"1121\" \/>Das in Gabelstapleranwendungen verwendete <strong data-start=\"1163\" data-end=\"1184\">Still Radgetriebe<\/strong> ist ein langlebiges und leistungsstarkes Getriebe, das die Radbewegung verst\u00e4rkt und die Drehmoment\u00fcbertragung sicherstellt. Hergestellt aus hochwertigen Materialien, bietet es eine lange Lebensdauer und ist f\u00fcr raue Arbeitsbedingungen geeignet.<\/p>\n<p data-start=\"1432\" data-end=\"1710\"><strong data-start=\"1432\" data-end=\"1450\">Eigenschaften:<\/strong><br data-start=\"1450\" data-end=\"1453\" \/><strong data-start=\"1453\" data-end=\"1469\">Produktname:<\/strong> Still Radgetriebe<br data-start=\"1487\" data-end=\"1490\" \/><strong data-start=\"1490\" data-end=\"1506\">Teilenummer:<\/strong> 12553856, 532326<br data-start=\"1523\" data-end=\"1526\" \/><strong data-start=\"1526\" data-end=\"1539\">Material:<\/strong> Hochfeste Metalllegierung<br data-start=\"1565\" data-end=\"1568\" \/><strong data-start=\"1568\" data-end=\"1590\">Anwendungsbereich:<\/strong> Still Gabelstapler-Radsysteme<br data-start=\"1620\" data-end=\"1623\" \/><strong data-start=\"1623\" data-end=\"1635\">Vorteil:<\/strong> Starke Drehmoment\u00fcbertragung, langlebige Konstruktion, lange Lebensdauer<\/p>\n<p data-start=\"1712\" data-end=\"2018\">\n","protected":false},"featured_media":15020,"template":"","meta":[],"product_brand":[],"product_cat":[470,523,524,241,246],"product_tag":[513,514,512],"class_list":{"0":"post-15016","1":"product","2":"type-product","3":"status-publish","4":"has-post-thumbnail","6":"product_cat-diger-yedek-parcalar","7":"product_cat-yedek-parca-linde","8":"product_cat-yedek-parca-still","9":"product_cat-still","10":"product_cat-linde","11":"product_tag-513","12":"product_tag-514","13":"product_tag-still-tekerlek-reduktoru","15":"first","16":"instock","17":"taxable","18":"shipping-taxable","19":"purchasable","20":"product-type-simple"},"_links":{"self":[{"href":"https:\/\/ceoparts.com\/de\/wp-json\/wp\/v2\/product\/15016","targetHints":{"allow":["GET"]}}],"collection":[{"href":"https:\/\/ceoparts.com\/de\/wp-json\/wp\/v2\/product"}],"about":[{"href":"https:\/\/ceoparts.com\/de\/wp-json\/wp\/v2\/types\/product"}],"wp:featuredmedia":[{"embeddable":true,"href":"https:\/\/ceoparts.com\/de\/wp-json\/wp\/v2\/media\/15020"}],"wp:attachment":[{"href":"https:\/\/ceoparts.com\/de\/wp-json\/wp\/v2\/media?parent=15016"}],"wp:term":[{"taxonomy":"product_brand","embeddable":true,"href":"https:\/\/ceoparts.com\/de\/wp-json\/wp\/v2\/product_brand?post=15016"},{"taxonomy":"product_cat","embeddable":true,"href":"https:\/\/ceoparts.com\/de\/wp-json\/wp\/v2\/product_cat?post=15016"},{"taxonomy":"product_tag","embeddable":true,"href":"https:\/\/ceoparts.com\/de\/wp-json\/wp\/v2\/product_tag?post=15016"}],"curies":[{"name":"wp","href":"https:\/\/api.w.org\/{rel}","templated":true}]}}