{"id":15028,"date":"2025-02-18T19:17:29","date_gmt":"2025-02-18T16:17:29","guid":{"rendered":"https:\/\/ceoparts.com\/?post_type=product&#038;p=15028"},"modified":"2026-05-16T23:30:34","modified_gmt":"2026-05-16T20:30:34","slug":"bt-master-cyl-clutch-cyl-0064576ce","status":"publish","type":"product","link":"https:\/\/ceoparts.com\/de\/urun\/bt-master-cyl-clutch-cyl-0064576ce\/","title":{"rendered":"BT Master Cyl. Clutch Cyl. &#8211; 0064576CE"},"content":{"rendered":"<p>BT Master Cyl. Clutch Cyl. &#8211; 0064576CE<\/p>\n","protected":false},"excerpt":{"rendered":"<p data-start=\"0\" data-end=\"297\"><br data-start=\"1075\" data-end=\"1078\" \/>Der in Gabelstapleranwendungen verwendete <strong data-start=\"1120\" data-end=\"1150\">BT Master Cyl. Clutch Cyl.<\/strong> ist ein hochwertiges und langlebiges Teil, das als Hauptzylinder im Kupplungssystem fungiert. Es gew\u00e4hrleistet eine sichere und ordnungsgem\u00e4\u00dfe Kupplungsfunktion, verbessert die Leistung des Gabelstaplers und reduziert den mechanischen Verschlei\u00df.<\/p>\n<p data-start=\"1399\" data-end=\"1673\"><strong data-start=\"1399\" data-end=\"1417\">Eigenschaften:<\/strong><br data-start=\"1417\" data-end=\"1420\" \/><strong data-start=\"1420\" data-end=\"1436\">Produktname:<\/strong> BT Master Cyl. Clutch Cyl.<br data-start=\"1463\" data-end=\"1466\" \/><strong data-start=\"1466\" data-end=\"1482\">Teilenummer:<\/strong> 0064576CE<br data-start=\"1492\" data-end=\"1495\" \/><strong data-start=\"1495\" data-end=\"1508\">Material:<\/strong> Robuste Metalllegierung<br data-start=\"1532\" data-end=\"1535\" \/><strong data-start=\"1535\" data-end=\"1557\">Anwendungsbereich:<\/strong> Kupplungssysteme von Gabelstaplern<br data-start=\"1592\" data-end=\"1595\" \/><strong data-start=\"1595\" data-end=\"1607\">Vorteil:<\/strong> Sichere Kupplungssteuerung, hohe Haltbarkeit, lange Lebensdauer<\/p>\n<p data-start=\"1675\" data-end=\"1990\">\n","protected":false},"featured_media":15030,"template":"","meta":[],"product_brand":[],"product_cat":[523,246,251,470,518],"product_tag":[],"class_list":{"0":"post-15028","1":"product","2":"type-product","3":"status-publish","4":"has-post-thumbnail","6":"product_cat-yedek-parca-linde","7":"product_cat-linde","8":"product_cat-bt","9":"product_cat-diger-yedek-parcalar","10":"product_cat-yedek-parca-bt","12":"first","13":"instock","14":"taxable","15":"shipping-taxable","16":"purchasable","17":"product-type-simple"},"_links":{"self":[{"href":"https:\/\/ceoparts.com\/de\/wp-json\/wp\/v2\/product\/15028","targetHints":{"allow":["GET"]}}],"collection":[{"href":"https:\/\/ceoparts.com\/de\/wp-json\/wp\/v2\/product"}],"about":[{"href":"https:\/\/ceoparts.com\/de\/wp-json\/wp\/v2\/types\/product"}],"wp:featuredmedia":[{"embeddable":true,"href":"https:\/\/ceoparts.com\/de\/wp-json\/wp\/v2\/media\/15030"}],"wp:attachment":[{"href":"https:\/\/ceoparts.com\/de\/wp-json\/wp\/v2\/media?parent=15028"}],"wp:term":[{"taxonomy":"product_brand","embeddable":true,"href":"https:\/\/ceoparts.com\/de\/wp-json\/wp\/v2\/product_brand?post=15028"},{"taxonomy":"product_cat","embeddable":true,"href":"https:\/\/ceoparts.com\/de\/wp-json\/wp\/v2\/product_cat?post=15028"},{"taxonomy":"product_tag","embeddable":true,"href":"https:\/\/ceoparts.com\/de\/wp-json\/wp\/v2\/product_tag?post=15028"}],"curies":[{"name":"wp","href":"https:\/\/api.w.org\/{rel}","templated":true}]}}