{"id":15035,"date":"2025-02-18T19:27:49","date_gmt":"2025-02-18T16:27:49","guid":{"rendered":"https:\/\/ceoparts.com\/?post_type=product&#038;p=15035"},"modified":"2026-05-16T21:35:29","modified_gmt":"2026-05-16T18:35:29","slug":"jungheinrich-hidrolik-hortum-50435178","status":"publish","type":"product","link":"https:\/\/ceoparts.com\/de\/urun\/jungheinrich-hidrolik-hortum-50435178\/","title":{"rendered":"Jungheinrich Hydraulikschlauch &#8211; 50435178"},"content":{"rendered":"<p>Jungheinrich Hydraulikschlauch &#8211; 50435178<\/p>","protected":false},"excerpt":{"rendered":"<p data-start=\"0\" data-end=\"292\"><br data-start=\"1120\" data-end=\"1123\" \/>Der in Gabelstapleranwendungen verwendete <strong data-start=\"1165\" data-end=\"1199\">Jungheinrich Hydraulikschlauch<\/strong> ist ein langlebiger und flexibler Schlauch, der f\u00fcr den sicheren und dichten Transport von Hochdruck-Hydraulikfl\u00fcssigkeiten ausgelegt ist. Hergestellt aus hochwertigen Materialien, ist er langlebig und f\u00fcr raue Arbeitsbedingungen geeignet.<\/p>\n<p data-start=\"1441\" data-end=\"1719\"><strong data-start=\"1441\" data-end=\"1459\">Eigenschaften:<\/strong><br data-start=\"1459\" data-end=\"1462\" \/><strong data-start=\"1462\" data-end=\"1478\">Produktname:<\/strong> Jungheinrich Hydraulikschlauch<br data-start=\"1509\" data-end=\"1512\" \/><strong data-start=\"1512\" data-end=\"1528\">Teilenummer:<\/strong> 50435178<br data-start=\"1537\" data-end=\"1540\" \/><strong data-start=\"1540\" data-end=\"1553\">Material:<\/strong> Hochdruckbest\u00e4ndiger Gummi mit Metallverst\u00e4rkung<br data-start=\"1602\" data-end=\"1605\" \/><strong data-start=\"1605\" data-end=\"1627\">Anwendungsbereich:<\/strong> Hydrauliksysteme von Jungheinrich Gabelstaplern<br data-start=\"1675\" data-end=\"1678\" \/><strong data-start=\"1678\" data-end=\"1690\">Vorteil:<\/strong> Dicht, langlebig, flexibel<\/p>\n<p data-start=\"1721\" data-end=\"2033\">\n","protected":false},"featured_media":15037,"template":"","meta":[],"product_brand":[],"product_cat":[236,461,522],"product_tag":[],"class_list":{"0":"post-15035","1":"product","2":"type-product","3":"status-publish","4":"has-post-thumbnail","6":"product_cat-jungheinrich","7":"product_cat-hidrolik-sistemi","8":"product_cat-yedek-parca-jungheinrich","10":"first","11":"instock","12":"taxable","13":"shipping-taxable","14":"purchasable","15":"product-type-simple"},"_links":{"self":[{"href":"https:\/\/ceoparts.com\/de\/wp-json\/wp\/v2\/product\/15035","targetHints":{"allow":["GET"]}}],"collection":[{"href":"https:\/\/ceoparts.com\/de\/wp-json\/wp\/v2\/product"}],"about":[{"href":"https:\/\/ceoparts.com\/de\/wp-json\/wp\/v2\/types\/product"}],"wp:featuredmedia":[{"embeddable":true,"href":"https:\/\/ceoparts.com\/de\/wp-json\/wp\/v2\/media\/15037"}],"wp:attachment":[{"href":"https:\/\/ceoparts.com\/de\/wp-json\/wp\/v2\/media?parent=15035"}],"wp:term":[{"taxonomy":"product_brand","embeddable":true,"href":"https:\/\/ceoparts.com\/de\/wp-json\/wp\/v2\/product_brand?post=15035"},{"taxonomy":"product_cat","embeddable":true,"href":"https:\/\/ceoparts.com\/de\/wp-json\/wp\/v2\/product_cat?post=15035"},{"taxonomy":"product_tag","embeddable":true,"href":"https:\/\/ceoparts.com\/de\/wp-json\/wp\/v2\/product_tag?post=15035"}],"curies":[{"name":"wp","href":"https:\/\/api.w.org\/{rel}","templated":true}]}}