{"id":15043,"date":"2025-02-18T19:35:33","date_gmt":"2025-02-18T16:35:33","guid":{"rendered":"https:\/\/ceoparts.com\/?post_type=product&#038;p=15043"},"modified":"2026-05-16T19:47:49","modified_gmt":"2026-05-16T16:47:49","slug":"kabin-kapi-kilidi-sol-04386521","status":"publish","type":"product","link":"https:\/\/ceoparts.com\/de\/urun\/kabin-kapi-kilidi-sol-04386521\/","title":{"rendered":"Kabinent\u00fcrschloss Links &#8211; 04386521"},"content":{"rendered":"<p>Kabinent\u00fcrschloss Links &#8211; 04386521<\/p>\n<p><\/p>","protected":false},"excerpt":{"rendered":"<p data-start=\"0\" data-end=\"282\"><br data-start=\"1029\" data-end=\"1032\" \/>Das in Gabelstapleranwendungen verwendete <strong data-start=\"1074\" data-end=\"1102\">Kabinen-T\u00fcrschloss links<\/strong> ist ein robustes Verriegelungsmechanismus, der das sichere Schlie\u00dfen und \u00d6ffnen der Kabinent\u00fcr des Gabelstaplers gew\u00e4hrleistet. Hergestellt aus hochwertigen Materialien, ist es langlebig und widerstandsf\u00e4hig gegen raue Arbeitsbedingungen.<\/p>\n<p data-start=\"1343\" data-end=\"1613\"><strong data-start=\"1343\" data-end=\"1361\">Eigenschaften:<\/strong><br data-start=\"1361\" data-end=\"1364\" \/><strong data-start=\"1364\" data-end=\"1380\">Produktname:<\/strong> Kabinen-T\u00fcrschloss links<br data-start=\"1405\" data-end=\"1408\" \/><strong data-start=\"1408\" data-end=\"1424\">Teilenummer:<\/strong> 04386521<br data-start=\"1433\" data-end=\"1436\" \/><strong data-start=\"1436\" data-end=\"1449\">Material:<\/strong> Robuste Metalllegierung<br data-start=\"1473\" data-end=\"1476\" \/><strong data-start=\"1476\" data-end=\"1498\">Anwendungsbereich:<\/strong> Kabinent\u00fcrsysteme von Gabelstaplern<br data-start=\"1534\" data-end=\"1537\" \/><strong data-start=\"1537\" data-end=\"1549\">Vorteil:<\/strong> Sichere Verriegelung, lange Lebensdauer, robuste Konstruktion<\/p>\n<p data-start=\"1615\" data-end=\"1887\">\n","protected":false},"featured_media":15045,"template":"","meta":[],"product_brand":[],"product_cat":[470],"product_tag":[],"class_list":{"0":"post-15043","1":"product","2":"type-product","3":"status-publish","4":"has-post-thumbnail","6":"product_cat-diger-yedek-parcalar","8":"first","9":"instock","10":"taxable","11":"shipping-taxable","12":"purchasable","13":"product-type-simple"},"_links":{"self":[{"href":"https:\/\/ceoparts.com\/de\/wp-json\/wp\/v2\/product\/15043","targetHints":{"allow":["GET"]}}],"collection":[{"href":"https:\/\/ceoparts.com\/de\/wp-json\/wp\/v2\/product"}],"about":[{"href":"https:\/\/ceoparts.com\/de\/wp-json\/wp\/v2\/types\/product"}],"wp:featuredmedia":[{"embeddable":true,"href":"https:\/\/ceoparts.com\/de\/wp-json\/wp\/v2\/media\/15045"}],"wp:attachment":[{"href":"https:\/\/ceoparts.com\/de\/wp-json\/wp\/v2\/media?parent=15043"}],"wp:term":[{"taxonomy":"product_brand","embeddable":true,"href":"https:\/\/ceoparts.com\/de\/wp-json\/wp\/v2\/product_brand?post=15043"},{"taxonomy":"product_cat","embeddable":true,"href":"https:\/\/ceoparts.com\/de\/wp-json\/wp\/v2\/product_cat?post=15043"},{"taxonomy":"product_tag","embeddable":true,"href":"https:\/\/ceoparts.com\/de\/wp-json\/wp\/v2\/product_tag?post=15043"}],"curies":[{"name":"wp","href":"https:\/\/api.w.org\/{rel}","templated":true}]}}