{"id":15049,"date":"2025-02-18T19:41:54","date_gmt":"2025-02-18T16:41:54","guid":{"rendered":"https:\/\/ceoparts.com\/?post_type=product&#038;p=15049"},"modified":"2026-05-16T19:46:01","modified_gmt":"2026-05-16T16:46:01","slug":"kabin-kapi-kilidi-sag-04386521","status":"publish","type":"product","link":"https:\/\/ceoparts.com\/de\/urun\/kabin-kapi-kilidi-sag-04386521\/","title":{"rendered":"Kabinent\u00fcrschloss Rechts &#8211; 04386521"},"content":{"rendered":"<p>Kabinent\u00fcrschloss Rechts &#8211; 04386521<\/p>\n<p>E198810030039,<br \/>\nE281.505.210.017,<br \/>\nE281505210017,<br \/>\n131441LH,<br \/>\n04386521<br \/>\n45217500,<br \/>\nV45217500,<br \/>\nDL.501.001,<br \/>\n63DL501001<\/p>","protected":false},"excerpt":{"rendered":"<p data-start=\"0\" data-end=\"282\"><br data-start=\"1031\" data-end=\"1034\" \/>Das in Gabelstapleranwendungen verwendete <strong data-start=\"1076\" data-end=\"1105\">Kabinen-T\u00fcrschloss rechts<\/strong> ist ein robustes Verriegelungsmechanismus, der das sichere Schlie\u00dfen und \u00d6ffnen der Kabinent\u00fcr des Gabelstaplers gew\u00e4hrleistet. Hergestellt aus hochwertigen Materialien, ist es langlebig und widerstandsf\u00e4hig gegen raue Arbeitsbedingungen.<\/p>\n<p data-start=\"1346\" data-end=\"1617\"><strong data-start=\"1346\" data-end=\"1364\">Eigenschaften:<\/strong><br data-start=\"1364\" data-end=\"1367\" \/><strong data-start=\"1367\" data-end=\"1383\">Produktname:<\/strong> Kabinen-T\u00fcrschloss rechts<br data-start=\"1409\" data-end=\"1412\" \/><strong data-start=\"1412\" data-end=\"1428\">Teilenummer:<\/strong> 04386521<br data-start=\"1437\" data-end=\"1440\" \/><strong data-start=\"1440\" data-end=\"1453\">Material:<\/strong> Robuste Metalllegierung<br data-start=\"1477\" data-end=\"1480\" \/><strong data-start=\"1480\" data-end=\"1502\">Anwendungsbereich:<\/strong> Kabinent\u00fcrsysteme von Gabelstaplern<br data-start=\"1538\" data-end=\"1541\" \/><strong data-start=\"1541\" data-end=\"1553\">Vorteil:<\/strong> Sichere Verriegelung, lange Lebensdauer, robuste Konstruktion<\/p>\n<p data-start=\"1619\" data-end=\"1892\">\n","protected":false},"featured_media":15053,"template":"","meta":[],"product_brand":[],"product_cat":[470],"product_tag":[],"class_list":{"0":"post-15049","1":"product","2":"type-product","3":"status-publish","4":"has-post-thumbnail","6":"product_cat-diger-yedek-parcalar","8":"first","9":"instock","10":"taxable","11":"shipping-taxable","12":"purchasable","13":"product-type-simple"},"_links":{"self":[{"href":"https:\/\/ceoparts.com\/de\/wp-json\/wp\/v2\/product\/15049","targetHints":{"allow":["GET"]}}],"collection":[{"href":"https:\/\/ceoparts.com\/de\/wp-json\/wp\/v2\/product"}],"about":[{"href":"https:\/\/ceoparts.com\/de\/wp-json\/wp\/v2\/types\/product"}],"wp:featuredmedia":[{"embeddable":true,"href":"https:\/\/ceoparts.com\/de\/wp-json\/wp\/v2\/media\/15053"}],"wp:attachment":[{"href":"https:\/\/ceoparts.com\/de\/wp-json\/wp\/v2\/media?parent=15049"}],"wp:term":[{"taxonomy":"product_brand","embeddable":true,"href":"https:\/\/ceoparts.com\/de\/wp-json\/wp\/v2\/product_brand?post=15049"},{"taxonomy":"product_cat","embeddable":true,"href":"https:\/\/ceoparts.com\/de\/wp-json\/wp\/v2\/product_cat?post=15049"},{"taxonomy":"product_tag","embeddable":true,"href":"https:\/\/ceoparts.com\/de\/wp-json\/wp\/v2\/product_tag?post=15049"}],"curies":[{"name":"wp","href":"https:\/\/api.w.org\/{rel}","templated":true}]}}