{"id":15060,"date":"2025-02-18T19:57:35","date_gmt":"2025-02-18T16:57:35","guid":{"rendered":"https:\/\/ceoparts.com\/?post_type=product&#038;p=15060"},"modified":"2026-05-16T17:12:27","modified_gmt":"2026-05-16T14:12:27","slug":"jungheinrich-ere120-kol-pedi-sag-51437760","status":"publish","type":"product","link":"https:\/\/ceoparts.com\/de\/urun\/jungheinrich-ere120-kol-pedi-sag-51437760\/","title":{"rendered":"Jungheinrich ERE120 Armauflage Rechts &#8211; 51437760"},"content":{"rendered":"<p>Jungheinrich ERE120 Armauflage Rechts &#8211; 51437760<\/p>","protected":false},"excerpt":{"rendered":"<p data-start=\"0\" data-end=\"292\"><br data-start=\"1176\" data-end=\"1179\" \/>Das in Gabelstapleranwendungen verwendete <strong data-start=\"1221\" data-end=\"1269\">Jungheinrich ERE120 rechter Armlehnenpolster<\/strong> ist ein ergonomisches und robustes Teil, das die Armst\u00fctze des Bedieners unterst\u00fctzt. Hergestellt aus hochwertigen Materialien, erh\u00f6ht es den Komfort und bietet eine lange Lebensdauer. Es dient als rechtes Armlehnenpolster beim Gabelstaplereinsatz.<\/p>\n<p data-start=\"1520\" data-end=\"1833\"><strong data-start=\"1520\" data-end=\"1538\">Eigenschaften:<\/strong><br data-start=\"1538\" data-end=\"1541\" \/><strong data-start=\"1541\" data-end=\"1557\">Produktname:<\/strong> Jungheinrich ERE120 rechter Armlehnenpolster<br data-start=\"1602\" data-end=\"1605\" \/><strong data-start=\"1605\" data-end=\"1621\">Teilenummer:<\/strong> 51437760<br data-start=\"1630\" data-end=\"1633\" \/><strong data-start=\"1633\" data-end=\"1646\">Material:<\/strong> Robuster Kunststoff und Schaumstoff<br data-start=\"1682\" data-end=\"1685\" \/><strong data-start=\"1685\" data-end=\"1707\">Anwendungsbereich:<\/strong> Jungheinrich ERE120 Bediener-Armst\u00fctzsysteme<br data-start=\"1752\" data-end=\"1755\" \/><strong data-start=\"1755\" data-end=\"1767\">Vorteil:<\/strong> Ergonomisches Design, komfortsteigernd, langlebige Konstruktion<\/p>\n<p data-start=\"1835\" data-end=\"2169\">\n","protected":false},"featured_media":15062,"template":"","meta":[],"product_brand":[],"product_cat":[236,470,522],"product_tag":[],"class_list":{"0":"post-15060","1":"product","2":"type-product","3":"status-publish","4":"has-post-thumbnail","6":"product_cat-jungheinrich","7":"product_cat-diger-yedek-parcalar","8":"product_cat-yedek-parca-jungheinrich","10":"first","11":"instock","12":"taxable","13":"shipping-taxable","14":"purchasable","15":"product-type-simple"},"_links":{"self":[{"href":"https:\/\/ceoparts.com\/de\/wp-json\/wp\/v2\/product\/15060","targetHints":{"allow":["GET"]}}],"collection":[{"href":"https:\/\/ceoparts.com\/de\/wp-json\/wp\/v2\/product"}],"about":[{"href":"https:\/\/ceoparts.com\/de\/wp-json\/wp\/v2\/types\/product"}],"wp:featuredmedia":[{"embeddable":true,"href":"https:\/\/ceoparts.com\/de\/wp-json\/wp\/v2\/media\/15062"}],"wp:attachment":[{"href":"https:\/\/ceoparts.com\/de\/wp-json\/wp\/v2\/media?parent=15060"}],"wp:term":[{"taxonomy":"product_brand","embeddable":true,"href":"https:\/\/ceoparts.com\/de\/wp-json\/wp\/v2\/product_brand?post=15060"},{"taxonomy":"product_cat","embeddable":true,"href":"https:\/\/ceoparts.com\/de\/wp-json\/wp\/v2\/product_cat?post=15060"},{"taxonomy":"product_tag","embeddable":true,"href":"https:\/\/ceoparts.com\/de\/wp-json\/wp\/v2\/product_tag?post=15060"}],"curies":[{"name":"wp","href":"https:\/\/api.w.org\/{rel}","templated":true}]}}