{"id":15143,"date":"2025-02-19T15:06:46","date_gmt":"2025-02-19T12:06:46","guid":{"rendered":"https:\/\/ceoparts.com\/?post_type=product&#038;p=15143"},"modified":"2026-05-16T19:47:46","modified_gmt":"2026-05-16T16:47:46","slug":"still-potansiyometre-8408841","status":"publish","type":"product","link":"https:\/\/ceoparts.com\/de\/urun\/still-potansiyometre-8408841\/","title":{"rendered":"Still Potentiometer &#8211; 8408841"},"content":{"rendered":"<p>Still Potentiometer &#8211; 8408841<\/p>\n<p>Still 408841, 8408841<\/p>\n<p>Linde 7916497904<\/p>\n<p>FM-X 12<\/p>\n<p>EK 11<\/p>\n<p>EK 12<\/p>","protected":false},"excerpt":{"rendered":"<p data-start=\"0\" data-end=\"303\"><br data-start=\"1119\" data-end=\"1122\" \/>Das in Gabelstapleranwendungen verwendete <strong data-start=\"1164\" data-end=\"1187\">Still Potentiometer<\/strong> ist eine robuste und zuverl\u00e4ssige Komponente, die f\u00fcr pr\u00e4zise Einstellungen und Steuerungen in verschiedenen elektrischen Steuerungen des Gabelstaplers entwickelt wurde. Hergestellt aus hochwertigen Materialien, ist es langlebig und widerstandsf\u00e4hig gegen raue Arbeitsbedingungen.<\/p>\n<p data-start=\"1470\" data-end=\"1754\"><strong data-start=\"1470\" data-end=\"1488\">Eigenschaften:<\/strong><br data-start=\"1488\" data-end=\"1491\" \/><strong data-start=\"1491\" data-end=\"1507\">Produktname:<\/strong> Still Potentiometer<br data-start=\"1527\" data-end=\"1530\" \/><strong data-start=\"1530\" data-end=\"1546\">Teilenummer:<\/strong> 8408841<br data-start=\"1554\" data-end=\"1557\" \/><strong data-start=\"1557\" data-end=\"1570\">Material:<\/strong> Robuste elektronische Komponenten<br data-start=\"1604\" data-end=\"1607\" \/><strong data-start=\"1607\" data-end=\"1629\">Anwendungsbereich:<\/strong> Elektrische Steuerungssysteme von Gabelstaplern<br data-start=\"1677\" data-end=\"1680\" \/><strong data-start=\"1680\" data-end=\"1692\">Vorteil:<\/strong> Pr\u00e4zise Steuerung, lange Lebensdauer, zuverl\u00e4ssige Leistung<\/p>\n<p data-start=\"1756\" data-end=\"2062\">\n","protected":false},"featured_media":15145,"template":"","meta":[],"product_brand":[],"product_cat":[241,246,470,523,524],"product_tag":[],"class_list":{"0":"post-15143","1":"product","2":"type-product","3":"status-publish","4":"has-post-thumbnail","6":"product_cat-still","7":"product_cat-linde","8":"product_cat-diger-yedek-parcalar","9":"product_cat-yedek-parca-linde","10":"product_cat-yedek-parca-still","12":"first","13":"instock","14":"taxable","15":"shipping-taxable","16":"purchasable","17":"product-type-simple"},"_links":{"self":[{"href":"https:\/\/ceoparts.com\/de\/wp-json\/wp\/v2\/product\/15143","targetHints":{"allow":["GET"]}}],"collection":[{"href":"https:\/\/ceoparts.com\/de\/wp-json\/wp\/v2\/product"}],"about":[{"href":"https:\/\/ceoparts.com\/de\/wp-json\/wp\/v2\/types\/product"}],"wp:featuredmedia":[{"embeddable":true,"href":"https:\/\/ceoparts.com\/de\/wp-json\/wp\/v2\/media\/15145"}],"wp:attachment":[{"href":"https:\/\/ceoparts.com\/de\/wp-json\/wp\/v2\/media?parent=15143"}],"wp:term":[{"taxonomy":"product_brand","embeddable":true,"href":"https:\/\/ceoparts.com\/de\/wp-json\/wp\/v2\/product_brand?post=15143"},{"taxonomy":"product_cat","embeddable":true,"href":"https:\/\/ceoparts.com\/de\/wp-json\/wp\/v2\/product_cat?post=15143"},{"taxonomy":"product_tag","embeddable":true,"href":"https:\/\/ceoparts.com\/de\/wp-json\/wp\/v2\/product_tag?post=15143"}],"curies":[{"name":"wp","href":"https:\/\/api.w.org\/{rel}","templated":true}]}}