{"id":15201,"date":"2025-02-20T09:54:34","date_gmt":"2025-02-20T06:54:34","guid":{"rendered":"https:\/\/ceoparts.com\/?post_type=product&#038;p=15201"},"modified":"2026-05-16T17:47:12","modified_gmt":"2026-05-16T14:47:12","slug":"bt-rre160-makara-yayi","status":"publish","type":"product","link":"https:\/\/ceoparts.com\/de\/urun\/bt-rre160-makara-yayi\/","title":{"rendered":"BT RRE160 Riemenfeder"},"content":{"rendered":"<p>BT RRE160 Riemenfeder<\/p>","protected":false},"excerpt":{"rendered":"<p data-start=\"0\" data-end=\"378\"><br data-start=\"1247\" data-end=\"1250\" \/>Die in Gabelstapleranwendungen verwendete <strong data-start=\"1292\" data-end=\"1331\">BT RRE160 Feder f\u00fcr Schlauchtrommel<\/strong> wurde entwickelt, um einen ausgeglichenen und kontrollierten Betrieb der Schlauchtrommeln zu gew\u00e4hrleisten. Ihre flexible und langlebige Bauweise sorgt f\u00fcr einen reibungslosen Ablauf des Systems und verhindert ein Durchh\u00e4ngen oder unregelm\u00e4\u00dfige Bewegungen des Schlauchs. Sie ist langlebig und einfach zu montieren.<\/p>\n<p data-start=\"1648\" data-end=\"1951\"><strong data-start=\"1648\" data-end=\"1666\">Eigenschaften:<\/strong><br data-start=\"1666\" data-end=\"1669\" \/><strong data-start=\"1669\" data-end=\"1685\">Produktname:<\/strong> BT RRE160 Feder f\u00fcr Schlauchtrommel<br data-start=\"1721\" data-end=\"1724\" \/><strong data-start=\"1724\" data-end=\"1740\">Teilenummer:<\/strong> Nicht angegeben<br data-start=\"1756\" data-end=\"1759\" \/><strong data-start=\"1759\" data-end=\"1772\">Material:<\/strong> Hochwertiger Stahlfeder<br data-start=\"1796\" data-end=\"1799\" \/><strong data-start=\"1799\" data-end=\"1821\">Anwendungsbereich:<\/strong> Schlauchtrommelsysteme f\u00fcr Gabelstapler<br data-start=\"1861\" data-end=\"1864\" \/><strong data-start=\"1864\" data-end=\"1876\">Vorteil:<\/strong> Ausgeglichener Betrieb, lange Lebensdauer, flexible und robuste Bauweise<\/p>\n<p data-start=\"1953\" data-end=\"2283\">\n","protected":false},"featured_media":15203,"template":"","meta":[],"product_brand":[],"product_cat":[251,470,518],"product_tag":[],"class_list":{"0":"post-15201","1":"product","2":"type-product","3":"status-publish","4":"has-post-thumbnail","6":"product_cat-bt","7":"product_cat-diger-yedek-parcalar","8":"product_cat-yedek-parca-bt","10":"first","11":"instock","12":"taxable","13":"shipping-taxable","14":"purchasable","15":"product-type-simple"},"_links":{"self":[{"href":"https:\/\/ceoparts.com\/de\/wp-json\/wp\/v2\/product\/15201","targetHints":{"allow":["GET"]}}],"collection":[{"href":"https:\/\/ceoparts.com\/de\/wp-json\/wp\/v2\/product"}],"about":[{"href":"https:\/\/ceoparts.com\/de\/wp-json\/wp\/v2\/types\/product"}],"wp:featuredmedia":[{"embeddable":true,"href":"https:\/\/ceoparts.com\/de\/wp-json\/wp\/v2\/media\/15203"}],"wp:attachment":[{"href":"https:\/\/ceoparts.com\/de\/wp-json\/wp\/v2\/media?parent=15201"}],"wp:term":[{"taxonomy":"product_brand","embeddable":true,"href":"https:\/\/ceoparts.com\/de\/wp-json\/wp\/v2\/product_brand?post=15201"},{"taxonomy":"product_cat","embeddable":true,"href":"https:\/\/ceoparts.com\/de\/wp-json\/wp\/v2\/product_cat?post=15201"},{"taxonomy":"product_tag","embeddable":true,"href":"https:\/\/ceoparts.com\/de\/wp-json\/wp\/v2\/product_tag?post=15201"}],"curies":[{"name":"wp","href":"https:\/\/api.w.org\/{rel}","templated":true}]}}