{"id":15214,"date":"2025-02-20T10:42:13","date_gmt":"2025-02-20T07:42:13","guid":{"rendered":"https:\/\/ceoparts.com\/?post_type=product&#038;p=15214"},"modified":"2026-05-16T15:35:32","modified_gmt":"2026-05-16T12:35:32","slug":"jungheinrich-aku-kilit-tutamagi-efg-51095569","status":"publish","type":"product","link":"https:\/\/ceoparts.com\/de\/urun\/jungheinrich-aku-kilit-tutamagi-efg-51095569\/","title":{"rendered":"Jungheinrich Batterieverschlussgriff EFG &#8211; 51095569"},"content":{"rendered":"<p>Jungheinrich Batterieverschlussgriff EFG &#8211; 51095569<\/p>","protected":false},"excerpt":{"rendered":"<p data-start=\"0\" data-end=\"339\"><br data-start=\"1221\" data-end=\"1224\" \/>Der in Gabelstapleranwendungen verwendete <strong data-start=\"1266\" data-end=\"1314\">Jungheinrich Batterie-Verriegelungsgriff EFG<\/strong> sorgt f\u00fcr das sichere und stabile Verschlie\u00dfen des Batteriefachs des Staplers. Dank seiner robusten und ergonomischen Bauweise l\u00e4sst sich der Batteriedeckel leicht \u00f6ffnen und schlie\u00dfen. Er ist verschlei\u00dffest und f\u00fcr den langfristigen Einsatz unter harten Arbeitsbedingungen geeignet.<\/p>\n<p data-start=\"1600\" data-end=\"1913\"><strong data-start=\"1600\" data-end=\"1618\">Eigenschaften:<\/strong><br data-start=\"1618\" data-end=\"1621\" \/><strong data-start=\"1621\" data-end=\"1637\">Produktname:<\/strong> Jungheinrich Batterie-Verriegelungsgriff EFG<br data-start=\"1682\" data-end=\"1685\" \/><strong data-start=\"1685\" data-end=\"1701\">Teilenummer:<\/strong> 51095569<br data-start=\"1710\" data-end=\"1713\" \/><strong data-start=\"1713\" data-end=\"1726\">Material:<\/strong> Hochfester Kunststoff und Metall<br data-start=\"1759\" data-end=\"1762\" \/><strong data-start=\"1762\" data-end=\"1784\">Anwendungsbereich:<\/strong> Verriegelungssysteme f\u00fcr Batterief\u00e4cher von Gabelstaplern<br data-start=\"1842\" data-end=\"1845\" \/><strong data-start=\"1845\" data-end=\"1857\">Vorteil:<\/strong> Sichere Anwendung, stabile Bauweise, einfache Montage<\/p>\n<p data-start=\"1915\" data-end=\"2240\">\n","protected":false},"featured_media":15216,"template":"","meta":[],"product_brand":[],"product_cat":[236,443,522],"product_tag":[],"class_list":{"0":"post-15214","1":"product","2":"type-product","3":"status-publish","4":"has-post-thumbnail","6":"product_cat-jungheinrich","7":"product_cat-aku-parcalari","8":"product_cat-yedek-parca-jungheinrich","10":"first","11":"instock","12":"taxable","13":"shipping-taxable","14":"purchasable","15":"product-type-simple"},"_links":{"self":[{"href":"https:\/\/ceoparts.com\/de\/wp-json\/wp\/v2\/product\/15214","targetHints":{"allow":["GET"]}}],"collection":[{"href":"https:\/\/ceoparts.com\/de\/wp-json\/wp\/v2\/product"}],"about":[{"href":"https:\/\/ceoparts.com\/de\/wp-json\/wp\/v2\/types\/product"}],"wp:featuredmedia":[{"embeddable":true,"href":"https:\/\/ceoparts.com\/de\/wp-json\/wp\/v2\/media\/15216"}],"wp:attachment":[{"href":"https:\/\/ceoparts.com\/de\/wp-json\/wp\/v2\/media?parent=15214"}],"wp:term":[{"taxonomy":"product_brand","embeddable":true,"href":"https:\/\/ceoparts.com\/de\/wp-json\/wp\/v2\/product_brand?post=15214"},{"taxonomy":"product_cat","embeddable":true,"href":"https:\/\/ceoparts.com\/de\/wp-json\/wp\/v2\/product_cat?post=15214"},{"taxonomy":"product_tag","embeddable":true,"href":"https:\/\/ceoparts.com\/de\/wp-json\/wp\/v2\/product_tag?post=15214"}],"curies":[{"name":"wp","href":"https:\/\/api.w.org\/{rel}","templated":true}]}}