{"id":15225,"date":"2025-02-20T11:23:32","date_gmt":"2025-02-20T08:23:32","guid":{"rendered":"https:\/\/ceoparts.com\/?post_type=product&#038;p=15225"},"modified":"2026-05-16T22:12:04","modified_gmt":"2026-05-16T19:12:04","slug":"jungheinrich-koruma-kapagi-50469542","status":"publish","type":"product","link":"https:\/\/ceoparts.com\/de\/urun\/jungheinrich-koruma-kapagi-50469542\/","title":{"rendered":"Jungheinrich Schutzabdeckung &#8211; 50469542"},"content":{"rendered":"<p>Jungheinrich Schutzabdeckung &#8211; 50469542<\/p>","protected":false},"excerpt":{"rendered":"<p data-start=\"0\" data-end=\"364\"><br data-start=\"1294\" data-end=\"1297\" \/>Die in Gabelstapleranwendungen verwendete <strong data-start=\"1339\" data-end=\"1371\">Jungheinrich Schutzabdeckung<\/strong> wurde speziell entwickelt, um die inneren Mechanismen des Staplers vor \u00e4u\u00dferen Einfl\u00fcssen, Staub und St\u00f6\u00dfen zu sch\u00fctzen. Die stabile und langlebige Bauweise erm\u00f6glicht einen langfristigen Einsatz. Sie ist verformungsbest\u00e4ndig bei rauen Arbeitsbedingungen und tr\u00e4gt zu einem sicheren und effizienten Betrieb des Staplers bei.<\/p>\n<p data-start=\"1698\" data-end=\"1987\"><strong data-start=\"1698\" data-end=\"1716\">Eigenschaften:<\/strong><br data-start=\"1716\" data-end=\"1719\" \/><strong data-start=\"1719\" data-end=\"1735\">Produktname:<\/strong> Jungheinrich Schutzabdeckung<br data-start=\"1764\" data-end=\"1767\" \/><strong data-start=\"1767\" data-end=\"1783\">Teilenummer:<\/strong> 50469542<br data-start=\"1792\" data-end=\"1795\" \/><strong data-start=\"1795\" data-end=\"1808\">Material:<\/strong> Hochfester Kunststoff<br data-start=\"1830\" data-end=\"1833\" \/><strong data-start=\"1833\" data-end=\"1855\">Anwendungsbereich:<\/strong> Schutzsysteme f\u00fcr Innenbauteile und Mechanismen von Gabelstaplern<br data-start=\"1921\" data-end=\"1924\" \/><strong data-start=\"1924\" data-end=\"1936\">Vorteil:<\/strong> Umweltschutz, stabile Bauweise, einfache Montage<\/p>\n<p data-start=\"1989\" data-end=\"2337\">\n","protected":false},"featured_media":15227,"template":"","meta":[],"product_brand":[],"product_cat":[522,236,472],"product_tag":[],"class_list":{"0":"post-15225","1":"product","2":"type-product","3":"status-publish","4":"has-post-thumbnail","6":"product_cat-yedek-parca-jungheinrich","7":"product_cat-jungheinrich","8":"product_cat-kaporta-aksami","10":"first","11":"instock","12":"taxable","13":"shipping-taxable","14":"purchasable","15":"product-type-simple"},"_links":{"self":[{"href":"https:\/\/ceoparts.com\/de\/wp-json\/wp\/v2\/product\/15225","targetHints":{"allow":["GET"]}}],"collection":[{"href":"https:\/\/ceoparts.com\/de\/wp-json\/wp\/v2\/product"}],"about":[{"href":"https:\/\/ceoparts.com\/de\/wp-json\/wp\/v2\/types\/product"}],"wp:featuredmedia":[{"embeddable":true,"href":"https:\/\/ceoparts.com\/de\/wp-json\/wp\/v2\/media\/15227"}],"wp:attachment":[{"href":"https:\/\/ceoparts.com\/de\/wp-json\/wp\/v2\/media?parent=15225"}],"wp:term":[{"taxonomy":"product_brand","embeddable":true,"href":"https:\/\/ceoparts.com\/de\/wp-json\/wp\/v2\/product_brand?post=15225"},{"taxonomy":"product_cat","embeddable":true,"href":"https:\/\/ceoparts.com\/de\/wp-json\/wp\/v2\/product_cat?post=15225"},{"taxonomy":"product_tag","embeddable":true,"href":"https:\/\/ceoparts.com\/de\/wp-json\/wp\/v2\/product_tag?post=15225"}],"curies":[{"name":"wp","href":"https:\/\/api.w.org\/{rel}","templated":true}]}}