{"id":15240,"date":"2025-02-20T11:30:04","date_gmt":"2025-02-20T08:30:04","guid":{"rendered":"https:\/\/ceoparts.com\/?post_type=product&#038;p=15240"},"modified":"2026-05-16T17:51:47","modified_gmt":"2026-05-16T14:51:47","slug":"linde-kaucuk-takoz-0009654107","status":"publish","type":"product","link":"https:\/\/ceoparts.com\/de\/urun\/linde-kaucuk-takoz-0009654107\/","title":{"rendered":"Linde Gummiblock &#8211; 0009654107"},"content":{"rendered":"<p>Linde Gummiblock &#8211; 0009654107<\/p>\n<p>Linde 0009654140<\/p>\n<p>Seria: 386-25 Typ: E14-20 Ex &#8211; Zone 1, 2 (2G, 3G)<br \/>\nSeria: 386-00 Typ: E12\/14\/15\/16\/18\/20 &#8211; 02<br \/>\nSeria: 386 Typ: E12\/14\/15\/16\/18\/20<br \/>\nSeria: 391-01 Typ: H14\/16\/18\/20<\/p>","protected":false},"excerpt":{"rendered":"<p data-start=\"68\" data-end=\"384\"><br data-start=\"1258\" data-end=\"1261\" \/>Der in Gabelstapleranwendungen verwendete <strong data-start=\"1303\" data-end=\"1324\">Linde Gummipuffer<\/strong> sch\u00fctzt das Fahrgestell und die Ausr\u00fcstungsteile des Staplers dank seiner sto\u00dfd\u00e4mpfenden Eigenschaft vor m\u00f6glichen St\u00f6\u00dfen und Vibrationen. Seine flexible und widerstandsf\u00e4hige Struktur sorgt f\u00fcr eine lange Lebensdauer. Widerstandsf\u00e4hig gegen Verformungen in rauen Arbeitsumgebungen und verbessert die Leistung des Gabelstaplers.<\/p>\n<p data-start=\"1655\" data-end=\"1949\"><strong data-start=\"1655\" data-end=\"1673\">Eigenschaften:<\/strong><br data-start=\"1673\" data-end=\"1676\" \/><strong data-start=\"1676\" data-end=\"1692\">Produktname:<\/strong> Linde Gummipuffer<br data-start=\"1710\" data-end=\"1713\" \/><strong data-start=\"1713\" data-end=\"1729\">Teilenummer:<\/strong> 0009654107<br data-start=\"1740\" data-end=\"1743\" \/><strong data-start=\"1743\" data-end=\"1756\">Material:<\/strong> Hochwertiger Gummi<br data-start=\"1775\" data-end=\"1778\" \/><strong data-start=\"1778\" data-end=\"1800\">Anwendungsbereich:<\/strong> Schutzsysteme f\u00fcr Fahrgestell und Ausr\u00fcstung von Gabelstaplern<br data-start=\"1863\" data-end=\"1866\" \/><strong data-start=\"1866\" data-end=\"1878\">Vorteil:<\/strong> Sto\u00dfd\u00e4mpfende Struktur, lange Lebensdauer, hohe Widerstandsf\u00e4higkeit<\/p>\n<p data-start=\"1951\" data-end=\"2275\">\n","protected":false},"featured_media":15242,"template":"","meta":[],"product_brand":[],"product_cat":[246,470,523],"product_tag":[],"class_list":{"0":"post-15240","1":"product","2":"type-product","3":"status-publish","4":"has-post-thumbnail","6":"product_cat-linde","7":"product_cat-diger-yedek-parcalar","8":"product_cat-yedek-parca-linde","10":"first","11":"instock","12":"taxable","13":"shipping-taxable","14":"purchasable","15":"product-type-simple"},"_links":{"self":[{"href":"https:\/\/ceoparts.com\/de\/wp-json\/wp\/v2\/product\/15240","targetHints":{"allow":["GET"]}}],"collection":[{"href":"https:\/\/ceoparts.com\/de\/wp-json\/wp\/v2\/product"}],"about":[{"href":"https:\/\/ceoparts.com\/de\/wp-json\/wp\/v2\/types\/product"}],"wp:featuredmedia":[{"embeddable":true,"href":"https:\/\/ceoparts.com\/de\/wp-json\/wp\/v2\/media\/15242"}],"wp:attachment":[{"href":"https:\/\/ceoparts.com\/de\/wp-json\/wp\/v2\/media?parent=15240"}],"wp:term":[{"taxonomy":"product_brand","embeddable":true,"href":"https:\/\/ceoparts.com\/de\/wp-json\/wp\/v2\/product_brand?post=15240"},{"taxonomy":"product_cat","embeddable":true,"href":"https:\/\/ceoparts.com\/de\/wp-json\/wp\/v2\/product_cat?post=15240"},{"taxonomy":"product_tag","embeddable":true,"href":"https:\/\/ceoparts.com\/de\/wp-json\/wp\/v2\/product_tag?post=15240"}],"curies":[{"name":"wp","href":"https:\/\/api.w.org\/{rel}","templated":true}]}}