{"id":15248,"date":"2025-02-20T11:54:05","date_gmt":"2025-02-20T08:54:05","guid":{"rendered":"https:\/\/ceoparts.com\/?post_type=product&#038;p=15248"},"modified":"2026-05-16T16:34:23","modified_gmt":"2026-05-16T13:34:23","slug":"bt-rre160-hortum-makarasi-7591889","status":"publish","type":"product","link":"https:\/\/ceoparts.com\/de\/urun\/bt-rre160-hortum-makarasi-7591889\/","title":{"rendered":"BT RRE160 Schlauchaufroller &#8211; 7591889"},"content":{"rendered":"<p>BT RRE160 Schlauchaufroller &#8211; 7591889<\/p>","protected":false},"excerpt":{"rendered":"<p data-start=\"72\" data-end=\"450\"><strong data-start=\"72\" data-end=\"81\"><\/strong><br data-start=\"1295\" data-end=\"1298\" \/>Die <strong data-start=\"1302\" data-end=\"1331\">BT RRE160 Schlauchtrommel<\/strong> wurde f\u00fcr den sicheren und ordentlichen Betrieb von Hydraulikschl\u00e4uchen bei Gabelstaplern entwickelt. Dank ihrer hochwertigen und stabilen Konstruktion verhindert sie das Verschlei\u00dfen und Durchh\u00e4ngen der Schl\u00e4uche und erh\u00f6ht so die Effizienz und Sicherheit des Fahrzeugs. Einfach zu montieren und ideal f\u00fcr den langfristigen Einsatz.<\/p>\n<p data-start=\"1667\" data-end=\"1953\"><strong data-start=\"1667\" data-end=\"1685\">Eigenschaften:<\/strong><br data-start=\"1685\" data-end=\"1688\" \/><strong data-start=\"1688\" data-end=\"1704\">Produktname:<\/strong> BT RRE160 Schlauchtrommel<br data-start=\"1730\" data-end=\"1733\" \/><strong data-start=\"1733\" data-end=\"1749\">Teilenummer:<\/strong> 7591889<br data-start=\"1757\" data-end=\"1760\" \/><strong data-start=\"1760\" data-end=\"1773\">Material:<\/strong> Hochfester Metallwerkstoff<br data-start=\"1800\" data-end=\"1803\" \/><strong data-start=\"1803\" data-end=\"1825\">Anwendungsbereich:<\/strong> Hydraulikschlauchf\u00fchrung bei Gabelstaplern<br data-start=\"1868\" data-end=\"1871\" \/><strong data-start=\"1871\" data-end=\"1883\">Vorteil:<\/strong> Verl\u00e4ngert Schlauchlebensdauer, sicheres Arbeiten, einfache Montage<\/p>\n<p data-start=\"1955\" data-end=\"2296\"><strong data-start=\"1955\" data-end=\"1964\"><\/p>\n","protected":false},"featured_media":15250,"template":"","meta":[],"product_brand":[],"product_cat":[251,470,518],"product_tag":[],"class_list":{"0":"post-15248","1":"product","2":"type-product","3":"status-publish","4":"has-post-thumbnail","6":"product_cat-bt","7":"product_cat-diger-yedek-parcalar","8":"product_cat-yedek-parca-bt","10":"first","11":"instock","12":"taxable","13":"shipping-taxable","14":"purchasable","15":"product-type-simple"},"_links":{"self":[{"href":"https:\/\/ceoparts.com\/de\/wp-json\/wp\/v2\/product\/15248","targetHints":{"allow":["GET"]}}],"collection":[{"href":"https:\/\/ceoparts.com\/de\/wp-json\/wp\/v2\/product"}],"about":[{"href":"https:\/\/ceoparts.com\/de\/wp-json\/wp\/v2\/types\/product"}],"wp:featuredmedia":[{"embeddable":true,"href":"https:\/\/ceoparts.com\/de\/wp-json\/wp\/v2\/media\/15250"}],"wp:attachment":[{"href":"https:\/\/ceoparts.com\/de\/wp-json\/wp\/v2\/media?parent=15248"}],"wp:term":[{"taxonomy":"product_brand","embeddable":true,"href":"https:\/\/ceoparts.com\/de\/wp-json\/wp\/v2\/product_brand?post=15248"},{"taxonomy":"product_cat","embeddable":true,"href":"https:\/\/ceoparts.com\/de\/wp-json\/wp\/v2\/product_cat?post=15248"},{"taxonomy":"product_tag","embeddable":true,"href":"https:\/\/ceoparts.com\/de\/wp-json\/wp\/v2\/product_tag?post=15248"}],"curies":[{"name":"wp","href":"https:\/\/api.w.org\/{rel}","templated":true}]}}